{"id":11,"date":"2025-01-06T20:06:09","date_gmt":"2025-01-06T17:06:09","guid":{"rendered":"https:\/\/iqosprime.com\/index.php\/sepet\/"},"modified":"2025-01-13T12:00:01","modified_gmt":"2025-01-13T09:00:01","slug":"sepet","status":"publish","type":"page","link":"https:\/\/iqosprime.com\/en\/sepet\/","title":{"rendered":"Sepet"},"content":{"rendered":"<div data-block-name=\"woocommerce\/cart\" class=\"wp-block-woocommerce-cart alignwide is-loading\">\n<div data-block-name=\"woocommerce\/filled-cart-block\" class=\"wp-block-woocommerce-filled-cart-block\">\n<div data-block-name=\"woocommerce\/cart-items-block\" class=\"wp-block-woocommerce-cart-items-block\">\n<div data-block-name=\"woocommerce\/cart-line-items-block\" class=\"wp-block-woocommerce-cart-line-items-block\"><\/div>\n\n\n\n<div data-block-name=\"woocommerce\/cart-cross-sells-block\" class=\"wp-block-woocommerce-cart-cross-sells-block\">\n<h2 class=\"wp-block-heading has-large-font-size\">\u0130lginizi \u00e7ekebilir\u2026<\/h2>\n\n\n\n<div data-block-name=\"woocommerce\/cart-cross-sells-products-block\" class=\"wp-block-woocommerce-cart-cross-sells-products-block\"><\/div>\n<\/div>\n<\/div>\n\n\n\n<div data-block-name=\"woocommerce\/cart-totals-block\" class=\"wp-block-woocommerce-cart-totals-block\">\n<div data-block-name=\"woocommerce\/cart-order-summary-block\" class=\"wp-block-woocommerce-cart-order-summary-block\">\n<div data-block-name=\"woocommerce\/cart-order-summary-heading-block\" class=\"wp-block-woocommerce-cart-order-summary-heading-block\"><\/div><div data-block-name=\"woocommerce\/cart-order-summary-coupon-form-block\" class=\"wp-block-woocommerce-cart-order-summary-coupon-form-block\"><\/div><div data-block-name=\"woocommerce\/cart-order-summary-totals-block\" class=\"wp-block-woocommerce-cart-order-summary-totals-block\">\n<div data-block-name=\"woocommerce\/cart-order-summary-subtotal-block\" class=\"wp-block-woocommerce-cart-order-summary-subtotal-block\"><\/div>\n<div data-block-name=\"woocommerce\/cart-order-summary-discount-block\" class=\"wp-block-woocommerce-cart-order-summary-discount-block\"><\/div>\n<div data-block-name=\"woocommerce\/cart-order-summary-fee-block\" class=\"wp-block-woocommerce-cart-order-summary-fee-block\"><\/div>\n<div data-block-name=\"woocommerce\/cart-order-summary-shipping-block\" class=\"wp-block-woocommerce-cart-order-summary-shipping-block\"><\/div>\n<div data-block-name=\"woocommerce\/cart-order-summary-taxes-block\" class=\"wp-block-woocommerce-cart-order-summary-taxes-block\"><\/div><\/div>\n<\/div>\n\n\n\n<div data-block-name=\"woocommerce\/cart-express-payment-block\" class=\"wp-block-woocommerce-cart-express-payment-block\"><\/div>\n\n\n\n<div data-block-name=\"woocommerce\/proceed-to-checkout-block\" class=\"wp-block-woocommerce-proceed-to-checkout-block\"><\/div>\n\n\n\n<div data-block-name=\"woocommerce\/cart-accepted-payment-methods-block\" class=\"wp-block-woocommerce-cart-accepted-payment-methods-block\"><\/div>\n<\/div>\n<\/div>\n\n\n\n<div data-block-name=\"woocommerce\/empty-cart-block\" class=\"wp-block-woocommerce-empty-cart-block\">\n<h2 class=\"wp-block-heading has-text-align-center with-empty-cart-icon wc-block-cart__empty-cart__title\">Sepetiniz \u015fu anda bo\u015f!<\/h2>\n\n\n\n<hr class=\"wp-block-separator has-alpha-channel-opacity is-style-dots\"\/>\n\n\n\n<h2 class=\"wp-block-heading has-text-align-center\">Ma\u011fazada yeni<\/h2>\n\n\n<div data-block-name=\"woocommerce\/product-new\" data-columns=\"4\" data-rows=\"1\" class=\"wc-block-grid wp-block-product-new wp-block-woocommerce-product-new wc-block-product-new has-4-columns\"><ul class=\"wc-block-grid__products\"><li class=\"wc-block-grid__product\">\n\t\t\t\t<a href=\"https:\/\/iqosprime.com\/en\/product\/veev-one-cihaz-electric-purple\/\" class=\"wc-block-grid__product-link\">\n\t\t\t\t\t\n\t\t\t\t\t<div class=\"wc-block-grid__product-image\"><img loading=\"lazy\" decoding=\"async\" width=\"300\" height=\"300\" src=\"https:\/\/iqosprime.com\/wp-content\/uploads\/2026\/02\/51MfJ2IXW4L._AC_UF10001000_QL80_-300x300.jpg\" class=\"attachment-woocommerce_thumbnail size-woocommerce_thumbnail\" alt=\"VEEV ONE C\u0130HAZ : ELECTR\u0130C PURPLE\" srcset=\"https:\/\/iqosprime.com\/wp-content\/uploads\/2026\/02\/51MfJ2IXW4L._AC_UF10001000_QL80_-300x300.jpg 300w, https:\/\/iqosprime.com\/wp-content\/uploads\/2026\/02\/51MfJ2IXW4L._AC_UF10001000_QL80_-150x150.jpg 150w, https:\/\/iqosprime.com\/wp-content\/uploads\/2026\/02\/51MfJ2IXW4L._AC_UF10001000_QL80_-90x90.jpg 90w\" sizes=\"auto, (max-width: 300px) 100vw, 300px\" \/><\/div>\n\t\t\t\t\t<div class=\"wc-block-grid__product-title\">VEEV ONE C\u0130HAZ : ELECTR\u0130C PURPLE<\/div>\n\t\t\t\t<\/a>\n\t\t\t\t<div class=\"wc-block-grid__product-price price\"><span class=\"woocommerce-Price-amount amount\"><span class=\"woocommerce-Price-currencySymbol\">&#8378;<\/span>1.700,00<\/span><\/div>\n\t\t\t\t\n\t\t\t\t<div class=\"wp-block-button wc-block-grid__product-add-to-cart\"><a href=\"\/en\/wp-json\/wp\/v2\/pages\/11?add-to-cart=6515\" aria-label=\"Add to cart: \u201cVEEV ONE C\u0130HAZ : ELECTR\u0130C PURPLE\u201d\" data-quantity=\"1\" data-product_id=\"6515\" data-product_sku=\"\" data-price=\"1700\" rel=\"nofollow\" class=\"wp-block-button__link  add_to_cart_button ajax_add_to_cart\" data-no-translation=\"\" data-trp-gettext=\"\" data-no-translation-aria-label=\"\">Add to cart<\/a><\/div>\n\t\t\t<\/li><li class=\"wc-block-grid__product\">\n\t\t\t\t<a href=\"https:\/\/iqosprime.com\/en\/product\/veev-one-cihaz-gren\/\" class=\"wc-block-grid__product-link\">\n\t\t\t\t\t\n\t\t\t\t\t<div class=\"wc-block-grid__product-image\"><img loading=\"lazy\" decoding=\"async\" width=\"300\" height=\"300\" src=\"https:\/\/iqosprime.com\/wp-content\/uploads\/2026\/02\/51O4BBTQ2dL-300x300.jpg\" class=\"attachment-woocommerce_thumbnail size-woocommerce_thumbnail\" alt=\"VEEV ONE C\u0130HAZ : GREN\" srcset=\"https:\/\/iqosprime.com\/wp-content\/uploads\/2026\/02\/51O4BBTQ2dL-300x300.jpg 300w, https:\/\/iqosprime.com\/wp-content\/uploads\/2026\/02\/51O4BBTQ2dL-150x150.jpg 150w, https:\/\/iqosprime.com\/wp-content\/uploads\/2026\/02\/51O4BBTQ2dL-768x768.jpg 768w, https:\/\/iqosprime.com\/wp-content\/uploads\/2026\/02\/51O4BBTQ2dL-600x600.jpg 600w, https:\/\/iqosprime.com\/wp-content\/uploads\/2026\/02\/51O4BBTQ2dL-90x90.jpg 90w, https:\/\/iqosprime.com\/wp-content\/uploads\/2026\/02\/51O4BBTQ2dL.jpg 1000w\" sizes=\"auto, (max-width: 300px) 100vw, 300px\" \/><\/div>\n\t\t\t\t\t<div class=\"wc-block-grid__product-title\">VEEV ONE C\u0130HAZ : GREN<\/div>\n\t\t\t\t<\/a>\n\t\t\t\t<div class=\"wc-block-grid__product-price price\"><span class=\"woocommerce-Price-amount amount\"><span class=\"woocommerce-Price-currencySymbol\">&#8378;<\/span>1.700,00<\/span><\/div>\n\t\t\t\t\n\t\t\t\t<div class=\"wp-block-button wc-block-grid__product-add-to-cart\"><a href=\"\/en\/wp-json\/wp\/v2\/pages\/11?add-to-cart=6514\" aria-label=\"Add to cart: \u201cVEEV ONE C\u0130HAZ : GREN\u201d\" data-quantity=\"1\" data-product_id=\"6514\" data-product_sku=\"\" data-price=\"1700\" rel=\"nofollow\" class=\"wp-block-button__link  add_to_cart_button ajax_add_to_cart\" data-no-translation=\"\" data-trp-gettext=\"\" data-no-translation-aria-label=\"\">Add to cart<\/a><\/div>\n\t\t\t<\/li><li class=\"wc-block-grid__product\">\n\t\t\t\t<a href=\"https:\/\/iqosprime.com\/en\/product\/veev-one-cihaz-pink\/\" class=\"wc-block-grid__product-link\">\n\t\t\t\t\t\n\t\t\t\t\t<div class=\"wc-block-grid__product-image\"><img loading=\"lazy\" decoding=\"async\" width=\"300\" height=\"300\" src=\"https:\/\/iqosprime.com\/wp-content\/uploads\/2026\/02\/iqos-veev-one-pod-kit-luscious-pink-300x300.webp\" class=\"attachment-woocommerce_thumbnail size-woocommerce_thumbnail\" alt=\"VEEV ONE C\u0130HAZ : P\u0130NK\" srcset=\"https:\/\/iqosprime.com\/wp-content\/uploads\/2026\/02\/iqos-veev-one-pod-kit-luscious-pink-300x300.webp 300w, https:\/\/iqosprime.com\/wp-content\/uploads\/2026\/02\/iqos-veev-one-pod-kit-luscious-pink-150x150.webp 150w, https:\/\/iqosprime.com\/wp-content\/uploads\/2026\/02\/iqos-veev-one-pod-kit-luscious-pink-90x90.webp 90w\" sizes=\"auto, (max-width: 300px) 100vw, 300px\" \/><\/div>\n\t\t\t\t\t<div class=\"wc-block-grid__product-title\">VEEV ONE C\u0130HAZ : P\u0130NK<\/div>\n\t\t\t\t<\/a>\n\t\t\t\t<div class=\"wc-block-grid__product-price price\"><span class=\"woocommerce-Price-amount amount\"><span class=\"woocommerce-Price-currencySymbol\">&#8378;<\/span>1.700,00<\/span><\/div>\n\t\t\t\t\n\t\t\t\t<div class=\"wp-block-button wc-block-grid__product-add-to-cart\"><a href=\"\/en\/wp-json\/wp\/v2\/pages\/11?add-to-cart=6513\" aria-label=\"Add to cart: \u201cVEEV ONE C\u0130HAZ : P\u0130NK\u201d\" data-quantity=\"1\" data-product_id=\"6513\" data-product_sku=\"\" data-price=\"1700\" rel=\"nofollow\" class=\"wp-block-button__link  add_to_cart_button ajax_add_to_cart\" data-no-translation=\"\" data-trp-gettext=\"\" data-no-translation-aria-label=\"\">Add to cart<\/a><\/div>\n\t\t\t<\/li><li class=\"wc-block-grid__product\">\n\t\t\t\t<a href=\"https:\/\/iqosprime.com\/en\/product\/veev-one-cihaz-velvet-black\/\" class=\"wc-block-grid__product-link\">\n\t\t\t\t\t\n\t\t\t\t\t<div class=\"wc-block-grid__product-image\"><img loading=\"lazy\" decoding=\"async\" width=\"300\" height=\"300\" src=\"https:\/\/iqosprime.com\/wp-content\/uploads\/2026\/02\/VeevOneDeviceBox-300x300.webp\" class=\"attachment-woocommerce_thumbnail size-woocommerce_thumbnail\" alt=\"VEEV ONE C\u0130HAZ  : VELVET BLACK\" srcset=\"https:\/\/iqosprime.com\/wp-content\/uploads\/2026\/02\/VeevOneDeviceBox-300x300.webp 300w, https:\/\/iqosprime.com\/wp-content\/uploads\/2026\/02\/VeevOneDeviceBox-150x150.webp 150w, https:\/\/iqosprime.com\/wp-content\/uploads\/2026\/02\/VeevOneDeviceBox-600x600.webp 600w, https:\/\/iqosprime.com\/wp-content\/uploads\/2026\/02\/VeevOneDeviceBox-90x90.webp 90w, https:\/\/iqosprime.com\/wp-content\/uploads\/2026\/02\/VeevOneDeviceBox.webp 700w\" sizes=\"auto, (max-width: 300px) 100vw, 300px\" \/><\/div>\n\t\t\t\t\t<div class=\"wc-block-grid__product-title\">VEEV ONE C\u0130HAZ  : VELVET BLACK<\/div>\n\t\t\t\t<\/a>\n\t\t\t\t<div class=\"wc-block-grid__product-price price\"><span class=\"woocommerce-Price-amount amount\"><span class=\"woocommerce-Price-currencySymbol\">&#8378;<\/span>1.700,00<\/span><\/div>\n\t\t\t\t\n\t\t\t\t<div class=\"wp-block-button wc-block-grid__product-add-to-cart\"><a href=\"\/en\/wp-json\/wp\/v2\/pages\/11?add-to-cart=6506\" aria-label=\"Add to cart: \u201cVEEV ONE C\u0130HAZ  : VELVET BLACK\u201d\" data-quantity=\"1\" data-product_id=\"6506\" data-product_sku=\"\" data-price=\"1700\" rel=\"nofollow\" class=\"wp-block-button__link  add_to_cart_button ajax_add_to_cart\" data-no-translation=\"\" data-trp-gettext=\"\" data-no-translation-aria-label=\"\">Add to cart<\/a><\/div>\n\t\t\t<\/li><\/ul><\/div><\/div>\n<\/div>","protected":false},"excerpt":{"rendered":"\u0130lginizi \u00e7ekebilir\u2026 Sepetiniz \u015fu anda bo\u015f! Ma\u011fazada yeni","protected":false},"author":1,"featured_media":0,"parent":0,"menu_order":0,"comment_status":"closed","ping_status":"closed","template":"","meta":{"footnotes":""},"class_list":["post-11","page","type-page","status-publish","hentry"],"_links":{"self":[{"href":"https:\/\/iqosprime.com\/en\/wp-json\/wp\/v2\/pages\/11","targetHints":{"allow":["GET"]}}],"collection":[{"href":"https:\/\/iqosprime.com\/en\/wp-json\/wp\/v2\/pages"}],"about":[{"href":"https:\/\/iqosprime.com\/en\/wp-json\/wp\/v2\/types\/page"}],"author":[{"embeddable":true,"href":"https:\/\/iqosprime.com\/en\/wp-json\/wp\/v2\/users\/1"}],"replies":[{"embeddable":true,"href":"https:\/\/iqosprime.com\/en\/wp-json\/wp\/v2\/comments?post=11"}],"version-history":[{"count":1,"href":"https:\/\/iqosprime.com\/en\/wp-json\/wp\/v2\/pages\/11\/revisions"}],"predecessor-version":[{"id":18,"href":"https:\/\/iqosprime.com\/en\/wp-json\/wp\/v2\/pages\/11\/revisions\/18"}],"wp:attachment":[{"href":"https:\/\/iqosprime.com\/en\/wp-json\/wp\/v2\/media?parent=11"}],"curies":[{"name":"wp","href":"https:\/\/api.w.org\/{rel}","templated":true}]}}