{"id":72,"date":"2018-08-24T01:24:09","date_gmt":"2018-08-24T01:24:09","guid":{"rendered":"http:\/\/demo.roadthemes.com\/greenfarm\/?page_id=13"},"modified":"2026-03-12T14:31:21","modified_gmt":"2026-03-12T11:31:21","slug":"about-us","status":"publish","type":"page","link":"https:\/\/iqosprime.com\/en\/about-us\/","title":{"rendered":"Hakk\u0131m\u0131zda"},"content":{"rendered":"<div class=\"wpb-content-wrapper\"><div class=\"vc_row wpb_row vc_row-fluid row-about-1 vc_custom_1584694167124 vc_row-o-equal-height vc_row-flex\"><div class=\"wpb_column vc_column_container vc_col-sm-6\"><div class=\"vc_column-inner\"><div class=\"wpb_wrapper\"><h2 style=\"text-align: left\" class=\"vc_custom_heading vc_do_custom_heading\" >Hakk\u0131m\u0131zda<\/h2>\n\t<div class=\"wpb_raw_code wpb_raw_html wpb_content_element\" >\n\t\t<div class=\"wpb_wrapper\">\n\t\t\t \n\n<p>IQOS ve Terea \u00fcr\u00fcnlerine kolay, h\u0131zl\u0131 ve g\u00fcvenilir \u015fekilde ula\u015fabilmeniz i\u00e7in kurulmu\u015f olan iqosterea.com.tr, kullan\u0131c\u0131lar\u0131na kaliteli \u00fcr\u00fcn ve g\u00fcvenilir al\u0131\u015fveri\u015f deneyimi sunmay\u0131 hedefleyen bir platformdur.\n\nYeni nesil t\u00fct\u00fcn teknolojilerinin geli\u015fmesiyle birlikte d\u00fcnya genelinde b\u00fcy\u00fck ilgi g\u00f6ren IQOS uyumlu Terea \u00fcr\u00fcnleri, kullan\u0131c\u0131lar\u0131n farkl\u0131 aroma ve deneyimleri ke\u015ffetmesine olanak tan\u0131maktad\u0131r. Biz de bu alandaki g\u00fcncel \u00fcr\u00fcnleri, g\u00fcvenilir tedarik kaynaklar\u0131ndan temin ederek m\u00fc\u015fterilerimize ula\u015ft\u0131r\u0131yoruz.<\/p>\n<\/div>\n\t\t<\/div>\n\t<\/div>\n<\/div><\/div><\/div><div class=\"wpb_column vc_column_container vc_col-sm-6\"><div class=\"vc_column-inner\"><div class=\"wpb_wrapper\">\n\t<div  class=\"wpb_single_image wpb_content_element vc_align_center wpb_content_element\">\n\t\t\n\t\t<figure class=\"wpb_wrapper vc_figure\">\n\t\t\t<div class=\"vc_single_image-wrapper   vc_box_border_grey\"><\/div>\n\t\t<\/figure>\n\t<\/div>\n<\/div><\/div><\/div><\/div><div data-vc-full-width=\"true\" data-vc-full-width-init=\"false\" class=\"vc_row wpb_row vc_row-fluid row-about-2 vc_custom_1584778411938 vc_row-has-fill vc_row-o-equal-height vc_row-flex\"><div class=\"wpb_column vc_column_container vc_col-sm-6\"><div class=\"vc_column-inner\"><div class=\"wpb_wrapper\"><h3 style=\"text-align: left\" class=\"vc_custom_heading vc_do_custom_heading\" ><\/h3>\n\t<div class=\"wpb_text_column wpb_content_element vc_custom_1773315022812\" >\n\t\t<div class=\"wpb_wrapper\">\n\t\t\t<p data-start=\"713\" data-end=\"767\">M\u00fc\u015fteri memnuniyetini \u00f6n planda tutan anlay\u0131\u015f\u0131m\u0131z ile;<\/p>\n<ul data-start=\"769\" data-end=\"913\">\n<li data-section-id=\"tzx6kh\" data-start=\"769\" data-end=\"804\">\n<p data-start=\"771\" data-end=\"804\">G\u00fcncel <strong data-start=\"778\" data-end=\"804\">IQOS Terea \u00e7e\u015fitlerini<\/strong><\/p>\n<\/li>\n<li data-section-id=\"1d7321g\" data-start=\"805\" data-end=\"848\">\n<p data-start=\"807\" data-end=\"848\">G\u00fcvenilir ve h\u0131zl\u0131 g\u00f6nderim se\u00e7eneklerini<\/p>\n<\/li>\n<li data-section-id=\"1wrcwvi\" data-start=\"849\" data-end=\"875\">\n<p data-start=\"851\" data-end=\"875\">Kolay sipari\u015f deneyimini<\/p>\n<\/li>\n<li data-section-id=\"11gnwdf\" data-start=\"876\" data-end=\"913\">\n<p data-start=\"878\" data-end=\"913\">S\u00fcrekli g\u00fcncellenen \u00fcr\u00fcn stoklar\u0131n\u0131<\/p>\n<\/li>\n<\/ul>\n<p data-start=\"915\" data-end=\"943\">sizlere sunmay\u0131 ama\u00e7l\u0131yoruz.<\/p>\n<p data-start=\"945\" data-end=\"1231\">iqosprime.com olarak hedefimiz; IQOS kullan\u0131c\u0131lar\u0131n\u0131n arad\u0131\u011f\u0131 <strong data-start=\"1010\" data-end=\"1083\">Terea aromalar\u0131na h\u0131zl\u0131 eri\u015febilece\u011fi g\u00fcvenilir bir al\u0131\u015fveri\u015f noktas\u0131<\/strong> olmakt\u0131r. Kullan\u0131c\u0131 deneyimini geli\u015ftirmek i\u00e7in sitemizi s\u00fcrekli g\u00fcncelliyor, \u00fcr\u00fcn \u00e7e\u015fitlili\u011fimizi art\u0131r\u0131yor ve en iyi hizmeti sunmaya \u00e7al\u0131\u015f\u0131yoruz.<\/p>\n<p data-start=\"1233\" data-end=\"1366\">Her ge\u00e7en g\u00fcn b\u00fcy\u00fcyen kullan\u0131c\u0131 kitlemiz sayesinde, IQOS ve Terea \u00fcr\u00fcnleri konusunda g\u00fcvenilir bir platform olma yolunda ilerliyoruz.<\/p>\n<p data-start=\"1368\" data-end=\"1480\"><strong data-start=\"1368\" data-end=\"1421\">Kaliteli \u00fcr\u00fcn, g\u00fcvenilir hizmet ve h\u0131zl\u0131 teslimat<\/strong> anlay\u0131\u015f\u0131yla sizlere hizmet vermekten memnuniyet duyuyoruz.<\/p>\n\n\t\t<\/div>\n\t<\/div>\n<\/div><\/div><\/div><\/div><div class=\"vc_row-full-width vc_clearfix\"><\/div>\n<\/div>","protected":false},"excerpt":{"rendered":"Hakk\u0131m\u0131zda IQOS ve Terea \u00fcr\u00fcnlerine kolay, h\u0131zl\u0131 ve g\u00fcvenilir \u015fekilde ula\u015fabilmeniz i\u00e7in kurulmu\u015f olan iqosterea.com.tr, kullan\u0131c\u0131lar\u0131na kaliteli \u00fcr\u00fcn ve g\u00fcvenilir al\u0131\u015fveri\u015f deneyimi sunmay\u0131 hedefleyen bir platformdur. Yeni nesil t\u00fct\u00fcn teknolojilerinin geli\u015fmesiyle birlikte d\u00fcnya genelinde b\u00fcy\u00fck ilgi g\u00f6ren IQOS uyumlu Terea \u00fcr\u00fcnleri, kullan\u0131c\u0131lar\u0131n farkl\u0131 aroma ve deneyimleri ke\u015ffetmesine olanak tan\u0131maktad\u0131r. Biz","protected":false},"author":1,"featured_media":0,"parent":0,"menu_order":0,"comment_status":"closed","ping_status":"closed","template":"page-templates\/about-page.php","meta":{"footnotes":""},"class_list":["post-72","page","type-page","status-publish","hentry"],"_links":{"self":[{"href":"https:\/\/iqosprime.com\/en\/wp-json\/wp\/v2\/pages\/72","targetHints":{"allow":["GET"]}}],"collection":[{"href":"https:\/\/iqosprime.com\/en\/wp-json\/wp\/v2\/pages"}],"about":[{"href":"https:\/\/iqosprime.com\/en\/wp-json\/wp\/v2\/types\/page"}],"author":[{"embeddable":true,"href":"https:\/\/iqosprime.com\/en\/wp-json\/wp\/v2\/users\/1"}],"replies":[{"embeddable":true,"href":"https:\/\/iqosprime.com\/en\/wp-json\/wp\/v2\/comments?post=72"}],"version-history":[{"count":2,"href":"https:\/\/iqosprime.com\/en\/wp-json\/wp\/v2\/pages\/72\/revisions"}],"predecessor-version":[{"id":6960,"href":"https:\/\/iqosprime.com\/en\/wp-json\/wp\/v2\/pages\/72\/revisions\/6960"}],"wp:attachment":[{"href":"https:\/\/iqosprime.com\/en\/wp-json\/wp\/v2\/media?parent=72"}],"curies":[{"name":"wp","href":"https:\/\/api.w.org\/{rel}","templated":true}]}}