{"id":7552,"date":"2026-04-16T16:44:21","date_gmt":"2026-04-16T13:44:21","guid":{"rendered":"https:\/\/iqosprime.com\/?page_id=7552"},"modified":"2026-04-16T16:49:57","modified_gmt":"2026-04-16T13:49:57","slug":"iqos-satin-al","status":"publish","type":"page","link":"https:\/\/iqosprime.com\/en\/iqos-satin-al\/","title":{"rendered":"iqos sat\u0131n al"},"content":{"rendered":"<div class=\"wpb-content-wrapper\"><div class=\"vc_row wpb_row vc_row-fluid\"><div class=\"wpb_column vc_column_container vc_col-sm-12\"><div class=\"vc_column-inner\"><div class=\"wpb_wrapper\">\n\t<div class=\"wpb_text_column wpb_content_element\" >\n\t\t<div class=\"wpb_wrapper\">\n\t\t\t<h1 data-section-id=\"qr5q5q\" data-start=\"544\" data-end=\"599\">IQOS Sat\u0131n Al \u2013 Yeni Nesil Teknolojiyi \u015eimdi Ke\u015ffedin<\/h1>\n<h2 data-section-id=\"1lksulf\" data-start=\"601\" data-end=\"635\">IQOS Sat\u0131n Alarak Fark\u0131 Ya\u015fay\u0131n<\/h2>\n<p data-start=\"637\" data-end=\"907\">Geleneksel kullan\u0131m al\u0131\u015fkanl\u0131klar\u0131n\u0131n \u00f6tesine ge\u00e7mek isteyen kullan\u0131c\u0131lar\u0131n tercihi olan <strong data-start=\"726\" data-end=\"744\">IQOS cihazlar\u0131<\/strong>, modern tasar\u0131m\u0131 ve geli\u015fmi\u015f teknolojisi ile \u00f6ne \u00e7\u0131kmaktad\u0131r. E\u011fer siz de <strong data-start=\"819\" data-end=\"836\">IQOS sat\u0131n al<\/strong> ar\u0131yorsan\u0131z, do\u011fru adrestesiniz. <span class=\"hover:entity-accent entity-underline inline cursor-pointer align-baseline\"><span class=\"whitespace-normal\">IQOS<\/span><\/span><\/p>\n<div class=\"no-scrollbar flex min-h-36 flex-nowrap gap-0.5 overflow-auto sm:gap-1 sm:overflow-hidden xl:min-h-44 mt-1 mb-5 &#091;&amp;:not(:first-child)&#093;:mt-4\">\n<div class=\"border-token-border-default relative w-32 shrink-0 overflow-hidden rounded-xl border-&#091;0.5px&#093; md:shrink max-h-64 sm:w-&#091;calc((100%-0.5rem)\/3)&#093; rounded-s-xl\">\n<div class=\"group\/search-image @container\/search-image relative rounded-&#091;inherit&#093; h-full w-full\">\n<div><img decoding=\"async\" class=\"bg-token-main-surface-tertiary m-0 h-full w-full object-cover\" src=\"https:\/\/images.openai.com\/static-rsc-4\/9gxHWW0qbsDt1WpLMKxn3zQsHG-74GEebgZXoR8OQGv34zb3WlFYHYZz2AYEWEbWdwZegxuxCndcOnJRYVlNsqw9GUBLXpTAOhG8XAO64kyUTzdAPGvbPHOrWi8Rqh0LjYPArFl-zpd26gabIyClSaonPsHlOmvkUNA4c6RBbmA?purpose=inline\" alt=\"https:\/\/images.openai.com\/static-rsc-4\/oXpZMWr4U1FTSz03iLI3VYActwpJtRq1gzvGxCKyf2W5qq8Hryj466KzEDxaMsLUFV_uXjuV36iBft10VvvLf4MH2pMKf6roRKzuVm7diFv2AxrYBxzzW5c55tupAQwAzVlYYuursc8yTvQdUfGdKy652i_5J7wBkI9SYsYPmgkLLQWZ5c3uKRSth-c_0ZEj?purpose=fullsize\" \/><\/div>\n<\/div>\n<\/div>\n<div class=\"border-token-border-default relative w-32 shrink-0 overflow-hidden rounded-xl border-&#091;0.5px&#093; md:shrink max-h-64 sm:w-&#091;calc((100%-0.5rem)\/3)&#093;\">\n<div class=\"group\/search-image @container\/search-image relative rounded-&#091;inherit&#093; h-full w-full\">\n<div><img decoding=\"async\" class=\"bg-token-main-surface-tertiary m-0 h-full w-full object-cover\" src=\"https:\/\/images.openai.com\/static-rsc-4\/gPgKTaF7caCw4B9_Zr_-KJ1l5nVIRESlF_cxgr7UcIPQkIEqsQ7TB0vpyqLlmzDRk2IoU2zBTNULw_MYVV2vYgFir-VhKMVK9R8QTE1NUB1IRhziGGRn0cWdj666w-5dIs4cF5Y_yYb3aIUV5uVP8IYb73kTHFv_qaPpdz5GTrM?purpose=inline\" alt=\"https:\/\/images.openai.com\/static-rsc-4\/iC52TK9zlrVOBTtEGfviKf9i2EHFEJpqY75Ol7BGc6Me5t5nnWzwzkjSel0YqOz1FPQqHps19-0hRLRTC8je664GcgCUdlQb4U80JaULJVOMD6A89_cHlkg3sqe_UiuDF71ccqMR5IpuOG-JqW_yUwAmkGiGPrvn93-dA6r3ThBuSVlMHfWL7M-P1-dFH7Hv?purpose=fullsize\" \/><\/div>\n<\/div>\n<\/div>\n<div class=\"border-token-border-default relative w-32 shrink-0 overflow-hidden rounded-xl border-&#091;0.5px&#093; md:shrink max-h-64 sm:w-&#091;calc((100%-0.5rem)\/3)&#093; rounded-e-xl\">\n<div class=\"group\/search-image @container\/search-image relative rounded-&#091;inherit&#093; h-full w-full\">\n<div><img decoding=\"async\" class=\"bg-token-main-surface-tertiary m-0 h-full w-full object-cover\" src=\"https:\/\/images.openai.com\/static-rsc-4\/WtGbepSjaGvwJs_3vw3QaD7WNwI5LXFd7lqUYsvH_v9FOtThRkXx9VnrKh0PIlqlniM57gbvyXNikRbDTSrpCKYGU4gW0W4usMa1xnJnXlbPLGtns_5zXp4ucDXSHsDAFHEg3ILg34TudRg6c4Tp3WNTS96vuH8-8oXiLFnBYBs?purpose=inline\" alt=\"https:\/\/images.openai.com\/static-rsc-4\/U3LCmaalRsqzaeY-APB7kKmGolSn5scgaV_z10TmtJ7Jtfgqre2qHMLqGzd0KzitqNLO-FMAQ7yB56vQr9yVvbD3pzX3h1QsVYvemQtp7X0NtSuFtY1i7lStulcLPxvu0xKSa8lFenYkTNJR5TVEU7v8zw_CfccTYuA9sA8D0gVh3MmdUV1ysvzeFU5S1dUP?purpose=fullsize\" \/><\/div>\n<div class=\"pointer-events-none absolute inset-x-2 bottom-2 z-0 flex max-w-&#091;calc(100%-1rem)&#093; flex-wrap items-end justify-end gap-1.5\">\n<div class=\"shrink-0\">\n<div class=\"flex items-center gap-1 rounded-full px-2 py-1.5 text-white backdrop-blur-md backdrop-brightness-75\"><span class=\"text-xs font-semibold\">6<\/span><\/div>\n<\/div>\n<\/div>\n<\/div>\n<\/div>\n<\/div>\n<hr data-start=\"951\" data-end=\"954\" \/>\n<h2 data-section-id=\"etqwyg\" data-start=\"956\" data-end=\"988\">Neden IQOS Sat\u0131n Almal\u0131s\u0131n\u0131z?<\/h2>\n<h3 data-section-id=\"6vrovj\" data-start=\"990\" data-end=\"1024\">\ud83d\udd25 Geli\u015fmi\u015f Is\u0131tma Teknolojisi<\/h3>\n<p data-start=\"1025\" data-end=\"1173\">IQOS cihazlar\u0131, klasik yanma sisteminden farkl\u0131 olarak t\u00fct\u00fcn\u00fc kontroll\u00fc \u015fekilde \u0131s\u0131t\u0131r. B\u00f6ylece daha modern ve geli\u015fmi\u015f bir kullan\u0131m deneyimi sunar.<\/p>\n<h3 data-section-id=\"1x9klgw\" data-start=\"1175\" data-end=\"1204\">\ud83c\udfaf \u015e\u0131k ve Premium Tasar\u0131m<\/h3>\n<p data-start=\"1205\" data-end=\"1276\">Modern \u00e7izgiler, ergonomik yap\u0131 ve ta\u015f\u0131nabilir kullan\u0131m avantaj\u0131 sunar.<\/p>\n<h3 data-section-id=\"18fdt9u\" data-start=\"1278\" data-end=\"1308\">\u26a1 H\u0131zl\u0131 ve Pratik Kullan\u0131m<\/h3>\n<p data-start=\"1309\" data-end=\"1382\">G\u00fcnl\u00fck kullan\u0131m i\u00e7in kolay \u015farj, h\u0131zl\u0131 haz\u0131rl\u0131k ve pratik deneyim sa\u011flar.<\/p>\n<hr data-start=\"1384\" data-end=\"1387\" \/>\n<h2 data-section-id=\"1lmqqpm\" data-start=\"1389\" data-end=\"1427\">En \u00c7ok Tercih Edilen IQOS Modelleri<\/h2>\n<div class=\"no-scrollbar flex min-h-36 flex-nowrap gap-0.5 overflow-auto sm:gap-1 sm:overflow-hidden xl:min-h-44 mt-1 mb-5 &#091;&amp;:not(:first-child)&#093;:mt-4\">\n<div class=\"border-token-border-default relative w-32 shrink-0 overflow-hidden rounded-xl border-&#091;0.5px&#093; md:shrink max-h-64 sm:w-&#091;calc((100%-0.5rem)\/3)&#093; rounded-s-xl\">\n<div class=\"group\/search-image @container\/search-image relative rounded-&#091;inherit&#093; h-full w-full\">\n<div><img decoding=\"async\" class=\"bg-token-main-surface-tertiary m-0 h-full w-full object-cover\" src=\"https:\/\/images.openai.com\/static-rsc-4\/9x_PRuTpppA57Nrh2ijDF3UzBNtConHrlmD4xQOjQglyMYLAc3zWAI5gYFboG_QLN5vudNajJ3DlrPpbSpqPPXP_IvBWwI_l6Scc-WZj06oEDike8dBBeQ0-Qpr1csdFpoXkqXALEChTOnfuxj_5EwbSdRI5CsD6h60I8On8uIU?purpose=inline\" alt=\"https:\/\/images.openai.com\/static-rsc-4\/aC8Z-acz8XpUpdM8Y5Trbldufoog8nXcIRPJYjiQYnIhIHKcecLJk7-fjtvQdYXVD-9axkAe31X9V3s8DzeQeL1eWW2NQjd0JPCE0tWvEIGfE5x3QMc-JQtEMbg1q1KSxyDXKZRU6xiiAksloXzLUBFEoh7rLNvtTPb084C3iaRMPNciYUS6v15rcf4hodlo?purpose=fullsize\" \/><\/div>\n<\/div>\n<\/div>\n<div class=\"border-token-border-default relative w-32 shrink-0 overflow-hidden rounded-xl border-&#091;0.5px&#093; md:shrink max-h-64 sm:w-&#091;calc((100%-0.5rem)\/3)&#093;\">\n<div class=\"group\/search-image @container\/search-image relative rounded-&#091;inherit&#093; h-full w-full\">\n<div><img decoding=\"async\" class=\"bg-token-main-surface-tertiary m-0 h-full w-full object-cover\" src=\"https:\/\/images.openai.com\/static-rsc-4\/uS32Ll_MZCXqSWxP4jMYIlhLz8MvxdLUB_DkT2oWb-dDKaQRoiJuvBxy8e59zAnf4xc9ekIPHhDgVy9eAeijdLvAoklIYPPigOjdle33HbpaSD7hXvsKkk4T3n7Sz3HHbWFKIXqoSHsV_oD6rvK0TZbVvmyzfRBN8jDKgtmhjVE?purpose=inline\" alt=\"https:\/\/images.openai.com\/static-rsc-4\/4VFqSSp0u5CvtNPW4IA9wigT865hyuuYHPOO2cVZeVko8oBqDZxBHshuAoAk6JLQXwZgfcdV8YuS_mK1JwHaOy8E0d7m3PnV7pV18td34kwqp8eU1qEYNRtcdmOUBOU-PKUB1_GSJ9QcdWBJbnttwk9jTjRHkdN5rZ_MIHrbJaCq-WQWmj4E6NgaZ1DdQSPH?purpose=fullsize\" \/><\/div>\n<\/div>\n<\/div>\n<div class=\"border-token-border-default relative w-32 shrink-0 overflow-hidden rounded-xl border-&#091;0.5px&#093; md:shrink max-h-64 sm:w-&#091;calc((100%-0.5rem)\/3)&#093; rounded-e-xl\">\n<div class=\"group\/search-image @container\/search-image relative rounded-&#091;inherit&#093; h-full w-full\">\n<div><img decoding=\"async\" class=\"bg-token-main-surface-tertiary m-0 h-full w-full object-cover\" src=\"https:\/\/images.openai.com\/static-rsc-4\/QWnFZgEkAtLuhu32tIMqZbNpy-ePx0bT51KtQOvPvpq_KFoGPe5B7GljOajshFhEdjVb56S9HXrTyhY6PhWKmwmOBsJjy2atgEwQRfvsBwUStjNNlWJg4OxT6r1VNx3XQA8HHX2xskHDA0QMEl2cG79DC354352drk5JRXR4mvU?purpose=inline\" alt=\"https:\/\/images.openai.com\/static-rsc-4\/iiWg0fta3sctSZbP7Qig12v4Ttp1y15OOx-ARY5qVGNH63DBqdQToI5ALIWNpjXxuOSPx2U0QkKQaacxQ1mwIzDTmqzMwNE1g1Vnb7LkEpcDjUdB_AaezDcMIGWX11jeTdKy35ukkPBLNpWnEM3_G30c0E0LxItiH5rxcHB_zPchP-n3raYe9uklpU9xyJ2x?purpose=fullsize\" \/><\/div>\n<div class=\"pointer-events-none absolute inset-x-2 bottom-2 z-0 flex max-w-&#091;calc(100%-1rem)&#093; flex-wrap items-end justify-end gap-1.5\">\n<div class=\"shrink-0\">\n<div class=\"flex items-center gap-1 rounded-full px-2 py-1.5 text-white backdrop-blur-md backdrop-brightness-75\"><span class=\"text-xs font-semibold\">7<\/span><\/div>\n<\/div>\n<\/div>\n<\/div>\n<\/div>\n<\/div>\n<h3 data-section-id=\"1j8yeum\" data-start=\"1471\" data-end=\"1487\">\u2b50 IQOS ILUMA<\/h3>\n<p data-start=\"1488\" data-end=\"1546\">Yeni nesil teknoloji, g\u00fc\u00e7l\u00fc performans ve premium deneyim.<\/p>\n<h3 data-section-id=\"1xnbz2i\" data-start=\"1548\" data-end=\"1568\">\u2b50 IQOS ILUMA ONE<\/h3>\n<p data-start=\"1569\" data-end=\"1619\">Kompakt, hafif ve pratik kullan\u0131m isteyenler i\u00e7in.<\/p>\n<h3 data-section-id=\"1lghe7h\" data-start=\"1621\" data-end=\"1643\">\u2b50 IQOS ILUMA PRIME<\/h3>\n<p data-start=\"1644\" data-end=\"1694\">L\u00fcks tasar\u0131m ve \u00fcst segment cihaz arayanlara \u00f6zel.<\/p>\n<hr data-start=\"1696\" data-end=\"1699\" \/>\n<h2 data-section-id=\"w77knh\" data-start=\"1701\" data-end=\"1746\">IQOS Sat\u0131n Al\u0131rken Nelere Dikkat Edilmeli?<\/h2>\n<h3 data-section-id=\"1hn2ml3\" data-start=\"1748\" data-end=\"1777\">\u2705 Orijinal \u00dcr\u00fcn Garantisi<\/h3>\n<p data-start=\"1778\" data-end=\"1838\">Sadece g\u00fcvenilir sat\u0131\u015f noktalar\u0131ndan al\u0131\u015fveri\u015f yap\u0131lmal\u0131d\u0131r.<\/p>\n<h3 data-section-id=\"15rvxts\" data-start=\"1840\" data-end=\"1861\">\ud83d\ude9a H\u0131zl\u0131 Teslimat<\/h3>\n<p data-start=\"1862\" data-end=\"1930\">Ayn\u0131 g\u00fcn kargo veya h\u0131zl\u0131 g\u00f6nderim sunan siteler tercih edilmelidir.<\/p>\n<h3 data-section-id=\"1xofqpg\" data-start=\"1932\" data-end=\"1952\">\ud83d\udcb3 G\u00fcvenli \u00d6deme<\/h3>\n<p data-start=\"1953\" data-end=\"2041\">SSL korumal\u0131 ve g\u00fcvenli \u00f6deme altyap\u0131s\u0131 \u00f6nemlidir. <span class=\"hover:entity-accent entity-underline inline cursor-pointer align-baseline\"><span class=\"whitespace-normal\">iqosprime.com<\/span><\/span><\/p>\n<hr data-start=\"2043\" data-end=\"2046\" \/>\n<h2 data-section-id=\"17njuw1\" data-start=\"2048\" data-end=\"2081\">IQOS Sat\u0131n Alman\u0131n Avantajlar\u0131<\/h2>\n<p data-start=\"2083\" data-end=\"2220\">\u2714 Modern teknoloji<br data-start=\"2101\" data-end=\"2104\" \/>\u2714 \u015e\u0131k cihaz tasar\u0131m\u0131<br data-start=\"2124\" data-end=\"2127\" \/>\u2714 Pratik kullan\u0131m<br data-start=\"2144\" data-end=\"2147\" \/>\u2714 Premium kalite<br data-start=\"2163\" data-end=\"2166\" \/>\u2714 Farkl\u0131 model se\u00e7enekleri<br data-start=\"2192\" data-end=\"2195\" \/>\u2714 H\u0131zl\u0131 teslimat avantaj\u0131<\/p>\n<hr data-start=\"2222\" data-end=\"2225\" \/>\n<h2 data-section-id=\"3e7n6y\" data-start=\"2227\" data-end=\"2249\">IQOS Fiyatlar\u0131 2026<\/h2>\n<p data-start=\"2251\" data-end=\"2384\">IQOS fiyatlar\u0131; modele, renge ve kampanyalara g\u00f6re de\u011fi\u015fiklik g\u00f6sterebilir. G\u00fcncel fiyatlar i\u00e7in \u00fcr\u00fcn sayfalar\u0131n\u0131 inceleyebilirsiniz.<\/p>\n<hr data-start=\"2386\" data-end=\"2389\" \/>\n<h2 data-section-id=\"xniu6d\" data-start=\"2391\" data-end=\"2399\">Sonu\u00e7<\/h2>\n<p data-start=\"2401\" data-end=\"2597\">E\u011fer siz de yeni nesil teknoloji ile tan\u0131\u015fmak istiyorsan\u0131z, <strong data-start=\"2461\" data-end=\"2478\">IQOS sat\u0131n al<\/strong> se\u00e7eneklerini \u015fimdi de\u011ferlendirebilirsiniz. Orijinal \u00fcr\u00fcnler ve g\u00fcvenilir al\u0131\u015fveri\u015f i\u00e7in do\u011fru adres se\u00e7imi \u00f6nemlidir.<\/p>\n<h3 data-section-id=\"9chf3g\" data-start=\"2599\" data-end=\"2621\">\ud83d\udd17 Hemen \u0130ncele:<\/h3>\n<p data-start=\"2622\" data-end=\"2647\" data-is-last-node=\"\" data-is-only-node=\"\"><strong data-start=\"2622\" data-end=\"2647\" data-is-last-node=\"\"><a class=\"decorated-link\" href=\"https:\/\/iqosprime.com\/en\/\" target=\"_new\" rel=\"noopener\" data-start=\"2624\" data-end=\"2645\">https:\/\/iqosprime.com<\/a><\/strong><\/p>\n\n\t\t<\/div>\n\t<\/div>\n<\/div><\/div><\/div><\/div>\n<\/div>","protected":false},"excerpt":{"rendered":"IQOS Sat\u0131n Al \u2013 Yeni Nesil Teknolojiyi \u015eimdi Ke\u015ffedin IQOS Sat\u0131n Alarak Fark\u0131 Ya\u015fay\u0131n Geleneksel kullan\u0131m al\u0131\u015fkanl\u0131klar\u0131n\u0131n \u00f6tesine ge\u00e7mek isteyen kullan\u0131c\u0131lar\u0131n tercihi olan IQOS cihazlar\u0131, modern tasar\u0131m\u0131 ve geli\u015fmi\u015f teknolojisi ile \u00f6ne \u00e7\u0131kmaktad\u0131r. E\u011fer siz de IQOS sat\u0131n al ar\u0131yorsan\u0131z, do\u011fru adrestesiniz. IQOS 6 Neden IQOS Sat\u0131n Almal\u0131s\u0131n\u0131z? \ud83d\udd25 Geli\u015fmi\u015f","protected":false},"author":1,"featured_media":0,"parent":0,"menu_order":0,"comment_status":"closed","ping_status":"closed","template":"","meta":{"footnotes":""},"class_list":["post-7552","page","type-page","status-publish","hentry"],"_links":{"self":[{"href":"https:\/\/iqosprime.com\/en\/wp-json\/wp\/v2\/pages\/7552","targetHints":{"allow":["GET"]}}],"collection":[{"href":"https:\/\/iqosprime.com\/en\/wp-json\/wp\/v2\/pages"}],"about":[{"href":"https:\/\/iqosprime.com\/en\/wp-json\/wp\/v2\/types\/page"}],"author":[{"embeddable":true,"href":"https:\/\/iqosprime.com\/en\/wp-json\/wp\/v2\/users\/1"}],"replies":[{"embeddable":true,"href":"https:\/\/iqosprime.com\/en\/wp-json\/wp\/v2\/comments?post=7552"}],"version-history":[{"count":3,"href":"https:\/\/iqosprime.com\/en\/wp-json\/wp\/v2\/pages\/7552\/revisions"}],"predecessor-version":[{"id":7555,"href":"https:\/\/iqosprime.com\/en\/wp-json\/wp\/v2\/pages\/7552\/revisions\/7555"}],"wp:attachment":[{"href":"https:\/\/iqosprime.com\/en\/wp-json\/wp\/v2\/media?parent=7552"}],"curies":[{"name":"wp","href":"https:\/\/api.w.org\/{rel}","templated":true}]}}