{"id":7563,"date":"2026-04-16T17:15:15","date_gmt":"2026-04-16T14:15:15","guid":{"rendered":"https:\/\/iqosprime.com\/?page_id=7563"},"modified":"2026-04-16T17:19:11","modified_gmt":"2026-04-16T14:19:11","slug":"iqos-al","status":"publish","type":"page","link":"https:\/\/iqosprime.com\/en\/iqos-al\/","title":{"rendered":"\u0130qos al"},"content":{"rendered":"<div class=\"wpb-content-wrapper\"><div class=\"vc_row wpb_row vc_row-fluid\"><div class=\"wpb_column vc_column_container vc_col-sm-12\"><div class=\"vc_column-inner\"><div class=\"wpb_wrapper\">\n\t<div class=\"wpb_text_column wpb_content_element\" >\n\t\t<div class=\"wpb_wrapper\">\n\t\t\t<h1 style=\"text-align: center;\" data-section-id=\"np586x\" data-start=\"210\" data-end=\"252\">IQOS Al | Kaliteli Se\u00e7im, Modern Deneyim<\/h1>\n<h2 style=\"text-align: center;\" data-section-id=\"op34rq\" data-start=\"254\" data-end=\"295\">Yeni Nesil Teknoloji ile Modern Tercih<\/h2>\n<p style=\"text-align: center;\" data-start=\"297\" data-end=\"612\">Geli\u015fmi\u015f tasar\u0131m anlay\u0131\u015f\u0131 ve yenilik\u00e7i teknolojisiyle dikkat \u00e7eken IQOS cihazlar\u0131, modern kullan\u0131c\u0131lar\u0131n en \u00e7ok ara\u015ft\u0131rd\u0131\u011f\u0131 se\u00e7enekler aras\u0131nda yer almaktad\u0131r. \u015e\u0131k g\u00f6r\u00fcn\u00fcm, kompakt yap\u0131 ve kullan\u0131c\u0131 dostu detaylar sayesinde \u00f6ne \u00e7\u0131kan modeller, g\u00fcn\u00fcm\u00fczde yo\u011fun ilgi g\u00f6rmektedir. <span class=\"hover:entity-accent entity-underline inline cursor-pointer align-baseline\"><span class=\"whitespace-normal\">IQOS<\/span><\/span><\/p>\n<div class=\"no-scrollbar flex min-h-36 flex-nowrap gap-0.5 overflow-auto sm:gap-1 sm:overflow-hidden xl:min-h-44 mt-1 mb-5 &#091;&amp;:not(:first-child)&#093;:mt-4\" style=\"text-align: center;\">\n<div class=\"border-token-border-default relative w-32 shrink-0 overflow-hidden rounded-xl border-&#091;0.5px&#093; md:shrink max-h-64 sm:w-&#091;calc((100%-0.5rem)\/3)&#093; rounded-s-xl\">\n<div class=\"group\/search-image @container\/search-image relative rounded-&#091;inherit&#093; h-full w-full\">\n<div><img decoding=\"async\" class=\"bg-token-main-surface-tertiary m-0 h-full w-full object-cover\" src=\"https:\/\/images.openai.com\/static-rsc-4\/ieTQ_0gFOuAPoYBTnTratsmdynqiJD3LzmdoG7ZCE-EmUuRIlvKsjsyitohW8tb9tLEMbHGWM0iCQODsbR_Kp0n30pqLAGKVxv9Uu2ZfyJWQfBaiwvXOXwSfGW8Nzc-K288ICMrOJoGFdflVzkrmcjF9pen6e5jLlnUZsL_9l9o?purpose=inline\" alt=\"https:\/\/images.openai.com\/static-rsc-4\/znE-T19CrUG6j8RdtI4WyG7MWZnlMNCMJwjXWrBbnbf2Q8nOk02P0GLQ2IKHZQXc8z1IuO10nQmmlH7XRt3OBAX967aAzgTKWK498V95v3TxF13W0RTVIjG6SkZokI39Ri1m4e_mPTMaKWdlFFySMCtC-nhwpXm4dMINyzb0dL2GdMfayiTkxv_vUz7zVNHp?purpose=fullsize\" \/><\/div>\n<\/div>\n<\/div>\n<div class=\"border-token-border-default relative w-32 shrink-0 overflow-hidden rounded-xl border-&#091;0.5px&#093; md:shrink max-h-64 sm:w-&#091;calc((100%-0.5rem)\/3)&#093;\">\n<div class=\"group\/search-image @container\/search-image relative rounded-&#091;inherit&#093; h-full w-full\">\n<div><img decoding=\"async\" class=\"bg-token-main-surface-tertiary m-0 h-full w-full object-cover\" src=\"https:\/\/images.openai.com\/static-rsc-4\/tRip5nDA5-W6UdmuX-k8Q-ojB6ADJ7w6w1fVeOkgA0Qcc7rQ1DWoQMBW9WxRazm1imxKukmFyJbhOVo2LYN1AWTRHf2EO5BojLJ20MKRXkQS_tZTN3D2Xx4pEDbtAJg0UlP2btiheZZJlBJlDnQXgF0i2kutU61-VkZTHbP4WKY?purpose=inline\" alt=\"https:\/\/images.openai.com\/static-rsc-4\/NdnISGABgocGy8OKaVxIY0q_N1jU8FrW0NRHu7Z0oEm7BWkOk_p2IlPRKozVE-2lg59-l6Vb5kOFuAGJfy4zCRI6OCEYIUCD1rUhlZvt88OiPtW0IrPSf4mozcSJVhDU10pe0jyMqUUKO0Zb4vl9XFD-Ilq16BxzfODEPDtcw0TFAgBqsjPbzWeMHY1c2Xar?purpose=fullsize\" \/><\/div>\n<\/div>\n<\/div>\n<div class=\"border-token-border-default relative w-32 shrink-0 overflow-hidden rounded-xl border-&#091;0.5px&#093; md:shrink max-h-64 sm:w-&#091;calc((100%-0.5rem)\/3)&#093; rounded-e-xl\">\n<div class=\"group\/search-image @container\/search-image relative rounded-&#091;inherit&#093; h-full w-full\">\n<div><img decoding=\"async\" class=\"bg-token-main-surface-tertiary m-0 h-full w-full object-cover\" src=\"https:\/\/images.openai.com\/static-rsc-4\/aKpBpGpI3XZd8ztD6u9OdlUFlGqAi7s6I8SzqzYVHW7zmaUOQ1VZliG_eso2fhGBW-5eEQ_xp9HKHCO2bFfWzJPlPQH_f4C64tVzg9EsiQn9hLPVDoeUKYJu1zRt4uF1QTApsQ7GMKscUM2WZrzpAbgXvh_zv6RyZvtIWRq1NB8?purpose=inline\" alt=\"https:\/\/images.openai.com\/static-rsc-4\/hErLtllyq8md63nUT57PgqMQi9ZRNoeA_19juUhCW11dWg1IJVbQgRcLW-wKm4_uEAP9cgf4SYyN4q6aRsnWOd5xV5b8uq2YJ2pO1cMhpmrXjln_3Mf4HnUd337KHfbEk3WhbkXYtDGSEF02ZAZ0BApArhkDeIxjfmBepr2S1XqnsEMVEPsyw8f60HS4bXOz?purpose=fullsize\" \/><\/div>\n<\/div>\n<\/div>\n<\/div>\n<hr data-start=\"656\" data-end=\"659\" \/>\n<h2 style=\"text-align: center;\" data-section-id=\"1ld5etu\" data-start=\"661\" data-end=\"691\">Neden IQOS Tercih Ediliyor?<\/h2>\n<h3 style=\"text-align: center;\" data-section-id=\"dfi85i\" data-start=\"693\" data-end=\"714\">\u2699\ufe0f Modern Tasar\u0131m<\/h3>\n<p style=\"text-align: center;\" data-start=\"715\" data-end=\"769\">Zarif \u00e7izgiler, premium hissiyat ve \u015f\u0131k g\u00f6r\u00fcn\u00fcm sunar.<\/p>\n<h3 style=\"text-align: center;\" data-section-id=\"1875s4i\" data-start=\"771\" data-end=\"800\">\ud83d\udd0b G\u00fcnl\u00fck Kullan\u0131ma Uygun<\/h3>\n<p style=\"text-align: center;\" data-start=\"801\" data-end=\"853\">Ta\u015f\u0131nabilir yap\u0131 ve pratik kullan\u0131m avantaj\u0131 sa\u011flar.<\/p>\n<h3 style=\"text-align: center;\" data-section-id=\"1z0k89a\" data-start=\"855\" data-end=\"880\">\u2728 Yenilik\u00e7i Teknoloji<\/h3>\n<p style=\"text-align: center;\" data-start=\"881\" data-end=\"933\">Geli\u015fmi\u015f sistem yap\u0131s\u0131 ile yeni nesil deneyim sunar.<\/p>\n<h3 style=\"text-align: center;\" data-section-id=\"os3czb\" data-start=\"935\" data-end=\"966\">\ud83d\udce6 Farkl\u0131 Model Se\u00e7enekleri<\/h3>\n<p style=\"text-align: center;\" data-start=\"967\" data-end=\"1034\">Kullan\u0131c\u0131 beklentilerine g\u00f6re \u00e7e\u015fitli model alternatifleri bulunur.<\/p>\n<hr data-start=\"1036\" data-end=\"1039\" \/>\n<h2 style=\"text-align: center;\" data-section-id=\"t8g2b8\" data-start=\"1041\" data-end=\"1066\">Pop\u00fcler IQOS Modelleri<\/h2>\n<h3 style=\"text-align: center;\" data-section-id=\"1j8yeum\" data-start=\"1068\" data-end=\"1084\">\u2b50 IQOS ILUMA<\/h3>\n<p style=\"text-align: center;\" data-start=\"1085\" data-end=\"1126\">Yeni nesil teknoloji ve g\u00fc\u00e7l\u00fc performans.<\/p>\n<h3 style=\"text-align: center;\" data-section-id=\"1xnbz2i\" data-start=\"1128\" data-end=\"1148\">\u2b50 IQOS ILUMA ONE<\/h3>\n<p style=\"text-align: center;\" data-start=\"1149\" data-end=\"1190\">Kompakt ve hafif tasar\u0131m isteyenler i\u00e7in.<\/p>\n<h3 style=\"text-align: center;\" data-section-id=\"1lghe7h\" data-start=\"1192\" data-end=\"1214\">\u2b50 IQOS ILUMA PRIME<\/h3>\n<p style=\"text-align: center;\" data-start=\"1215\" data-end=\"1255\">\u00dcst segment g\u00f6r\u00fcn\u00fcm ve premium detaylar.<\/p>\n<div class=\"no-scrollbar flex min-h-36 flex-nowrap gap-0.5 overflow-auto sm:gap-1 sm:overflow-hidden xl:min-h-44 mt-1 mb-5 &#091;&amp;:not(:first-child)&#093;:mt-4\" style=\"text-align: center;\">\n<div class=\"border-token-border-default relative w-32 shrink-0 overflow-hidden rounded-xl border-&#091;0.5px&#093; md:shrink max-h-64 sm:w-&#091;calc((100%-0.5rem)\/3)&#093; rounded-s-xl\">\n<div class=\"group\/search-image @container\/search-image relative rounded-&#091;inherit&#093; h-full w-full\">\n<div><img decoding=\"async\" class=\"bg-token-main-surface-tertiary m-0 h-full w-full object-cover\" src=\"https:\/\/images.openai.com\/static-rsc-4\/hRbnKAacJp9sau_OvXwTf3ftmHZ5tCGYzh-RxLebJ7uLgJ1AhMBP4S5UA1iVZML1Ehuguj8w3vNPEJLOPYWXrLgDSRg_tDY491aZ4KnrqbQ4SKp6fSIqon0VjEt67bJZikIApwLAKr6EdGWmzbOD6DToKTH0UCx0n5XOJkYtF3k?purpose=inline\" alt=\"https:\/\/images.openai.com\/static-rsc-4\/pcBkjwSDOm2CCAej4RblUSAgKDNR6AiuLKFjJLXRSnyTI8FW3xPmqSUhWYNNnNWXVh0JpbF1P5H3W3oKROxgXlpa7dO2cLQxvG1_fLlNY6maZ7-DvO7xVo-HZZwONx88yL0N1aHkw1NIUF2XDs8U72WQ4HtXSp8fphuREIeZyW4qhDrvDWGKSWbk82DGKAPa?purpose=fullsize\" \/><\/div>\n<\/div>\n<\/div>\n<div class=\"border-token-border-default relative w-32 shrink-0 overflow-hidden rounded-xl border-&#091;0.5px&#093; md:shrink max-h-64 sm:w-&#091;calc((100%-0.5rem)\/3)&#093;\">\n<div class=\"group\/search-image @container\/search-image relative rounded-&#091;inherit&#093; h-full w-full\">\n<div><img decoding=\"async\" class=\"bg-token-main-surface-tertiary m-0 h-full w-full object-cover\" src=\"https:\/\/images.openai.com\/static-rsc-4\/9x_PRuTpppA57Nrh2ijDF3UzBNtConHrlmD4xQOjQglyMYLAc3zWAI5gYFboG_QLN5vudNajJ3DlrPpbSpqPPXP_IvBWwI_l6Scc-WZj06oEDike8dBBeQ0-Qpr1csdFpoXkqXALEChTOnfuxj_5EwbSdRI5CsD6h60I8On8uIU?purpose=inline\" alt=\"https:\/\/images.openai.com\/static-rsc-4\/aC8Z-acz8XpUpdM8Y5Trbldufoog8nXcIRPJYjiQYnIhIHKcecLJk7-fjtvQdYXVD-9axkAe31X9V3s8DzeQeL1eWW2NQjd0JPCE0tWvEIGfE5x3QMc-JQtEMbg1q1KSxyDXKZRU6xiiAksloXzLUBFEoh7rLNvtTPb084C3iaRMPNciYUS6v15rcf4hodlo?purpose=fullsize\" \/><\/div>\n<\/div>\n<\/div>\n<div class=\"border-token-border-default relative w-32 shrink-0 overflow-hidden rounded-xl border-&#091;0.5px&#093; md:shrink max-h-64 sm:w-&#091;calc((100%-0.5rem)\/3)&#093; rounded-e-xl\">\n<div class=\"group\/search-image @container\/search-image relative rounded-&#091;inherit&#093; h-full w-full\">\n<div><img decoding=\"async\" class=\"bg-token-main-surface-tertiary m-0 h-full w-full object-cover\" src=\"https:\/\/images.openai.com\/static-rsc-4\/2OsWd6LghQiJFhIzsSTygdpgnn41psjVbJoC6TuWaAYrTGjKmvHt18wvwcxXDeQJK3XyWsvPOZU62iDZKLLoqw4RmFjdyEGda_SNtic3iIWUiwp8FSal01OekS1JDMgEqSMDwks-rpwTq73bsf-uo6OMFQmf3QXJBq4prP63F2o?purpose=inline\" alt=\"https:\/\/images.openai.com\/static-rsc-4\/ep6qviMq0-ivnGhatZy5KPIKYr3LUGWuPFq_IA4frDKTwafi_dCY5ErBhCcKYReZP_UajrfTCKI4ssbmYg8Zb_YmWfj_H3ox-HvUSxQuIONU5PRb3nDRdxnKAz6zc7RPNx-sMJ1Etu03HBpb_F1r9fna4vTXnjdKiNXu13Iix-yD6bmu0ADUhZvhDtrgGuqA?purpose=fullsize\" \/><\/div>\n<\/div>\n<\/div>\n<\/div>\n<hr data-start=\"1299\" data-end=\"1302\" \/>\n<h2 style=\"text-align: center;\" data-section-id=\"y0hlja\" data-start=\"1304\" data-end=\"1347\">Kullan\u0131c\u0131lar\u0131n En \u00c7ok Arad\u0131\u011f\u0131 \u00d6zellikler<\/h2>\n<h3 style=\"text-align: center;\" data-section-id=\"161gcz7\" data-start=\"1349\" data-end=\"1369\">\ud83d\udccc \u015e\u0131k G\u00f6r\u00fcn\u00fcm<\/h3>\n<p style=\"text-align: center;\" data-start=\"1370\" data-end=\"1401\">Modern \u00e7izgilere sahip tasar\u0131m.<\/p>\n<h3 style=\"text-align: center;\" data-section-id=\"3in6yh\" data-start=\"1403\" data-end=\"1430\">\ud83d\udccc Kullan\u0131m Kolayl\u0131\u011f\u0131<\/h3>\n<p style=\"text-align: center;\" data-start=\"1431\" data-end=\"1464\">Basit ve rahat kullan\u0131m deneyimi.<\/p>\n<h3 style=\"text-align: center;\" data-section-id=\"p4lp6k\" data-start=\"1466\" data-end=\"1490\">\ud83d\udccc G\u00fcncel Modeller<\/h3>\n<p style=\"text-align: center;\" data-start=\"1491\" data-end=\"1531\">Yeni \u00e7\u0131kan ve pop\u00fcler cihaz se\u00e7enekleri.<\/p>\n\n\t\t<\/div>\n\t<\/div>\n<\/div><\/div><\/div><\/div>\n<\/div>","protected":false},"excerpt":{"rendered":"IQOS Al | Kaliteli Se\u00e7im, Modern Deneyim Yeni Nesil Teknoloji ile Modern Tercih Geli\u015fmi\u015f tasar\u0131m anlay\u0131\u015f\u0131 ve yenilik\u00e7i teknolojisiyle dikkat \u00e7eken IQOS cihazlar\u0131, modern kullan\u0131c\u0131lar\u0131n en \u00e7ok ara\u015ft\u0131rd\u0131\u011f\u0131 se\u00e7enekler aras\u0131nda yer almaktad\u0131r. \u015e\u0131k g\u00f6r\u00fcn\u00fcm, kompakt yap\u0131 ve kullan\u0131c\u0131 dostu detaylar sayesinde \u00f6ne \u00e7\u0131kan modeller, g\u00fcn\u00fcm\u00fczde yo\u011fun ilgi g\u00f6rmektedir. IQOS Neden","protected":false},"author":1,"featured_media":0,"parent":0,"menu_order":0,"comment_status":"closed","ping_status":"closed","template":"","meta":{"footnotes":""},"class_list":["post-7563","page","type-page","status-publish","hentry"],"_links":{"self":[{"href":"https:\/\/iqosprime.com\/en\/wp-json\/wp\/v2\/pages\/7563","targetHints":{"allow":["GET"]}}],"collection":[{"href":"https:\/\/iqosprime.com\/en\/wp-json\/wp\/v2\/pages"}],"about":[{"href":"https:\/\/iqosprime.com\/en\/wp-json\/wp\/v2\/types\/page"}],"author":[{"embeddable":true,"href":"https:\/\/iqosprime.com\/en\/wp-json\/wp\/v2\/users\/1"}],"replies":[{"embeddable":true,"href":"https:\/\/iqosprime.com\/en\/wp-json\/wp\/v2\/comments?post=7563"}],"version-history":[{"count":3,"href":"https:\/\/iqosprime.com\/en\/wp-json\/wp\/v2\/pages\/7563\/revisions"}],"predecessor-version":[{"id":7566,"href":"https:\/\/iqosprime.com\/en\/wp-json\/wp\/v2\/pages\/7563\/revisions\/7566"}],"wp:attachment":[{"href":"https:\/\/iqosprime.com\/en\/wp-json\/wp\/v2\/media?parent=7563"}],"curies":[{"name":"wp","href":"https:\/\/api.w.org\/{rel}","templated":true}]}}