{"id":7567,"date":"2026-04-16T17:20:37","date_gmt":"2026-04-16T14:20:37","guid":{"rendered":"https:\/\/iqosprime.com\/?page_id=7567"},"modified":"2026-04-16T17:23:39","modified_gmt":"2026-04-16T14:23:39","slug":"terea-al","status":"publish","type":"page","link":"https:\/\/iqosprime.com\/en\/terea-al\/","title":{"rendered":"Terea Al | Kaliteli Se\u00e7im, \u00d6zel Deneyim"},"content":{"rendered":"<div class=\"wpb-content-wrapper\"><div class=\"vc_row wpb_row vc_row-fluid\"><div class=\"wpb_column vc_column_container vc_col-sm-12\"><div class=\"vc_column-inner\"><div class=\"wpb_wrapper\">\n\t<div class=\"wpb_text_column wpb_content_element\" >\n\t\t<div class=\"wpb_wrapper\">\n\t\t\t<h1 data-section-id=\"1vyrsv4\" data-start=\"0\" data-end=\"41\">Terea Al | Kaliteli Se\u00e7im, \u00d6zel Deneyim<\/h1>\n<h2 data-section-id=\"kte3pr\" data-start=\"43\" data-end=\"79\">Modern Tercihlerin \u00d6ne \u00c7\u0131kan \u0130smi<\/h2>\n<p data-start=\"81\" data-end=\"500\">Son d\u00f6nemde kullan\u0131c\u0131lar\u0131n en \u00e7ok ara\u015ft\u0131rd\u0131\u011f\u0131 \u00fcr\u00fcn serileri aras\u0131nda yer alan <strong data-start=\"159\" data-end=\"168\">Terea<\/strong>, dikkat \u00e7eken tasar\u0131m\u0131, farkl\u0131 seri se\u00e7enekleri ve premium g\u00f6r\u00fcn\u00fcm\u00fc ile \u00f6ne \u00e7\u0131kmaktad\u0131r. \u015e\u0131k paket yap\u0131s\u0131 ve \u00e7e\u015fitli alternatifleri sayesinde Terea hakk\u0131nda yap\u0131lan aramalar her ge\u00e7en g\u00fcn artmaktad\u0131r. Terea \u00e7e\u015fitlerini incelemek isteyen kullan\u0131c\u0131lar genellikle seri farklar\u0131, pop\u00fcler se\u00e7enekler ve g\u00fcncel detaylar\u0131 ara\u015ft\u0131rmaktad\u0131r.<\/p>\n<div class=\"no-scrollbar flex min-h-36 flex-nowrap gap-0.5 overflow-auto sm:gap-1 sm:overflow-hidden xl:min-h-44 mt-1 mb-5 &#091;&amp;:not(:first-child)&#093;:mt-4\">\n<div class=\"border-token-border-default relative w-32 shrink-0 overflow-hidden rounded-xl border-&#091;0.5px&#093; md:shrink max-h-64 sm:w-&#091;calc((100%-0.5rem)\/3)&#093; rounded-s-xl\">\n<div class=\"group\/search-image @container\/search-image relative rounded-&#091;inherit&#093; h-full w-full\">\n<div><img decoding=\"async\" class=\"bg-token-main-surface-tertiary m-0 h-full w-full object-cover\" src=\"https:\/\/images.openai.com\/static-rsc-4\/8OH2iv-E3vvh4DLIKySs_GNG4VEiW-UNlUug7GgMLyfmA8p4S3ly0YDMMRcYkOU8rU79NdWjjUQZ73lRa0btZeZfnDD2444eY5ztHPMMbP3V0hN4_8kNmkIHRtkLD-ubDqgdwVjTMOrqHePug4OS1s4dtUZUw3u7kU51OSJ41FE?purpose=inline\" alt=\"https:\/\/images.openai.com\/static-rsc-4\/OPMUn1VtwecEzgF-QzxaiW6iQYoenG1MeJ1wjZLM86mSr4n55lTZAvpdwaTI9RFe8B5FF9CBCljaDiOKrJC9iNkwBmLZnoWoAElvilZ9j7gA6sdq-gfudtadhee0LOmuqy7Fg5JG0kwegiS1QtqXrRPogntCtiLHe9lA-7WS7LvIWnjE4R6nlxruWyNWt2Wd?purpose=fullsize\" \/><\/div>\n<\/div>\n<\/div>\n<div class=\"border-token-border-default relative w-32 shrink-0 overflow-hidden rounded-xl border-&#091;0.5px&#093; md:shrink max-h-64 sm:w-&#091;calc((100%-0.5rem)\/3)&#093;\">\n<div class=\"group\/search-image @container\/search-image relative rounded-&#091;inherit&#093; h-full w-full\">\n<div><img decoding=\"async\" class=\"bg-token-main-surface-tertiary m-0 h-full w-full object-cover\" src=\"https:\/\/images.openai.com\/static-rsc-4\/N8UO25tVzBoobDXDw1vYGlfOZkt-pTgoYI8VL2ey-z-4r9T9YJXDHh5Jwu-ecIiD26Zgz6rOl9UbG6vQxnClqf7H-pTelIpQZQwNEVUWLCij4vu-miGKkUsXIyCs9H8S1NGEWY3_sTTW4bLu0lumehOUtPTBmnI4_o40eV4TJow?purpose=inline\" alt=\"https:\/\/images.openai.com\/static-rsc-4\/XvV1SelMdSI-yXjOhFhpgqbPp-SHTlaRORYCicthg934HQe7k8KGY9JOwBlw-OM9kSUkEzduaEujoic_ftZOy4zYNX4jW-vmM50sPyVR2uC2G8nf0Rc4kNopSFZn4hmRZJFsKCAS5heQzofltUxFuHn3-CZ3IthzuBUymY9nLhoYVwpIX-yt-4y8MKBNVzEk?purpose=fullsize\" \/><\/div>\n<\/div>\n<\/div>\n<div class=\"border-token-border-default relative w-32 shrink-0 overflow-hidden rounded-xl border-&#091;0.5px&#093; md:shrink max-h-64 sm:w-&#091;calc((100%-0.5rem)\/3)&#093; rounded-e-xl\">\n<div class=\"group\/search-image @container\/search-image relative rounded-&#091;inherit&#093; h-full w-full\">\n<div><img decoding=\"async\" class=\"bg-token-main-surface-tertiary m-0 h-full w-full object-cover\" src=\"https:\/\/images.openai.com\/static-rsc-4\/-_koLiM3quGWhT12UPJzBAIQEIQOPLGWfYalj-pnTHZG24_MntkTufjrJ7CAJ_BY6UMJi2l1A0TUSfZHcb4XyDifMolXtjlwx_L5z7_5RPVUI0UHtU79tdbQtScCJdLzYPZSP2yfESRebXCLlxHInILYBpU2DGNNSE0sD8Omf_E?purpose=inline\" alt=\"https:\/\/images.openai.com\/static-rsc-4\/TfLbLfODKw_89XVmXbKipEhDqz0U1c0-jdIHEG965XwARY-AdJYPgzXfZ7V9MN7UkHVVdm1mLw_ezI9pIWpsoPe3NU3rFma4H5fZ4TrMD9dREQIs9VDC27TDbLc4lmA24TDZLE2ELYNX_WtUMolrWvPnhTeMnVw8G-JfJcNp6JgcbMRgKK9Dv4Aj3jekoJSX?purpose=fullsize\" \/><\/div>\n<\/div>\n<\/div>\n<\/div>\n<hr data-start=\"544\" data-end=\"547\" \/>\n<h2 data-section-id=\"1vd748r\" data-start=\"549\" data-end=\"589\">Neden Terea Bu Kadar Tercih Ediliyor?<\/h2>\n<h3 data-section-id=\"z12z7z\" data-start=\"591\" data-end=\"618\">\u2728 Modern ve \u015e\u0131k Tasar\u0131m<\/h3>\n<p data-start=\"619\" data-end=\"701\">Terea serileri, estetik paket tasar\u0131m\u0131 ve premium g\u00f6r\u00fcn\u00fcm\u00fc ile dikkat \u00e7ekmektedir.<\/p>\n<h3 data-section-id=\"4g9iid\" data-start=\"703\" data-end=\"733\">\ud83d\udce6 Farkl\u0131 Seri Se\u00e7enekleri<\/h3>\n<p data-start=\"734\" data-end=\"826\">Kullan\u0131c\u0131 tercihlerine g\u00f6re \u00e7e\u015fitli se\u00e7enekler sunan Terea serileri, geni\u015f ilgi g\u00f6rmektedir.<\/p>\n<h3 data-section-id=\"m2wig6\" data-start=\"828\" data-end=\"860\">\ud83d\udd0d Yo\u011fun Kullan\u0131c\u0131 Aramalar\u0131<\/h3>\n<p data-start=\"861\" data-end=\"969\">Son y\u0131llarda Terea \u00e7e\u015fitleri, seri farklar\u0131 ve pop\u00fcler se\u00e7enekler internet \u00fczerinde s\u0131k\u00e7a ara\u015ft\u0131r\u0131lmaktad\u0131r.<\/p>\n<h3 data-section-id=\"1uotpqu\" data-start=\"971\" data-end=\"989\">\u2b50 Premium Alg\u0131<\/h3>\n<p data-start=\"990\" data-end=\"1073\">Kaliteli ambalaj yap\u0131s\u0131 ve modern \u00e7izgileriyle kullan\u0131c\u0131lar\u0131n ilgisini \u00e7ekmektedir.<\/p>\n<hr data-start=\"1075\" data-end=\"1078\" \/>\n<h2 data-section-id=\"5t5eea\" data-start=\"1080\" data-end=\"1116\">En \u00c7ok \u0130lgi G\u00f6ren Terea \u00c7e\u015fitleri<\/h2>\n<h3 data-section-id=\"i1gkpt\" data-start=\"1118\" data-end=\"1136\">\ud83d\udfe4 Terea Amber<\/h3>\n<p data-start=\"1137\" data-end=\"1222\">Daha karakterli seri se\u00e7enekleri aras\u0131nda \u00f6ne \u00e7\u0131kan pop\u00fcler alternatiflerden biridir.<\/p>\n<h3 data-section-id=\"1k1uhoc\" data-start=\"1224\" data-end=\"1242\">\u26aa Terea Silver<\/h3>\n<p data-start=\"1243\" data-end=\"1309\">Daha dengeli se\u00e7enek arayan kullan\u0131c\u0131lar\u0131n ilgisini \u00e7eken seridir.<\/p>\n<h3 data-section-id=\"q9m912\" data-start=\"1311\" data-end=\"1330\">\ud83d\udfe4 Terea Bronze<\/h3>\n<p data-start=\"1331\" data-end=\"1406\">Yo\u011fun tercih yapan kullan\u0131c\u0131lar\u0131n ara\u015ft\u0131rd\u0131\u011f\u0131 se\u00e7enekler aras\u0131nda yer al\u0131r.<\/p>\n<h3 data-section-id=\"17ple2c\" data-start=\"1408\" data-end=\"1432\">\ud83d\udfe3 Terea Purple Wave<\/h3>\n<p data-start=\"1433\" data-end=\"1501\">Farkl\u0131 seri deneyimi arayanlar\u0131n merak etti\u011fi se\u00e7eneklerden biridir.<\/p>\n<h3 data-section-id=\"m47x4p\" data-start=\"1503\" data-end=\"1522\">\ud83d\udfe1 Terea Yellow<\/h3>\n<p data-start=\"1523\" data-end=\"1592\">Daha hafif tercihleri ara\u015ft\u0131ran kullan\u0131c\u0131lar\u0131n dikkatini \u00e7ekmektedir.<\/p>\n<div class=\"no-scrollbar flex min-h-36 flex-nowrap gap-0.5 overflow-auto sm:gap-1 sm:overflow-hidden xl:min-h-44 mt-1 mb-5 &#091;&amp;:not(:first-child)&#093;:mt-4\">\n<div class=\"border-token-border-default relative w-32 shrink-0 overflow-hidden rounded-xl border-&#091;0.5px&#093; md:shrink max-h-64 sm:w-&#091;calc((100%-0.5rem)\/3)&#093; rounded-s-xl\">\n<div class=\"group\/search-image @container\/search-image relative rounded-&#091;inherit&#093; h-full w-full\">\n<div><img decoding=\"async\" class=\"bg-token-main-surface-tertiary m-0 h-full w-full object-cover\" src=\"https:\/\/images.openai.com\/static-rsc-4\/SAnlJ-PJ9Lw0t1xkeX0k5EU-6Z-0Z3LrCZyN2Ray0NRV-Mzgs4lOYfeBr-awvzDVgOHmS0rZVSfeiYQh4DCHrTiS2qbZUy2dLasGZE91AfMx_CSv37TqCPGWbpa7ofZU6Ou-Rxs8wFrHFHetPAxe_CG7MzfMtQ-mikUs0vfAefU?purpose=inline\" alt=\"https:\/\/images.openai.com\/static-rsc-4\/BubTb9vXgcWBn9zlooMZj0Z8IzLK00Aq3oNA8brHBovP1TSSsbknSbKgASEJ4ofH1IFKQXextdLo9Lass7Tn6-KXwOsdH1udPQ7s85bt41s1C5JrfBTMqs-64Y2_3K3kRZrCF0QwVS5lPdmisqZeHNNsfnXoCSRQEljauHqqGHNF-f2N3sJKTlih3BmvAuih?purpose=fullsize\" \/><\/div>\n<\/div>\n<\/div>\n<div class=\"border-token-border-default relative w-32 shrink-0 overflow-hidden rounded-xl border-&#091;0.5px&#093; md:shrink max-h-64 sm:w-&#091;calc((100%-0.5rem)\/3)&#093;\">\n<div class=\"group\/search-image @container\/search-image relative rounded-&#091;inherit&#093; h-full w-full\">\n<div><img decoding=\"async\" class=\"bg-token-main-surface-tertiary m-0 h-full w-full object-cover\" src=\"https:\/\/images.openai.com\/static-rsc-4\/wXWFzjghOx3OcHCaTRcTFaXEQzYIfN98u_8VMllkl7cyA3xLB9Jb3TWYKzV-Qk3PHX1KgFiVS3FiSSHwY-Af65sLtgI0bpsCdwpGiUlM9YbGIK__djWAoY7QWuCtRXqIFVuU6BFv1j1dophEvhD_EQoPJp5223DO6Onlba-4Tlo?purpose=inline\" alt=\"https:\/\/images.openai.com\/static-rsc-4\/CVex-7S2qM1DFxPjrRvXEXnbI-YyAUNp3oIezakuHx-Pjt022kleQmNNFSdsG09jOEZSv5VyKzn0WHvPpumlDltWRB2LrOOvSV5r5CHHdJPfLbD_zFPzej9Ctu3hHUcin92ux6Ot4KHyFLH1_j_6GapuUhpks_WDIe2IuNS5Q7hf4tsqszNFG0al9u0QjTPz?purpose=fullsize\" \/><\/div>\n<\/div>\n<\/div>\n<div class=\"border-token-border-default relative w-32 shrink-0 overflow-hidden rounded-xl border-&#091;0.5px&#093; md:shrink max-h-64 sm:w-&#091;calc((100%-0.5rem)\/3)&#093; rounded-e-xl\">\n<div class=\"group\/search-image @container\/search-image relative rounded-&#091;inherit&#093; h-full w-full\">\n<div><img decoding=\"async\" class=\"bg-token-main-surface-tertiary m-0 h-full w-full object-cover\" src=\"https:\/\/images.openai.com\/static-rsc-4\/oSPvDuMFEyVMJwptexk68g--84BeFadk6GlLVYtTxaHCE-cP8IxVbgIzyEIZMpQ7yDR7tQVCbmdr6ZgxDUQWBBXl9Pc3a_KW5sw-QrVX7GreOVBZRuzuDS_QAMD1TBR-PXVvOiLHVQUGGnX4wEaLtutpLsvmvdZbwiSYazgVfuE?purpose=inline\" alt=\"https:\/\/images.openai.com\/static-rsc-4\/VgcPfY4OKIxGrrkBEruwMZiC3mSCmIy-XX21LGbCzUAZ92l-h5zhK7tx95hvoW5EDLtEPj4Ft3MzhU2AbO6o4E4QTH_w_WTFrLLNwbmAk-DQm8g72jhMURDBolJZuGvReWNEeEAJve55hBuZ22MTBYlc_Ov7f8gzi_bjvbhVrihLwG45UoHEKWmY995kbOkU?purpose=fullsize\" \/><\/div>\n<div class=\"pointer-events-none absolute inset-x-2 bottom-2 z-0 flex max-w-&#091;calc(100%-1rem)&#093; flex-wrap items-end justify-end gap-1.5\">\n<div class=\"shrink-0\">\n<div class=\"flex items-center gap-1 rounded-full px-2 py-1.5 text-white backdrop-blur-md backdrop-brightness-75\"><span class=\"text-xs font-semibold\">5<\/span><\/div>\n<\/div>\n<\/div>\n<\/div>\n<\/div>\n<\/div>\n<hr data-start=\"1636\" data-end=\"1639\" \/>\n<h2 data-section-id=\"1itqara\" data-start=\"1641\" data-end=\"1689\">Terea \u00c7e\u015fitleri Aras\u0131nda Nas\u0131l Se\u00e7im Yap\u0131l\u0131r?<\/h2>\n<h3 data-section-id=\"pj94mq\" data-start=\"1691\" data-end=\"1710\">\ud83d\udccc Seri Tercihi<\/h3>\n<p data-start=\"1711\" data-end=\"1785\">Kullan\u0131c\u0131lar genellikle kendi beklentilerine g\u00f6re seri se\u00e7imi yapmaktad\u0131r.<\/p>\n<h3 data-section-id=\"prpfz3\" data-start=\"1787\" data-end=\"1811\">\ud83d\udccc Pop\u00fclerlik Durumu<\/h3>\n<p data-start=\"1812\" data-end=\"1873\">Baz\u0131 seriler d\u00f6nemsel olarak daha fazla ilgi g\u00f6rebilmektedir.<\/p>\n<h3 data-section-id=\"13i0y79\" data-start=\"1875\" data-end=\"1900\">\ud83d\udccc Tasar\u0131m ve Ambalaj<\/h3>\n<p data-start=\"1901\" data-end=\"1958\">Renk ve paket g\u00f6r\u00fcn\u00fcm\u00fc de se\u00e7im yaparken etkili olabilir.<\/p>\n<hr data-start=\"1960\" data-end=\"1963\" \/>\n<h2 data-section-id=\"13krtsf\" data-start=\"1965\" data-end=\"2002\">Kullan\u0131c\u0131lar\u0131n S\u0131k Sordu\u011fu Sorular<\/h2>\n<h3 data-section-id=\"9h9maa\" data-start=\"2004\" data-end=\"2028\">Terea neden pop\u00fcler?<\/h3>\n<p data-start=\"2029\" data-end=\"2106\">Modern g\u00f6r\u00fcn\u00fcm\u00fc, \u00e7e\u015fitli seri se\u00e7enekleri ve yo\u011fun ilgi nedeniyle pop\u00fclerdir.<\/p>\n<h3 data-section-id=\"1lg6i0b\" data-start=\"2108\" data-end=\"2147\">En \u00e7ok tercih edilen Terea hangisi?<\/h3>\n<p data-start=\"2148\" data-end=\"2252\">Bu durum kullan\u0131c\u0131 beklentisine g\u00f6re de\u011fi\u015fmekle birlikte Amber ve Silver serileri s\u0131k ara\u015ft\u0131r\u0131lmaktad\u0131r.<\/p>\n<h3 data-section-id=\"z9amyp\" data-start=\"2254\" data-end=\"2291\">Terea \u00e7e\u015fitleri g\u00fcncelleniyor mu?<\/h3>\n<p data-start=\"2292\" data-end=\"2356\">D\u00f6nemsel olarak yeni seri ve se\u00e7enekler g\u00fcndeme gelebilmektedir.<\/p>\n\n\t\t<\/div>\n\t<\/div>\n<\/div><\/div><\/div><\/div>\n<\/div>","protected":false},"excerpt":{"rendered":"Terea Al | Kaliteli Se\u00e7im, \u00d6zel Deneyim Modern Tercihlerin \u00d6ne \u00c7\u0131kan \u0130smi Son d\u00f6nemde kullan\u0131c\u0131lar\u0131n en \u00e7ok ara\u015ft\u0131rd\u0131\u011f\u0131 \u00fcr\u00fcn serileri aras\u0131nda yer alan Terea, dikkat \u00e7eken tasar\u0131m\u0131, farkl\u0131 seri se\u00e7enekleri ve premium g\u00f6r\u00fcn\u00fcm\u00fc ile \u00f6ne \u00e7\u0131kmaktad\u0131r. \u015e\u0131k paket yap\u0131s\u0131 ve \u00e7e\u015fitli alternatifleri sayesinde Terea hakk\u0131nda yap\u0131lan aramalar her ge\u00e7en g\u00fcn","protected":false},"author":1,"featured_media":0,"parent":0,"menu_order":0,"comment_status":"closed","ping_status":"closed","template":"","meta":{"footnotes":""},"class_list":["post-7567","page","type-page","status-publish","hentry"],"_links":{"self":[{"href":"https:\/\/iqosprime.com\/en\/wp-json\/wp\/v2\/pages\/7567","targetHints":{"allow":["GET"]}}],"collection":[{"href":"https:\/\/iqosprime.com\/en\/wp-json\/wp\/v2\/pages"}],"about":[{"href":"https:\/\/iqosprime.com\/en\/wp-json\/wp\/v2\/types\/page"}],"author":[{"embeddable":true,"href":"https:\/\/iqosprime.com\/en\/wp-json\/wp\/v2\/users\/1"}],"replies":[{"embeddable":true,"href":"https:\/\/iqosprime.com\/en\/wp-json\/wp\/v2\/comments?post=7567"}],"version-history":[{"count":4,"href":"https:\/\/iqosprime.com\/en\/wp-json\/wp\/v2\/pages\/7567\/revisions"}],"predecessor-version":[{"id":7571,"href":"https:\/\/iqosprime.com\/en\/wp-json\/wp\/v2\/pages\/7567\/revisions\/7571"}],"wp:attachment":[{"href":"https:\/\/iqosprime.com\/en\/wp-json\/wp\/v2\/media?parent=7567"}],"curies":[{"name":"wp","href":"https:\/\/api.w.org\/{rel}","templated":true}]}}