{"id":3430,"date":"2025-01-13T01:33:16","date_gmt":"2025-01-12T22:33:16","guid":{"rendered":"https:\/\/iqosprime.com\/?post_type=product&#038;p=3430"},"modified":"2026-02-26T23:51:35","modified_gmt":"2026-02-26T20:51:35","slug":"terea-silver","status":"publish","type":"product","link":"https:\/\/iqosprime.com\/en\/product\/terea-silver\/","title":{"rendered":"IQOS TEREA S\u0130LVER"},"content":{"rendered":"<h1 class=\"product_title entry-title\">TEREA S\u0130LVER<\/h1>","protected":false},"excerpt":{"rendered":"<p>IQOS Iluma Terea Silver<\/p>\n<p>IQOS Iluma Terea Silver, kendine \u00f6zg\u00fc tat profili ile kullan\u0131c\u0131lara taze ve rafine bir deneyim sunar. Terea Silver\u2019\u0131n tad\u0131, \u00f6zellikle \u015fu \u00f6zelliklere sahiptir:<\/p>\n<ol class=\"wp-block-list\">\n<li><strong>Taze ve Ferah Tat Notalar\u0131:<\/strong>\u00a0Terea Silver, ferahlat\u0131c\u0131 ve taze tat notalar\u0131 ile bilinir. Bu tat profili, kullan\u0131c\u0131lara temiz ve rahatlat\u0131c\u0131 bir deneyim sunar.<\/li>\n<li><strong>Dengeli Aroma Profili:<\/strong>\u00a0Terea Silver, dengeli bir aroma sunar ve tatl\u0131 ile hafif baharatl\u0131 notalar\u0131n m\u00fckemmel bir birle\u015fimini sa\u011flar. Her \u00e7eki\u015fte tutarl\u0131 bir tat deneyimi sa\u011flar.<\/li>\n<li><strong>Temiz ve Yumu\u015fak Tat:<\/strong>\u00a0T\u00fct\u00fcn\u00fcn yak\u0131lmadan \u0131s\u0131t\u0131lmas\u0131, Terea Silver\u2019\u0131n tat profiline temiz ve yumu\u015fak bir karakter kazand\u0131r\u0131r. Bu, kullan\u0131c\u0131lar\u0131n her zaman taze ve kaliteli bir tat deneyimi ya\u015famas\u0131n\u0131 sa\u011flar.<\/li>\n<\/ol>","protected":false},"featured_media":5476,"comment_status":"open","ping_status":"closed","template":"","meta":[],"product_brand":[],"product_cat":[114],"product_tag":[],"class_list":{"0":"post-3430","1":"product","2":"type-product","3":"status-publish","4":"has-post-thumbnail","6":"product_cat-iqos-terea-sigara","8":"first","9":"instock","10":"featured","11":"taxable","12":"shipping-taxable","13":"purchasable","14":"product-type-simple"},"_links":{"self":[{"href":"https:\/\/iqosprime.com\/en\/wp-json\/wp\/v2\/product\/3430","targetHints":{"allow":["GET"]}}],"collection":[{"href":"https:\/\/iqosprime.com\/en\/wp-json\/wp\/v2\/product"}],"about":[{"href":"https:\/\/iqosprime.com\/en\/wp-json\/wp\/v2\/types\/product"}],"replies":[{"embeddable":true,"href":"https:\/\/iqosprime.com\/en\/wp-json\/wp\/v2\/comments?post=3430"}],"wp:featuredmedia":[{"embeddable":true,"href":"https:\/\/iqosprime.com\/en\/wp-json\/wp\/v2\/media\/5476"}],"wp:attachment":[{"href":"https:\/\/iqosprime.com\/en\/wp-json\/wp\/v2\/media?parent=3430"}],"wp:term":[{"taxonomy":"product_brand","embeddable":true,"href":"https:\/\/iqosprime.com\/en\/wp-json\/wp\/v2\/product_brand?post=3430"},{"taxonomy":"product_cat","embeddable":true,"href":"https:\/\/iqosprime.com\/en\/wp-json\/wp\/v2\/product_cat?post=3430"},{"taxonomy":"product_tag","embeddable":true,"href":"https:\/\/iqosprime.com\/en\/wp-json\/wp\/v2\/product_tag?post=3430"}],"curies":[{"name":"wp","href":"https:\/\/api.w.org\/{rel}","templated":true}]}}