{"id":3432,"date":"2025-01-13T01:34:53","date_gmt":"2025-01-12T22:34:53","guid":{"rendered":"https:\/\/iqosprime.com\/?post_type=product&#038;p=3432"},"modified":"2026-02-26T23:51:09","modified_gmt":"2026-02-26T20:51:09","slug":"terea-turquaz","status":"publish","type":"product","link":"https:\/\/iqosprime.com\/en\/product\/terea-turquaz\/","title":{"rendered":"IQOS TEREA TURQUAZ"},"content":{"rendered":"<h1 class=\"product_title entry-title\">TEREA TURQUAZ<\/h1>","protected":false},"excerpt":{"rendered":"<p><strong>Terea Turkuaz: Ferah ve Canland\u0131r\u0131c\u0131 Tat Profili<\/strong><\/p>\n<p>IQOS Iluma Terea Turkuaz, kendine \u00f6zg\u00fc tat profili ile kullan\u0131c\u0131lara ferah ve taze bir deneyim sunar. Terea Turkuaz\u2019\u0131n tad\u0131, \u00f6zellikle \u015fu \u00f6zelliklere sahiptir:<\/p>\n<ol class=\"wp-block-list\">\n<li><strong>Ferah ve Canland\u0131r\u0131c\u0131 Tat Notalar\u0131:<\/strong>\u00a0Terea Turkuaz, t\u00fct\u00fcn\u00fcn hafif ve canland\u0131r\u0131c\u0131 tat notalar\u0131 ile bilinir. Bu tat profili, kullan\u0131c\u0131ya rahatlat\u0131c\u0131 ve enerjik bir deneyim sunar.<\/li>\n<li><strong>Dengeli ve Yumu\u015fak Aroma:<\/strong>\u00a0Terea Turkuaz, dengeli bir aroma profili sunarak mentoll\u00fc tad\u0131n uyumunu sa\u011flar. Her \u00e7eki\u015fte tutarl\u0131 ve yumu\u015fak bir tat deneyimi sunar.<\/li>\n<li><strong>Temiz ve Net Tat:<\/strong>\u00a0T\u00fct\u00fcn\u00fcn yak\u0131lmadan \u0131s\u0131t\u0131lmas\u0131, Terea Turkuaz\u2019\u0131n tat profiline temiz ve net bir karakter kazand\u0131r\u0131r. Bu, kullan\u0131c\u0131lar\u0131n her zaman taze ve kaliteli bir tat deneyimi ya\u015famas\u0131n\u0131 sa\u011flar.<\/li>\n<\/ol>","protected":false},"featured_media":5473,"comment_status":"open","ping_status":"closed","template":"","meta":[],"product_brand":[],"product_cat":[114],"product_tag":[],"class_list":{"0":"post-3432","1":"product","2":"type-product","3":"status-publish","4":"has-post-thumbnail","6":"product_cat-iqos-terea-sigara","8":"first","9":"instock","10":"featured","11":"taxable","12":"shipping-taxable","13":"purchasable","14":"product-type-simple"},"_links":{"self":[{"href":"https:\/\/iqosprime.com\/en\/wp-json\/wp\/v2\/product\/3432","targetHints":{"allow":["GET"]}}],"collection":[{"href":"https:\/\/iqosprime.com\/en\/wp-json\/wp\/v2\/product"}],"about":[{"href":"https:\/\/iqosprime.com\/en\/wp-json\/wp\/v2\/types\/product"}],"replies":[{"embeddable":true,"href":"https:\/\/iqosprime.com\/en\/wp-json\/wp\/v2\/comments?post=3432"}],"wp:featuredmedia":[{"embeddable":true,"href":"https:\/\/iqosprime.com\/en\/wp-json\/wp\/v2\/media\/5473"}],"wp:attachment":[{"href":"https:\/\/iqosprime.com\/en\/wp-json\/wp\/v2\/media?parent=3432"}],"wp:term":[{"taxonomy":"product_brand","embeddable":true,"href":"https:\/\/iqosprime.com\/en\/wp-json\/wp\/v2\/product_brand?post=3432"},{"taxonomy":"product_cat","embeddable":true,"href":"https:\/\/iqosprime.com\/en\/wp-json\/wp\/v2\/product_cat?post=3432"},{"taxonomy":"product_tag","embeddable":true,"href":"https:\/\/iqosprime.com\/en\/wp-json\/wp\/v2\/product_tag?post=3432"}],"curies":[{"name":"wp","href":"https:\/\/api.w.org\/{rel}","templated":true}]}}