{"id":3438,"date":"2025-01-13T13:43:10","date_gmt":"2025-01-13T10:43:10","guid":{"rendered":"https:\/\/iqosprime.com\/?post_type=product&#038;p=3438"},"modified":"2026-02-26T23:48:34","modified_gmt":"2026-02-26T20:48:34","slug":"terea-bronz","status":"publish","type":"product","link":"https:\/\/iqosprime.com\/en\/product\/terea-bronz\/","title":{"rendered":"IQOS TEREA BRONZ"},"content":{"rendered":"<h2 class=\"woocommerce-loop-product__title\">TEREA BRONZ<\/h2>","protected":false},"excerpt":{"rendered":"<h2 data-sourcepos=\"1:1-1:80\">TEREA Bronze Nedir?<\/h2>\n<p data-sourcepos=\"3:1-3:390\">TEREA Bronze, IQOS ILUMA cihazlar\u0131 ile kullan\u0131lmak \u00fczere \u00f6zel olarak tasarlanm\u0131\u015f t\u00fct\u00fcn \u0131s\u0131tma \u00e7ubuklar\u0131d\u0131r. Geleneksel sigaralar\u0131n aksine, t\u00fct\u00fcn\u00fc yakmak yerine \u0131s\u0131tarak nikotin i\u00e7eren bir aerosol \u00fcretir. Bu sayede, k\u00fcl, duman ve sigara kokusu olmadan ger\u00e7ek t\u00fct\u00fcn tad\u0131n\u0131 deneyimleyebilirsiniz. TEREA Bronze, \u00f6zellikle dengeli ve yumu\u015fak bir t\u00fct\u00fcn aromas\u0131 arayanlar i\u00e7in ideal bir tercihtir.<\/p>\n<h2 data-sourcepos=\"5:1-5:18\">TEREA Bronze Aroma \u0130\u00e7eri\u011fi<\/h2>\n<p data-sourcepos=\"7:1-7:482\"><span class=\"citation-0 entailed citation-end-0\" tabindex=\"0\" role=\"button\">TEREA Bronze, \u00f6zenle se\u00e7ilmi\u015f t\u00fct\u00fcn yapraklar\u0131n\u0131n harmanlanmas\u0131yla elde edilen kendine \u00f6zg\u00fc bir aroma profiline sahiptir.<\/span>\u00a0<span class=\"citation-1 entailed citation-end-1\" tabindex=\"0\" role=\"button\">Bu harmana kakao ve kuru meyve notalar\u0131 eklenerek, damakta zengin ve \u00e7ok katmanl\u0131 bir tat b\u0131rakmas\u0131 sa\u011flanm\u0131\u015ft\u0131r.\u00a0<\/span>Kakaonun hafif ac\u0131l\u0131\u011f\u0131, kuru meyvelerin tatl\u0131l\u0131\u011f\u0131yla m\u00fckemmel bir uyum i\u00e7indedir ve t\u00fct\u00fcn\u00fcn do\u011fal aromas\u0131n\u0131 tamamlar. TEREA Bronze, bu e\u015fsiz kar\u0131\u015f\u0131m sayesinde geleneksel sigaralardan farkl\u0131 ve keyifli bir deneyim sunar.<\/p>\n<h2 data-sourcepos=\"9:1-9:18\">TEREA Bronze Nikotin Oran\u0131<\/h2>\n<p data-sourcepos=\"11:1-11:208\">Her bir TEREA Bronze \u00e7ubu\u011fu, 0.5 mg nikotin i\u00e7erir. Bu oran, \u00e7o\u011fu geleneksel sigaraya g\u00f6re daha d\u00fc\u015f\u00fckt\u00fcr. Ancak, TEREA Bronze\u2019un nikotin i\u00e7eri\u011fi, tatmin edici bir deneyim sunacak \u015fekilde optimize edilmi\u015ftir.<\/p>","protected":false},"featured_media":4144,"comment_status":"open","ping_status":"closed","template":"","meta":[],"product_brand":[],"product_cat":[114],"product_tag":[],"class_list":{"0":"post-3438","1":"product","2":"type-product","3":"status-publish","4":"has-post-thumbnail","6":"product_cat-iqos-terea-sigara","8":"first","9":"instock","10":"sale","11":"featured","12":"taxable","13":"shipping-taxable","14":"purchasable","15":"product-type-simple"},"_links":{"self":[{"href":"https:\/\/iqosprime.com\/en\/wp-json\/wp\/v2\/product\/3438","targetHints":{"allow":["GET"]}}],"collection":[{"href":"https:\/\/iqosprime.com\/en\/wp-json\/wp\/v2\/product"}],"about":[{"href":"https:\/\/iqosprime.com\/en\/wp-json\/wp\/v2\/types\/product"}],"replies":[{"embeddable":true,"href":"https:\/\/iqosprime.com\/en\/wp-json\/wp\/v2\/comments?post=3438"}],"wp:featuredmedia":[{"embeddable":true,"href":"https:\/\/iqosprime.com\/en\/wp-json\/wp\/v2\/media\/4144"}],"wp:attachment":[{"href":"https:\/\/iqosprime.com\/en\/wp-json\/wp\/v2\/media?parent=3438"}],"wp:term":[{"taxonomy":"product_brand","embeddable":true,"href":"https:\/\/iqosprime.com\/en\/wp-json\/wp\/v2\/product_brand?post=3438"},{"taxonomy":"product_cat","embeddable":true,"href":"https:\/\/iqosprime.com\/en\/wp-json\/wp\/v2\/product_cat?post=3438"},{"taxonomy":"product_tag","embeddable":true,"href":"https:\/\/iqosprime.com\/en\/wp-json\/wp\/v2\/product_tag?post=3438"}],"curies":[{"name":"wp","href":"https:\/\/api.w.org\/{rel}","templated":true}]}}