{"id":3442,"date":"2025-01-13T19:37:44","date_gmt":"2025-01-13T16:37:44","guid":{"rendered":"https:\/\/iqosprime.com\/?post_type=product&#038;p=3442"},"modified":"2026-02-27T13:49:28","modified_gmt":"2026-02-27T10:49:28","slug":"terea-purple","status":"publish","type":"product","link":"https:\/\/iqosprime.com\/en\/product\/terea-purple\/","title":{"rendered":"IQOS TEREA PURPLE"},"content":{"rendered":"<h3><strong>TEREA Purple<\/strong><\/h3>\n<ul>\n<li><strong>Tat Profili<\/strong>: Meyvemsi ve ferahlat\u0131c\u0131 bir aroma sunar. \u00d6zellikle orman meyveleri ve hafif \u00e7i\u00e7eksi dokunu\u015flarla zenginle\u015ftirilmi\u015ftir.<\/li>\n<li><strong>Kime Hitap Eder<\/strong>: Tatl\u0131 ve meyveli aromalar\u0131 seven kullan\u0131c\u0131lar i\u00e7in idealdir.<\/li>\n<li><strong>Denge<\/strong>: Orta yo\u011funlukta bir t\u00fct\u00fcn tad\u0131 ile yumu\u015fak i\u00e7im sunar.<\/li>\n<\/ul>","protected":false},"excerpt":{"rendered":"<h2 data-sourcepos=\"1:1-1:22\">TEREA Purple Nedir?<\/h2>\n<p data-sourcepos=\"3:1-3:264\"><strong>TEREA Purple<\/strong>, IQOS ILUMA cihazlar\u0131 i\u00e7in \u00f6zel olarak tasarlanm\u0131\u015f bir t\u00fct\u00fcn \u00e7ubu\u011fu t\u00fcr\u00fcd\u00fcr. IQOS\u2019un yeni nesil cihaz\u0131 ILUMA, geleneksel \u0131s\u0131tma b\u0131\u00e7a\u011f\u0131 yerine SMARTCORE INDUCTION SYSTEM\u2122 teknolojisi kullan\u0131r ve TEREA \u00e7ubuklar\u0131 bu teknoloji ile optimize edilmi\u015ftir.<\/p>\n<h3 data-sourcepos=\"5:1-5:32\">TEREA Purple\u2019\u0131n \u00d6zellikleri:<\/h3>\n<ul data-sourcepos=\"7:1-11:0\">\n<li data-sourcepos=\"7:1-7:227\"><strong>Benzersiz Aroma:<\/strong>\u00a0TEREA Purple, kendine \u00f6zg\u00fc bir aroma profili sunar. Genellikle hafif ve ferahlat\u0131c\u0131 bir tat olarak tan\u0131mlan\u0131r. Bu aroma, t\u00fct\u00fcn\u00fcn do\u011fal lezzetine ek olarak, eklenmi\u015f tatland\u0131r\u0131c\u0131lar sayesinde ortaya \u00e7\u0131kar.<\/li>\n<li data-sourcepos=\"8:1-8:174\"><strong>IQOS ILUMA ile Uyumluluk:<\/strong>\u00a0TEREA \u00e7ubuklar\u0131, sadece IQOS ILUMA cihazlar\u0131yla kullan\u0131ma uygundur. Cihaz\u0131n \u00f6zel tasar\u0131m\u0131 sayesinde \u00e7ubuklar, e\u015fsiz bir \u0131s\u0131tma deneyimi sunar.<\/li>\n<li data-sourcepos=\"9:1-9:132\"><strong>Temiz ve Kullan\u0131\u015fl\u0131:<\/strong>\u00a0TEREA \u00e7ubuklar\u0131, geleneksel sigaralara k\u0131yasla daha az koku b\u0131rak\u0131r ve temiz bir kullan\u0131m deneyimi sunar.<\/li>\n<li data-sourcepos=\"10:1-11:0\"><strong>Farkl\u0131 Aromalar:<\/strong>\u00a0TEREA serisi, farkl\u0131 aroma se\u00e7enekleri sunarak kullan\u0131c\u0131lar\u0131n kendi zevklerine uygun bir \u00fcr\u00fcn bulmalar\u0131n\u0131 sa\u011flar.<\/li>\n<\/ul>\n<h3 data-sourcepos=\"12:1-12:34\">TEREA Purple Nas\u0131l Kullan\u0131l\u0131r?<\/h3>\n<ol data-sourcepos=\"14:1-17:0\">\n<li>\n<ol data-sourcepos=\"14:1-17:0\">\n<li data-sourcepos=\"14:1-14:77\"><strong>IQOS ILUMA\u2019y\u0131 Haz\u0131rlay\u0131n:<\/strong>\u00a0Cihaz\u0131n\u0131z\u0131 a\u00e7\u0131n ve \u0131s\u0131tma i\u015flemini ba\u015flat\u0131n.<\/li>\n<li data-sourcepos=\"15:1-15:80\"><strong>TEREA \u00c7ubu\u011funu Yerle\u015ftirin:<\/strong>\u00a0TEREA Purple \u00e7ubu\u011funu cihaz\u0131n\u0131za yerle\u015ftirin.<\/li>\n<li data-sourcepos=\"16:1-17:0\"><strong>Kullan\u0131m:<\/strong>\u00a0Cihaz\u0131n\u0131z\u0131n titre\u015fimiyle birlikte kullanmaya ba\u015flayabilirsiniz.<\/li>\n<\/ol>\n<\/li>\n<\/ol>\n<ul data-sourcepos=\"22:1-26:0\">\n<li data-sourcepos=\"22:1-22:94\"><strong>Daha Az Zararl\u0131:<\/strong>\u00a0T\u00fct\u00fcn\u00fcn yak\u0131lmamas\u0131 sayesinde zararl\u0131 yanma \u00fcr\u00fcnlerinin olu\u015fumu azal\u0131r.<\/li>\n<li data-sourcepos=\"23:1-23:45\"><strong>Daha Az Koku:<\/strong>\u00a0\u00c7evrenizi rahats\u0131z etmez.<\/li>\n<li data-sourcepos=\"24:1-24:98\"><strong>Farkl\u0131 Lezzetler:<\/strong>\u00a0Farkl\u0131 aroma se\u00e7enekleriyle damak zevkinize uygun bir \u00fcr\u00fcn bulabilirsiniz.<\/li>\n<li data-sourcepos=\"25:1-26:0\"><strong>Modern Tasar\u0131m:<\/strong>\u00a0\u015e\u0131k ve kullan\u0131\u015fl\u0131 tasar\u0131m\u0131yla g\u00fcnl\u00fck hayat\u0131n\u0131za uyum sa\u011flar.<\/li>\n<\/ul>\n<h3 data-sourcepos=\"27:1-27:35\">TEREA Purple Kimler \u0130\u00e7in Uygun?<\/h3>\n<ul data-sourcepos=\"29:1-32:0\">\n<li data-sourcepos=\"29:1-29:97\"><strong>Farkl\u0131 Lezzetler Deneyenler:<\/strong>\u00a0T\u00fct\u00fcn deneyimlerine farkl\u0131l\u0131k katmak isteyenler i\u00e7in idealdir.<\/li>\n<li data-sourcepos=\"30:1-30:143\"><strong>Hafif ve Ferahlat\u0131c\u0131 Aromalar\u0131 Sevenler:<\/strong>\u00a0TEREA Purple\u2019\u0131n hafif ve ferahlat\u0131c\u0131 aromas\u0131, bu t\u00fcr tatlar\u0131 tercih edenler i\u00e7in uygun olabilir.<\/li>\n<li data-sourcepos=\"31:1-32:0\"><strong>IQOS ILUMA Kullan\u0131c\u0131lar\u0131:<\/strong>\u00a0Sadece IQOS ILUMA cihazlar\u0131yla uyumlu oldu\u011fu i\u00e7in, bu cihaz\u0131 kullananlar i\u00e7in ideal bir se\u00e7enektir.<\/li>\n<\/ul>","protected":false},"featured_media":5471,"comment_status":"open","ping_status":"closed","template":"","meta":[],"product_brand":[],"product_cat":[114],"product_tag":[],"class_list":{"0":"post-3442","1":"product","2":"type-product","3":"status-publish","4":"has-post-thumbnail","6":"product_cat-iqos-terea-sigara","8":"first","9":"instock","10":"taxable","11":"shipping-taxable","12":"purchasable","13":"product-type-simple"},"_links":{"self":[{"href":"https:\/\/iqosprime.com\/en\/wp-json\/wp\/v2\/product\/3442","targetHints":{"allow":["GET"]}}],"collection":[{"href":"https:\/\/iqosprime.com\/en\/wp-json\/wp\/v2\/product"}],"about":[{"href":"https:\/\/iqosprime.com\/en\/wp-json\/wp\/v2\/types\/product"}],"replies":[{"embeddable":true,"href":"https:\/\/iqosprime.com\/en\/wp-json\/wp\/v2\/comments?post=3442"}],"wp:featuredmedia":[{"embeddable":true,"href":"https:\/\/iqosprime.com\/en\/wp-json\/wp\/v2\/media\/5471"}],"wp:attachment":[{"href":"https:\/\/iqosprime.com\/en\/wp-json\/wp\/v2\/media?parent=3442"}],"wp:term":[{"taxonomy":"product_brand","embeddable":true,"href":"https:\/\/iqosprime.com\/en\/wp-json\/wp\/v2\/product_brand?post=3442"},{"taxonomy":"product_cat","embeddable":true,"href":"https:\/\/iqosprime.com\/en\/wp-json\/wp\/v2\/product_cat?post=3442"},{"taxonomy":"product_tag","embeddable":true,"href":"https:\/\/iqosprime.com\/en\/wp-json\/wp\/v2\/product_tag?post=3442"}],"curies":[{"name":"wp","href":"https:\/\/api.w.org\/{rel}","templated":true}]}}