{"id":3619,"date":"2025-12-19T18:18:39","date_gmt":"2025-12-19T15:18:39","guid":{"rendered":"https:\/\/iqosprime.com\/?post_type=product&#038;p=3619"},"modified":"2026-03-18T01:31:36","modified_gmt":"2026-03-17T22:31:36","slug":"terea-tidal","status":"publish","type":"product","link":"https:\/\/iqosprime.com\/en\/product\/terea-tidal\/","title":{"rendered":"TEREA T\u0130DAL"},"content":{"rendered":"","protected":false},"excerpt":{"rendered":"<div class=\"Y3BBE\" data-sfc-cp=\"\" data-sfc-cb=\"\" data-hveid=\"CAEIABAF\"><strong class=\"Yjhzub\" data-sfc-cb=\"\">Terea Tidal Pearl \u00d6zellikleri:<\/strong><button class=\"rBl3me\" tabindex=\"0\" data-amic=\"true\" data-icl-uuid=\"2cbca25c-7ee9-482a-b6f1-7cd177f8567a\" aria-label=\"\u0130lgili ba\u011flant\u0131lar\u0131 g\u00f6ster\" data-wiz-attrbind=\"disabled=cKWZw_e\/C5gNJc;aria-label=cKWZw_e\/bOjMyf;class=cKWZw_e\/UpSNec\" data-ved=\"2ahUKEwj0k67k_aeTAxXaR_EDHcDaDk4Qye0OegYIAQgAEAY\" data-hveid=\"CAEIABAG\"><\/button><\/div>\n<ul class=\"KsbFXc U6u95\" data-sfc-cb=\"\">\n<li class=\"dF3vjf\" data-sfc-cb=\"\" data-hveid=\"CAEIABAH\"><span class=\"T286Pc\" data-sfc-cp=\"\" data-sfc-cb=\"\"><strong class=\"Yjhzub\" data-sfc-cb=\"\">Aroma:<\/strong>\u00a0Ferahlat\u0131c\u0131 okyanus esintisi ve hafif t\u00fct\u00fcn.<\/span><\/li>\n<li class=\"dF3vjf\" data-sfc-cb=\"\" data-hveid=\"CAEIABAI\"><span class=\"T286Pc\" data-sfc-cp=\"\" data-sfc-cb=\"\"><strong class=\"Yjhzub\" data-sfc-cb=\"\">Kaps\u00fcl:<\/strong>\u00a0Patlat\u0131labilir mentol kaps\u00fcl\u00fc i\u00e7erir.<\/span><\/li>\n<li class=\"dF3vjf\" data-sfc-cb=\"\" data-hveid=\"CAEIABAJ\"><span class=\"T286Pc\" data-sfc-cp=\"\" data-sfc-cb=\"\"><strong class=\"Yjhzub\" data-sfc-cb=\"\">\u0130\u00e7im:<\/strong>\u00a0Yumu\u015fak ve ferahlat\u0131c\u0131.<\/span><\/li>\n<\/ul>","protected":false},"featured_media":4152,"comment_status":"open","ping_status":"closed","template":"","meta":[],"product_brand":[],"product_cat":[114],"product_tag":[],"class_list":{"0":"post-3619","1":"product","2":"type-product","3":"status-publish","4":"has-post-thumbnail","6":"product_cat-iqos-terea-sigara","8":"first","9":"instock","10":"sale","11":"taxable","12":"shipping-taxable","13":"purchasable","14":"product-type-simple"},"_links":{"self":[{"href":"https:\/\/iqosprime.com\/en\/wp-json\/wp\/v2\/product\/3619","targetHints":{"allow":["GET"]}}],"collection":[{"href":"https:\/\/iqosprime.com\/en\/wp-json\/wp\/v2\/product"}],"about":[{"href":"https:\/\/iqosprime.com\/en\/wp-json\/wp\/v2\/types\/product"}],"replies":[{"embeddable":true,"href":"https:\/\/iqosprime.com\/en\/wp-json\/wp\/v2\/comments?post=3619"}],"wp:featuredmedia":[{"embeddable":true,"href":"https:\/\/iqosprime.com\/en\/wp-json\/wp\/v2\/media\/4152"}],"wp:attachment":[{"href":"https:\/\/iqosprime.com\/en\/wp-json\/wp\/v2\/media?parent=3619"}],"wp:term":[{"taxonomy":"product_brand","embeddable":true,"href":"https:\/\/iqosprime.com\/en\/wp-json\/wp\/v2\/product_brand?post=3619"},{"taxonomy":"product_cat","embeddable":true,"href":"https:\/\/iqosprime.com\/en\/wp-json\/wp\/v2\/product_cat?post=3619"},{"taxonomy":"product_tag","embeddable":true,"href":"https:\/\/iqosprime.com\/en\/wp-json\/wp\/v2\/product_tag?post=3619"}],"curies":[{"name":"wp","href":"https:\/\/api.w.org\/{rel}","templated":true}]}}