{"id":3620,"date":"2025-12-19T18:20:46","date_gmt":"2025-12-19T15:20:46","guid":{"rendered":"https:\/\/iqosprime.com\/?post_type=product&#038;p=3620"},"modified":"2026-03-18T01:37:40","modified_gmt":"2026-03-17T22:37:40","slug":"terea-sun-pearl","status":"publish","type":"product","link":"https:\/\/iqosprime.com\/en\/product\/terea-sun-pearl\/","title":{"rendered":"\u0130QOS TEREA SUN PEARL"},"content":{"rendered":"<h2>IQOS Terea Sun Pearl Nedir?<\/h2>\n<p><strong>IQOS Terea Sun Pearl<\/strong>, IQOS\u2019un Terea serisine ait bir kaps\u00fcl \u00fcr\u00fcn\u00fcd\u00fcr. Bu \u00fcr\u00fcn,\u00a0<strong>IQOS 3.0<\/strong>,\u00a0<strong>IQOS ILUMA<\/strong>\u00a0gibi cihazlarla uyumlu \u015fekilde \u00e7al\u0131\u015f\u0131r.\u00a0<strong>IQOS Terea Sun Pearl<\/strong>, \u00f6zellikle\u00a0<strong>tatl\u0131, meyvemsi ve ferahlat\u0131c\u0131<\/strong>\u00a0aromas\u0131yla dikkat \u00e7eker ve geleneksel sigara deneyimini de\u011fi\u015ftiren bir alternatiftir. Bu kaps\u00fcller, sigara i\u00e7icilerinin daha kontroll\u00fc ve sa\u011fl\u0131kl\u0131 bir i\u00e7im deneyimi ya\u015famas\u0131n\u0131 sa\u011flamak amac\u0131yla geli\u015ftirilmi\u015ftir.<\/p>\n<h2>Aromas\u0131<\/h2>\n<p>IQOS Terea Sun Pearl, tatl\u0131 ve meyvemsi bir tada sahiptir. \u0130\u00e7imi hafif ve ferahlat\u0131c\u0131d\u0131r, bu nedenle tatl\u0131 ve hafif aromalardan ho\u015flananlar i\u00e7in uygundur.<\/p>\n<h2>Kimler \u0130\u00e7in Uygundur?<\/h2>\n<ul>\n<li><strong>Tatl\u0131 ve meyvemsi aromalar\u0131 sevenler<\/strong>: Hafif tatl\u0131, ferah ve meyvemsi aromalar isteyen kullan\u0131c\u0131lar i\u00e7in idealdir.<\/li>\n<li><strong>IQOS kullan\u0131c\u0131lar\u0131<\/strong>: IQOS cihazlar\u0131yla uyumlu oldu\u011fu i\u00e7in mevcut IQOS kullan\u0131c\u0131lar\u0131na hitap eder.<\/li>\n<li><strong>Yeni sigara i\u00e7meye ba\u015flayanlar<\/strong>: Hafif ve tatl\u0131 bir i\u00e7im arayan, yo\u011fun t\u00fct\u00fcn aromas\u0131ndan uzak duran yeni kullan\u0131c\u0131lar i\u00e7in uygundur<\/li>\n<\/ul>","protected":false},"excerpt":{"rendered":"<div class=\"Y3BBE\" data-sfc-cp=\"\" data-sfc-cb=\"\" data-hveid=\"CAEIABAG\"><strong class=\"Yjhzub\" data-sfc-cb=\"\">Terea Sun Pearl \u00d6zellikleri:<\/strong><button class=\"rBl3me\" tabindex=\"0\" data-amic=\"true\" data-icl-uuid=\"04aa5f7e-65d9-4cb6-b9fd-5cb8a495a346\" aria-label=\"\u0130lgili ba\u011flant\u0131lar\u0131 g\u00f6ster\" data-wiz-attrbind=\"disabled=HrATCf_g\/C5gNJc;aria-label=HrATCf_g\/bOjMyf;class=HrATCf_g\/UpSNec\" data-ved=\"2ahUKEwi7mPjv_qeTAxU5SvEDHbnaHRgQye0OegYIAQgAEAc\" data-hveid=\"CAEIABAH\"><\/button><\/div>\n<ul class=\"KsbFXc U6u95\" data-sfc-cb=\"\">\n<li class=\"dF3vjf\" data-sfc-cb=\"\" data-hveid=\"CAEIABAI\"><span class=\"T286Pc\" data-sfc-cp=\"\" data-sfc-cb=\"\"><strong class=\"Yjhzub\" data-sfc-cb=\"\">Ana Aroma:<\/strong>\u00a0Kavun ve egzotik meyveler.<\/span><\/li>\n<li class=\"dF3vjf\" data-sfc-cb=\"\" data-hveid=\"CAEIABAJ\"><span class=\"T286Pc\" data-sfc-cp=\"\" data-sfc-cb=\"\"><strong class=\"Yjhzub\" data-sfc-cb=\"\">Ferahl\u0131k:<\/strong>\u00a0Mentol (kaps\u00fcl patlat\u0131ld\u0131\u011f\u0131nda).<\/span><\/li>\n<li class=\"dF3vjf\" data-sfc-cb=\"\" data-hveid=\"CAEIABAK\"><span class=\"T286Pc\" data-sfc-cp=\"\" data-sfc-cb=\"\"><strong class=\"Yjhzub\" data-sfc-cb=\"\">T\u00fct\u00fcn Yap\u0131s\u0131:<\/strong>\u00a0Hafif, dengeli ve yumu\u015fak.<\/span><\/li>\n<li class=\"dF3vjf\" data-sfc-cb=\"\" data-hveid=\"CAEIABAK\"><span class=\"T286Pc\" data-sfc-cp=\"\" data-sfc-cb=\"\"><strong class=\"Yjhzub\" data-sfc-cb=\"\">\u00d6zellik:<\/strong> \u0130\u00e7inde patlayan &#8220;inci&#8221; (kaps\u00fcl) <\/span><\/li>\n<\/ul>\n<div id=\"sdh_z9a5acDEIZ2pxc8PurWx4A0_1\">\n<div class=\"Y3BBE\" data-sfc-cp=\"\" data-sfc-cb=\"\" data-hveid=\"CAEIARAA\">Genellikle tropikal ve tatl\u0131 aromalar\u0131 sevenler i\u00e7in tasarlanm\u0131\u015f bir se\u00e7enektir.<span class=\"uJ19be notranslate\" data-wiz-uids=\"HrATCf_33,HrATCf_34\" data-sfc-cb=\"\"><span class=\"vKEkVd\" data-animation-atomic=\"\" data-wiz-attrbind=\"class=HrATCf_32\/TKHnVd\"><span aria-hidden=\"true\">\u00a0<\/span><\/span><\/span><\/div>\n<\/div>","protected":false},"featured_media":6234,"comment_status":"open","ping_status":"closed","template":"","meta":[],"product_brand":[],"product_cat":[114],"product_tag":[],"class_list":{"0":"post-3620","1":"product","2":"type-product","3":"status-publish","4":"has-post-thumbnail","6":"product_cat-iqos-terea-sigara","8":"first","9":"instock","10":"sale","11":"taxable","12":"shipping-taxable","13":"purchasable","14":"product-type-simple"},"_links":{"self":[{"href":"https:\/\/iqosprime.com\/en\/wp-json\/wp\/v2\/product\/3620","targetHints":{"allow":["GET"]}}],"collection":[{"href":"https:\/\/iqosprime.com\/en\/wp-json\/wp\/v2\/product"}],"about":[{"href":"https:\/\/iqosprime.com\/en\/wp-json\/wp\/v2\/types\/product"}],"replies":[{"embeddable":true,"href":"https:\/\/iqosprime.com\/en\/wp-json\/wp\/v2\/comments?post=3620"}],"wp:featuredmedia":[{"embeddable":true,"href":"https:\/\/iqosprime.com\/en\/wp-json\/wp\/v2\/media\/6234"}],"wp:attachment":[{"href":"https:\/\/iqosprime.com\/en\/wp-json\/wp\/v2\/media?parent=3620"}],"wp:term":[{"taxonomy":"product_brand","embeddable":true,"href":"https:\/\/iqosprime.com\/en\/wp-json\/wp\/v2\/product_brand?post=3620"},{"taxonomy":"product_cat","embeddable":true,"href":"https:\/\/iqosprime.com\/en\/wp-json\/wp\/v2\/product_cat?post=3620"},{"taxonomy":"product_tag","embeddable":true,"href":"https:\/\/iqosprime.com\/en\/wp-json\/wp\/v2\/product_tag?post=3620"}],"curies":[{"name":"wp","href":"https:\/\/api.w.org\/{rel}","templated":true}]}}