{"id":3675,"date":"2025-12-21T13:37:57","date_gmt":"2025-12-21T10:37:57","guid":{"rendered":"https:\/\/iqosprime.com\/?post_type=product&#038;p=3675"},"modified":"2026-02-26T23:45:33","modified_gmt":"2026-02-26T20:45:33","slug":"terea-zing-wawe","status":"publish","type":"product","link":"https:\/\/iqosprime.com\/en\/product\/terea-zing-wawe\/","title":{"rendered":"\u0130QOS TEREA Z\u0130NG WAWE"},"content":{"rendered":"<h3>Terea Zing Wave Kullan\u0131m\u0131nda Dikkat Edilmesi Gerekenler<\/h3>\n<p><strong>Terea Zing Wave<\/strong>\u00a0ile sigara b\u0131rakma s\u00fcrecinizi desteklerken baz\u0131 noktalara dikkat etmeniz s\u00fcreci daha verimli hale getirebilir:<\/p>\n<ol>\n<li><strong>Nikotin Seviyenizi A\u015famal\u0131 Olarak D\u00fc\u015f\u00fcr\u00fcn<\/strong>: Terea Zing Wave\u2019in farkl\u0131 nikotin seviyeleri aras\u0131ndan size uygun olan\u0131 tercih edebilirsiniz. Zamanla nikotin oran\u0131n\u0131 azaltarak, sigara ba\u011f\u0131ml\u0131l\u0131\u011f\u0131n\u0131zdan kurtulma s\u00fcrecini daha etkili bir hale getirebilirsiniz.<\/li>\n<li><strong>Farkl\u0131 Aromalar\u0131 Deneyin<\/strong>: Sigara i\u00e7me iste\u011fini azaltmak i\u00e7in Terea Zing Wave\u2019in sundu\u011fu aromal\u0131 se\u00e7enekleri deneyebilirsiniz. \u00d6zellikle meyve veya nane aromalar\u0131, sigara i\u00e7me ihtiyac\u0131n\u0131z\u0131 bast\u0131rman\u0131za yard\u0131mc\u0131 olabilir.<\/li>\n<li><strong>Cihaz\u0131n Temizli\u011fine \u00d6zen G\u00f6sterin<\/strong>: Terea Zing Wave\u2019in i\u00e7im kalitesini art\u0131rmak ve cihaz\u0131n \u00f6mr\u00fcn\u00fc uzatmak i\u00e7in d\u00fczenli olarak temizlenmesi \u00f6nerilir. Bu ad\u0131m,\u00a0<strong>Terea Zing Wave<\/strong>\u00a0deneyiminizi daha keyifli hale getirebilir.<\/li>\n<\/ol>","protected":false},"excerpt":{"rendered":"<h3>Terea Zing Wave\u2019in \u00d6zellikleri Nelerdir?<\/h3>\n<p>Terea Zing Wave, kullan\u0131c\u0131lar\u0131na sigaraya k\u0131yasla \u00e7e\u015fitli avantajlar sunmaktad\u0131r. \u0130\u015fte\u00a0<strong>Terea Zing Wave<\/strong>\u2018in \u00f6ne \u00e7\u0131kan \u00f6zellikleri:<\/p>\n<ol>\n<li><strong>Terea Zing Wave ile Buhar Deneyimi<\/strong>: Terea Zing Wave, duman yerine buhar \u00fcreterek \u00e7evreye yay\u0131lan zararl\u0131 maddeleri azalt\u0131r. Bu \u00f6zellik, sigaray\u0131 b\u0131rakmak isteyenler i\u00e7in ideal bir ge\u00e7i\u015f s\u00fcreci sunar.<\/li>\n<li><strong>Terea Zing Wave\u2019in Farkl\u0131 Aroma Se\u00e7enekleri<\/strong>: Terea Zing Wave, kullan\u0131c\u0131lar\u0131n sigara i\u00e7me al\u0131\u015fkanl\u0131\u011f\u0131n\u0131 s\u00fcrd\u00fcrebilmesi i\u00e7in \u00e7e\u015fitli aromalar sunar. Bu tatlar aras\u0131nda meyve, nane ve vanilya gibi se\u00e7enekler bulunur. Farkl\u0131 aromalarla sigara i\u00e7me iste\u011finizi azaltabilir, sigaray\u0131 b\u0131rakma s\u00fcrecinizi destekleyebilirsiniz.<\/li>\n<li><strong>Nikotin Seviyelerinin Kontrol\u00fc<\/strong>: Terea Zing Wave, sigara b\u0131rakma s\u00fcrecinde nikotin al\u0131m\u0131n\u0131 kontroll\u00fc bir \u015fekilde azaltmak isteyenler i\u00e7in farkl\u0131 nikotin seviyeleri sunar. Bu sayede kullan\u0131c\u0131lar, sigaray\u0131 b\u0131rakma s\u00fcrecini daha kolay y\u00f6netebilir.<\/li>\n<\/ol>","protected":false},"featured_media":3676,"comment_status":"open","ping_status":"closed","template":"","meta":[],"product_brand":[],"product_cat":[114],"product_tag":[],"class_list":{"0":"post-3675","1":"product","2":"type-product","3":"status-publish","4":"has-post-thumbnail","6":"product_cat-iqos-terea-sigara","8":"first","9":"instock","10":"sale","11":"taxable","12":"shipping-taxable","13":"purchasable","14":"product-type-simple"},"_links":{"self":[{"href":"https:\/\/iqosprime.com\/en\/wp-json\/wp\/v2\/product\/3675","targetHints":{"allow":["GET"]}}],"collection":[{"href":"https:\/\/iqosprime.com\/en\/wp-json\/wp\/v2\/product"}],"about":[{"href":"https:\/\/iqosprime.com\/en\/wp-json\/wp\/v2\/types\/product"}],"replies":[{"embeddable":true,"href":"https:\/\/iqosprime.com\/en\/wp-json\/wp\/v2\/comments?post=3675"}],"wp:featuredmedia":[{"embeddable":true,"href":"https:\/\/iqosprime.com\/en\/wp-json\/wp\/v2\/media\/3676"}],"wp:attachment":[{"href":"https:\/\/iqosprime.com\/en\/wp-json\/wp\/v2\/media?parent=3675"}],"wp:term":[{"taxonomy":"product_brand","embeddable":true,"href":"https:\/\/iqosprime.com\/en\/wp-json\/wp\/v2\/product_brand?post=3675"},{"taxonomy":"product_cat","embeddable":true,"href":"https:\/\/iqosprime.com\/en\/wp-json\/wp\/v2\/product_cat?post=3675"},{"taxonomy":"product_tag","embeddable":true,"href":"https:\/\/iqosprime.com\/en\/wp-json\/wp\/v2\/product_tag?post=3675"}],"curies":[{"name":"wp","href":"https:\/\/api.w.org\/{rel}","templated":true}]}}