{"id":3852,"date":"2025-12-24T16:30:09","date_gmt":"2025-12-24T13:30:09","guid":{"rendered":"https:\/\/iqosprime.com\/?post_type=product&#038;p=3852"},"modified":"2026-03-18T01:48:29","modified_gmt":"2026-03-17T22:48:29","slug":"terea-provence","status":"publish","type":"product","link":"https:\/\/iqosprime.com\/en\/product\/terea-provence\/","title":{"rendered":"TEREA PROVENCE"},"content":{"rendered":"<p><span dir=\"auto\">Malt aromalar\u0131yla zenginle\u015ftirilmi\u015f, dolgun ve kavrulmu\u015f t\u00fct\u00fcn kar\u0131\u015f\u0131m\u0131. Ancak bir kez yak\u0131ld\u0131\u011f\u0131nda, serinletici bir lezzet \u00fcz\u00fcm ve mentol notalar\u0131yla birle\u015fiyor.\u00a0<\/span><\/p>\n<div>\n<p><span dir=\"auto\">TEREA t\u00fct\u00fcn \u00e7ubuklar\u0131, IQOS Iluma cihaz serisiyle kullan\u0131m i\u00e7in tasarlanm\u0131\u015ft\u0131r. Kapa\u011f\u0131 (IQOS Iluma cihaz\u0131n\u0131zda) kayd\u0131rarak a\u00e7\u0131n ve TEREA t\u00fct\u00fcn \u00e7ubu\u011funu, filtre cihazdan uza\u011fa bakacak \u015fekilde filtrenin \u00fczerindeki \u00e7izgiye yerle\u015ftirin. Is\u0131tmaya ba\u015flamak i\u00e7in, IQOS ILUMA cihaz\u0131n\u0131z titre\u015fene ve \u0131\u015f\u0131k yan\u0131p s\u00f6nene kadar d\u00fc\u011fmeye en az 1 saniye bas\u0131l\u0131 tutun.<\/span><\/p>\n<p class=\"p1\"><span class=\"s1\"><span dir=\"auto\">Yenilik\u00e7i SMARTCORE INDUCTION SYSTEM\u2122 sistemi, \u00f6nceki IQOS modellerine k\u0131yasla size \u00e7ok daha iyi bir deneyim sunmal\u0131d\u0131r.\u00a0\u00a0<\/span><\/span><span class=\"s1\"><span dir=\"auto\">TEREA t\u00fct\u00fcn \u00e7ubuklar\u0131 tamamen kapal\u0131 bir t\u00fct\u00fcn b\u00f6l\u00fcm\u00fcne sahip oldu\u011fundan, IQOS ORIGINALS DUO veya daha \u00f6nceki b\u0131\u00e7akl\u0131 cihazlarla uyumlu de\u011fildir. B\u0131\u00e7ak \u0131s\u0131tma teknolojisine sahip bir cihazda TEREA \u00e7ubu\u011fu kullanmak b\u0131\u00e7a\u011fa zarar verebilir.<\/span><\/span><\/p>\n<p class=\"p1\"><span class=\"s1\"><span dir=\"auto\">Bir TEREA \u00e7ubu\u011fu, bir sigaran\u0131nkine benzer bir s\u00fcre sunar: 14 nefes veya 6 dakikaya kadar, hangisi \u00f6nce gelirse.\u00a0<\/span><\/span><span dir=\"auto\">\u00a0Her IQOS TEREA \u00e7ubuk paketi, yaln\u0131zca bir kez kullan\u0131lmas\u0131 gereken 20 t\u00fct\u00fcn \u00e7ubu\u011fu i\u00e7erir. Bu paketin, 20 sigaral\u0131k bir paketle ayn\u0131 s\u00fcre boyunca dayanmas\u0131n\u0131 bekleyebilirsiniz.<\/span><\/p>\n<\/div>\n<p><span class=\"s1\"><strong><span dir=\"auto\">L\u00fctfen dikkat:<\/span><\/strong><span dir=\"auto\">\u00a0IQOS ILUMA ve TEREA \u00e7ubuklar\u0131n\u0131 \u00f6nceki IQOS nesilleriyle kullanmay\u0131n, bu cihaz\u0131n\u0131za zarar verebilir. TEREA\u00a0<\/span><\/span><span class=\"s2\"><sup><span dir=\"auto\">\u2122<\/span><\/sup><\/span><span class=\"s1\"><span dir=\"auto\">\u00a0\u00a0\u00e7ubuklar\u0131n\u0131 yutmay\u0131n veya par\u00e7alar\u0131na ay\u0131rmay\u0131n. Bu \u00fcr\u00fcn, yutulmas\u0131 halinde ciddi yaralanmalara neden olabilecek keskin bir metal par\u00e7a i\u00e7ermektedir. \u00c7ocuklar\u0131n eri\u015femeyece\u011fi yerde saklay\u0131n.<\/span><\/span><\/p>","protected":false},"excerpt":{"rendered":"<div class=\"Y3BBE\" data-sfc-cp=\"\" data-sfc-cb=\"\" data-hveid=\"CAEIAhAA\" data-complete=\"true\" data-processed=\"true\">Terea\u00a0<strong class=\"Yjhzub\" data-sfc-cb=\"\" data-complete=\"true\" data-processed=\"true\">Provence Pearl<\/strong>, t\u00fct\u00fcn aromas\u0131 ile\u00a0<strong class=\"Yjhzub\" data-sfc-cb=\"\" data-complete=\"true\" data-processed=\"true\">\u00fcz\u00fcm<\/strong>\u00a0ve\u00a0<strong class=\"Yjhzub\" data-sfc-cb=\"\" data-complete=\"true\" data-processed=\"true\">mentol<\/strong>\u00a0notalar\u0131n\u0131n birle\u015fimidir.<span class=\"uJ19be notranslate\" data-wiz-uids=\"Cvydnb_g,Cvydnb_h\" data-sfc-cb=\"\" data-complete=\"true\" data-processed=\"true\"><span class=\"vKEkVd\" data-animation-atomic=\"\" data-wiz-attrbind=\"class=Cvydnb_f\/TKHnVd\" data-sae=\"\"><span aria-hidden=\"true\">\u00a0<\/span><\/span><\/span><\/p>\n<div class=\"Fwa2Od\" data-animation-skip=\"\" data-sfc-cb=\"\" data-ved=\"2ahUKEwjjz_jtgaiTAxV49rsIHeixA6kQ3s0SegYIAQgCEAI\" data-complete=\"true\"><\/div>\n<\/div>\n<div class=\"Y3BBE\" data-sfc-cp=\"\" data-sfc-cb=\"\" data-hveid=\"CAEIAxAA\" data-complete=\"true\" data-processed=\"true\">Aroman\u0131n temel \u00f6zellikleri \u015funlard\u0131r:<\/div>\n<div data-sfc-cp=\"\" data-sfc-cb=\"\" data-hveid=\"CAEIAxAA\" data-complete=\"true\" data-processed=\"true\"><\/div>\n<ul class=\"KsbFXc U6u95\" data-sfc-cb=\"\" data-complete=\"true\" data-processed=\"true\">\n<li class=\"dF3vjf\" data-sfc-cb=\"\" data-hveid=\"CAEIBBAA\" data-complete=\"true\" data-sae=\"\"><span class=\"T286Pc\" data-sfc-cp=\"\" data-sfc-cb=\"\" data-complete=\"true\"><strong class=\"Yjhzub\" data-sfc-cb=\"\" data-complete=\"true\">Temel Tat:<\/strong>\u00a0Kaps\u00fcl patlat\u0131lmadan \u00f6nce,\u00a0<strong class=\"Yjhzub\" data-sfc-cb=\"\" data-complete=\"true\">malt<\/strong>\u00a0notalar\u0131 i\u00e7eren dolgun ve kavrulmu\u015f bir t\u00fct\u00fcn tad\u0131 sunar.<\/span><\/li>\n<li class=\"dF3vjf\" data-sfc-cb=\"\" data-hveid=\"CAEIBBAB\" data-complete=\"true\" data-sae=\"\"><span class=\"T286Pc\" data-sfc-cp=\"\" data-sfc-cb=\"\" data-complete=\"true\"><strong class=\"Yjhzub\" data-sfc-cb=\"\" data-complete=\"true\">Kaps\u00fcl Aromas\u0131:<\/strong>\u00a0Filtredeki inci (pearl) kaps\u00fcl\u00fc patlat\u0131ld\u0131\u011f\u0131nda, t\u00fct\u00fcn tad\u0131na ferahlat\u0131c\u0131 bir\u00a0<strong class=\"Yjhzub\" data-sfc-cb=\"\" data-complete=\"true\">\u00fcz\u00fcm (grape)<\/strong>\u00a0ve\u00a0<strong class=\"Yjhzub\" data-sfc-cb=\"\" data-complete=\"true\">mentol<\/strong>\u00a0kar\u0131\u015f\u0131m\u0131 eklenir.<\/span><\/li>\n<li class=\"dF3vjf\" data-sfc-cb=\"\" data-hveid=\"CAEIBBAC\" data-complete=\"true\" data-sae=\"\"><span class=\"T286Pc\" data-sfc-cp=\"\" data-sfc-cb=\"\" data-complete=\"true\" aria-owns=\"action-menu-parent-container\"><strong class=\"Yjhzub\" data-sfc-cb=\"\" data-complete=\"true\">\u0130\u00e7im Deneyimi:<\/strong>\u00a0Akdeniz tazeli\u011finden ilham alan bu aromada, \u00fcz\u00fcm\u00fcn meyvemsi tad\u0131 ile mentol\u00fcn serinletici etkisi bir arada hissedilir<\/span><\/li>\n<\/ul>","protected":false},"featured_media":3853,"comment_status":"open","ping_status":"closed","template":"","meta":[],"product_brand":[],"product_cat":[114],"product_tag":[],"class_list":{"0":"post-3852","1":"product","2":"type-product","3":"status-publish","4":"has-post-thumbnail","6":"product_cat-iqos-terea-sigara","8":"first","9":"instock","10":"sale","11":"taxable","12":"shipping-taxable","13":"purchasable","14":"product-type-simple"},"_links":{"self":[{"href":"https:\/\/iqosprime.com\/en\/wp-json\/wp\/v2\/product\/3852","targetHints":{"allow":["GET"]}}],"collection":[{"href":"https:\/\/iqosprime.com\/en\/wp-json\/wp\/v2\/product"}],"about":[{"href":"https:\/\/iqosprime.com\/en\/wp-json\/wp\/v2\/types\/product"}],"replies":[{"embeddable":true,"href":"https:\/\/iqosprime.com\/en\/wp-json\/wp\/v2\/comments?post=3852"}],"wp:featuredmedia":[{"embeddable":true,"href":"https:\/\/iqosprime.com\/en\/wp-json\/wp\/v2\/media\/3853"}],"wp:attachment":[{"href":"https:\/\/iqosprime.com\/en\/wp-json\/wp\/v2\/media?parent=3852"}],"wp:term":[{"taxonomy":"product_brand","embeddable":true,"href":"https:\/\/iqosprime.com\/en\/wp-json\/wp\/v2\/product_brand?post=3852"},{"taxonomy":"product_cat","embeddable":true,"href":"https:\/\/iqosprime.com\/en\/wp-json\/wp\/v2\/product_cat?post=3852"},{"taxonomy":"product_tag","embeddable":true,"href":"https:\/\/iqosprime.com\/en\/wp-json\/wp\/v2\/product_tag?post=3852"}],"curies":[{"name":"wp","href":"https:\/\/api.w.org\/{rel}","templated":true}]}}