{"id":3854,"date":"2025-12-24T16:33:21","date_gmt":"2025-12-24T13:33:21","guid":{"rendered":"https:\/\/iqosprime.com\/?post_type=product&#038;p=3854"},"modified":"2026-03-18T01:46:50","modified_gmt":"2026-03-17T22:46:50","slug":"terea-starling","status":"publish","type":"product","link":"https:\/\/iqosprime.com\/en\/product\/terea-starling\/","title":{"rendered":"TEREA STARL\u0130NG"},"content":{"rendered":"<div class=\"Y3BBE\" data-sfc-cp=\"\" data-sfc-cb=\"\" data-hveid=\"CAIQAA\" data-complete=\"true\" data-processed=\"true\">Terea\u00a0<strong class=\"Yjhzub\" data-sfc-cb=\"\" data-complete=\"true\" data-processed=\"true\">Starling Pearl<\/strong>, t\u00fct\u00fcn aromas\u0131 ile meyvemsi ve bitkisel notalar\u0131n birle\u015fimidir. \u00dcr\u00fcn\u00fcn en belirgin \u00f6zelli\u011fi, filtresinde bulunan ve patlat\u0131ld\u0131\u011f\u0131nda tad\u0131 de\u011fi\u015ftiren aromatik kaps\u00fcld\u00fcr.<button class=\"rBl3me\" tabindex=\"0\" data-amic=\"true\" data-icl-uuid=\"e84744f0-50e1-4f96-ac4e-b30c5ec440fc\" aria-label=\"\u0130lgili ba\u011flant\u0131lar\u0131 g\u00f6ster\" data-wiz-attrbind=\"disabled=Ei9f8_d\/C5gNJc;aria-label=Ei9f8_d\/bOjMyf;class=Ei9f8_d\/UpSNec\" data-ved=\"2ahUKEwjKhsWkgaiTAxVxSPEDHTrRD8QQye0OegQIAhAB\" data-hveid=\"CAIQAQ\"><\/button><\/div>\n<div class=\"Y3BBE\" data-sfc-cp=\"\" data-sfc-cb=\"\" data-hveid=\"CAMQAA\" data-complete=\"true\" data-processed=\"true\">Aroman\u0131n detaylar\u0131 \u015fu \u015fekildedir:<\/div>\n<div data-sfc-cp=\"\" data-sfc-cb=\"\" data-hveid=\"CAMQAA\" data-complete=\"true\" data-processed=\"true\"><\/div>\n<ul class=\"KsbFXc U6u95\" data-sfc-cb=\"\" data-complete=\"true\" data-processed=\"true\">\n<li class=\"dF3vjf\" data-sfc-cb=\"\" data-hveid=\"CAQQAA\" data-complete=\"true\" data-sae=\"\"><span class=\"T286Pc\" data-sfc-cp=\"\" data-sfc-cb=\"\" data-complete=\"true\"><strong class=\"Yjhzub\" data-sfc-cb=\"\" data-complete=\"true\">Temel Tat:<\/strong>\u00a0Kaps\u00fcl patlat\u0131lmadan \u00f6nce, hafif odunsu ve\u00a0<strong class=\"Yjhzub\" data-sfc-cb=\"\" data-complete=\"true\">\u00e7ay notalar\u0131<\/strong>\u00a0i\u00e7eren kavrulmu\u015f, yumu\u015fak bir t\u00fct\u00fcn tad\u0131 sunar.<\/span><\/li>\n<li class=\"dF3vjf\" data-sfc-cb=\"\" data-hveid=\"CAQQAQ\" data-complete=\"true\" data-sae=\"\"><span class=\"T286Pc\" data-sfc-cp=\"\" data-sfc-cb=\"\" data-complete=\"true\"><strong class=\"Yjhzub\" data-sfc-cb=\"\" data-complete=\"true\">Kaps\u00fcl Aromas\u0131:<\/strong>\u00a0Filtredeki &#8220;Pearl&#8221; (inci) kaps\u00fcl\u00fc patlat\u0131ld\u0131\u011f\u0131nda;\u00a0<strong class=\"Yjhzub\" data-sfc-cb=\"\" data-complete=\"true\">\u00e7ilek (strawberry)<\/strong>,\u00a0<strong class=\"Yjhzub\" data-sfc-cb=\"\" data-complete=\"true\">fesle\u011fen (basil)<\/strong>\u00a0ve ferahlat\u0131c\u0131\u00a0<strong class=\"Yjhzub\" data-sfc-cb=\"\" data-complete=\"true\">mentol<\/strong>\u00a0aromalar\u0131 t\u00fct\u00fcn tad\u0131na kar\u0131\u015f\u0131r.<\/span><\/li>\n<li class=\"dF3vjf\" data-sfc-cb=\"\" data-hveid=\"CAQQAg\" data-complete=\"true\" data-sae=\"\"><span class=\"T286Pc\" data-sfc-cp=\"\" data-sfc-cb=\"\" data-complete=\"true\" aria-owns=\"action-menu-parent-container\"><strong class=\"Yjhzub\" data-sfc-cb=\"\" data-complete=\"true\">\u0130\u00e7im Deneyimi:<\/strong>\u00a0Hem meyvemsi (\u00e7ilek) hem de aromatik bitki (fesle\u011fen) kar\u0131\u015f\u0131m\u0131 sayesinde egzotik ve ferah bir i\u00e7im sa\u011flar.<\/span><\/li>\n<\/ul>\n<p><span dir=\"auto\">Hafif odunsu ve \u00e7ay aromalar\u0131yla yuvarlak, kavrulmu\u015f bir t\u00fct\u00fcn kar\u0131\u015f\u0131m\u0131. Ancak yak\u0131ld\u0131\u011f\u0131nda, serinletici bir lezzet bitkisel ve meyvemsi notalar ekliyor.\u00a0<\/span><\/p>\n<div style=\"text-align: start;\">\n<p><span dir=\"auto\">TEREA t\u00fct\u00fcn \u00e7ubuklar\u0131, IQOS Iluma cihaz serisiyle kullan\u0131m i\u00e7in tasarlanm\u0131\u015ft\u0131r. Kapa\u011f\u0131 (IQOS Iluma cihaz\u0131n\u0131zda) kayd\u0131rarak a\u00e7\u0131n ve TEREA t\u00fct\u00fcn \u00e7ubu\u011funu, filtre cihazdan uza\u011fa bakacak \u015fekilde filtrenin \u00fczerindeki \u00e7izgiye kadar yerle\u015ftirin. Is\u0131tmaya ba\u015flamak i\u00e7in, IQOS ILUMA cihaz\u0131n\u0131z titre\u015fene ve \u0131\u015f\u0131k yan\u0131p s\u00f6nene kadar d\u00fc\u011fmeye en az 1 saniye bas\u0131l\u0131 tutun.<\/span><\/p>\n<p class=\"p1\"><span class=\"s1\"><span dir=\"auto\">Yenilik\u00e7i SMARTCORE INDUCTION SYSTEM\u2122 sistemi, \u00f6nceki IQOS modellerine k\u0131yasla size \u00e7ok daha iyi bir deneyim sunmal\u0131d\u0131r.\u00a0\u00a0<\/span><\/span><span class=\"s1\"><span dir=\"auto\">TEREA t\u00fct\u00fcn \u00e7ubuklar\u0131 tamamen kapal\u0131 bir t\u00fct\u00fcn b\u00f6l\u00fcm\u00fcne sahip oldu\u011fundan, IQOS ORIGINALS DUO veya daha \u00f6nceki b\u0131\u00e7akl\u0131 cihazlarla uyumlu de\u011fildir. B\u0131\u00e7ak \u0131s\u0131tma teknolojisine sahip bir cihazda TEREA \u00e7ubu\u011fu kullanmak b\u0131\u00e7a\u011fa zarar verebilir.<\/span><\/span><\/p>\n<p class=\"p1\"><span class=\"s1\"><span dir=\"auto\">Bir TEREA \u00e7ubu\u011fu, bir sigaran\u0131nkine benzer bir s\u00fcre sunar: 14 nefes veya 6 dakikaya kadar, hangisi \u00f6nce gelirse.\u00a0<\/span><\/span><span dir=\"auto\">\u00a0Her IQOS TEREA \u00e7ubuk paketi, yaln\u0131zca bir kez kullan\u0131lmas\u0131 gereken 20 t\u00fct\u00fcn \u00e7ubu\u011fu i\u00e7erir. Bu paketin, 20 sigaral\u0131k bir paketle ayn\u0131 s\u00fcre boyunca dayanmas\u0131n\u0131 bekleyebilirsiniz.<\/span><\/p>\n<\/div>\n<p><span class=\"s1\"><strong><span dir=\"auto\">L\u00fctfen dikkat:<\/span><\/strong><span dir=\"auto\">\u00a0IQOS ILUMA ve TEREA \u00e7ubuklar\u0131n\u0131 \u00f6nceki IQOS nesilleriyle kullanmay\u0131n, bu cihaz\u0131n\u0131za zarar verebilir. TEREA\u00a0<\/span><\/span><span class=\"s2\"><sup><span dir=\"auto\">\u2122<\/span><\/sup><\/span><span class=\"s1\"><span dir=\"auto\">\u00a0\u00a0\u00e7ubuklar\u0131n\u0131 yutmay\u0131n veya par\u00e7alar\u0131na ay\u0131rmay\u0131n. Bu \u00fcr\u00fcn, yutulmas\u0131 halinde ciddi yaralanmalara neden olabilecek keskin bir metal par\u00e7a i\u00e7ermektedir. \u00c7ocuklar\u0131n eri\u015femeyece\u011fi yerde saklay\u0131n.<\/span><\/span><\/p>\n<p>&nbsp;<\/p>","protected":false},"excerpt":{"rendered":"<div class=\"Y3BBE\" data-sfc-cp=\"\" data-sfc-cb=\"\" data-hveid=\"CAIQAA\" data-complete=\"true\" data-processed=\"true\">Terea\u00a0<strong class=\"Yjhzub\" data-sfc-cb=\"\" data-complete=\"true\" data-processed=\"true\">Starling Pearl<\/strong>, t\u00fct\u00fcn aromas\u0131 ile meyvemsi ve bitkisel notalar\u0131n birle\u015fimidir. \u00dcr\u00fcn\u00fcn en belirgin \u00f6zelli\u011fi, filtresinde bulunan ve patlat\u0131ld\u0131\u011f\u0131nda tad\u0131 de\u011fi\u015ftiren aromatik kaps\u00fcld\u00fcr.<button class=\"rBl3me\" tabindex=\"0\" data-amic=\"true\" data-icl-uuid=\"e84744f0-50e1-4f96-ac4e-b30c5ec440fc\" aria-label=\"\u0130lgili ba\u011flant\u0131lar\u0131 g\u00f6ster\" data-wiz-attrbind=\"disabled=Ei9f8_d\/C5gNJc;aria-label=Ei9f8_d\/bOjMyf;class=Ei9f8_d\/UpSNec\" data-ved=\"2ahUKEwjKhsWkgaiTAxVxSPEDHTrRD8QQye0OegQIAhAB\" data-hveid=\"CAIQAQ\"><\/button><\/div>\n<div class=\"Y3BBE\" data-sfc-cp=\"\" data-sfc-cb=\"\" data-hveid=\"CAMQAA\" data-complete=\"true\" data-processed=\"true\">Aroman\u0131n detaylar\u0131 \u015fu \u015fekildedir:<\/div>\n<div data-sfc-cp=\"\" data-sfc-cb=\"\" data-hveid=\"CAMQAA\" data-complete=\"true\" data-processed=\"true\"><\/div>\n<ul class=\"KsbFXc U6u95\" data-sfc-cb=\"\" data-complete=\"true\" data-processed=\"true\">\n<li class=\"dF3vjf\" data-sfc-cb=\"\" data-hveid=\"CAQQAA\" data-complete=\"true\" data-sae=\"\"><span class=\"T286Pc\" data-sfc-cp=\"\" data-sfc-cb=\"\" data-complete=\"true\"><strong class=\"Yjhzub\" data-sfc-cb=\"\" data-complete=\"true\">Temel Tat:<\/strong>\u00a0Kaps\u00fcl patlat\u0131lmadan \u00f6nce, hafif odunsu ve\u00a0<strong class=\"Yjhzub\" data-sfc-cb=\"\" data-complete=\"true\">\u00e7ay notalar\u0131<\/strong>\u00a0i\u00e7eren kavrulmu\u015f, yumu\u015fak bir t\u00fct\u00fcn tad\u0131 sunar.<\/span><\/li>\n<li class=\"dF3vjf\" data-sfc-cb=\"\" data-hveid=\"CAQQAQ\" data-complete=\"true\" data-sae=\"\"><span class=\"T286Pc\" data-sfc-cp=\"\" data-sfc-cb=\"\" data-complete=\"true\"><strong class=\"Yjhzub\" data-sfc-cb=\"\" data-complete=\"true\">Kaps\u00fcl Aromas\u0131:<\/strong>\u00a0Filtredeki &#8220;Pearl&#8221; (inci) kaps\u00fcl\u00fc patlat\u0131ld\u0131\u011f\u0131nda;\u00a0<strong class=\"Yjhzub\" data-sfc-cb=\"\" data-complete=\"true\">\u00e7ilek (strawberry)<\/strong>,\u00a0<strong class=\"Yjhzub\" data-sfc-cb=\"\" data-complete=\"true\">fesle\u011fen (basil)<\/strong>\u00a0ve ferahlat\u0131c\u0131\u00a0<strong class=\"Yjhzub\" data-sfc-cb=\"\" data-complete=\"true\">mentol<\/strong>\u00a0aromalar\u0131 t\u00fct\u00fcn tad\u0131na kar\u0131\u015f\u0131r.<\/span><\/li>\n<li class=\"dF3vjf\" data-sfc-cb=\"\" data-hveid=\"CAQQAg\" data-complete=\"true\" data-sae=\"\"><span class=\"T286Pc\" data-sfc-cp=\"\" data-sfc-cb=\"\" data-complete=\"true\" aria-owns=\"action-menu-parent-container\"><strong class=\"Yjhzub\" data-sfc-cb=\"\" data-complete=\"true\">\u0130\u00e7im Deneyimi:<\/strong>\u00a0Hem meyvemsi (\u00e7ilek) hem de aromatik bitki (fesle\u011fen) kar\u0131\u015f\u0131m\u0131 sayesinde egzotik ve ferah bir i\u00e7im sa\u011flar<\/span><\/li>\n<\/ul>","protected":false},"featured_media":5470,"comment_status":"open","ping_status":"closed","template":"","meta":[],"product_brand":[],"product_cat":[114],"product_tag":[],"class_list":{"0":"post-3854","1":"product","2":"type-product","3":"status-publish","4":"has-post-thumbnail","6":"product_cat-iqos-terea-sigara","8":"first","9":"instock","10":"sale","11":"taxable","12":"shipping-taxable","13":"purchasable","14":"product-type-simple"},"_links":{"self":[{"href":"https:\/\/iqosprime.com\/en\/wp-json\/wp\/v2\/product\/3854","targetHints":{"allow":["GET"]}}],"collection":[{"href":"https:\/\/iqosprime.com\/en\/wp-json\/wp\/v2\/product"}],"about":[{"href":"https:\/\/iqosprime.com\/en\/wp-json\/wp\/v2\/types\/product"}],"replies":[{"embeddable":true,"href":"https:\/\/iqosprime.com\/en\/wp-json\/wp\/v2\/comments?post=3854"}],"wp:featuredmedia":[{"embeddable":true,"href":"https:\/\/iqosprime.com\/en\/wp-json\/wp\/v2\/media\/5470"}],"wp:attachment":[{"href":"https:\/\/iqosprime.com\/en\/wp-json\/wp\/v2\/media?parent=3854"}],"wp:term":[{"taxonomy":"product_brand","embeddable":true,"href":"https:\/\/iqosprime.com\/en\/wp-json\/wp\/v2\/product_brand?post=3854"},{"taxonomy":"product_cat","embeddable":true,"href":"https:\/\/iqosprime.com\/en\/wp-json\/wp\/v2\/product_cat?post=3854"},{"taxonomy":"product_tag","embeddable":true,"href":"https:\/\/iqosprime.com\/en\/wp-json\/wp\/v2\/product_tag?post=3854"}],"curies":[{"name":"wp","href":"https:\/\/api.w.org\/{rel}","templated":true}]}}