{"id":3856,"date":"2025-12-24T16:35:29","date_gmt":"2025-12-24T13:35:29","guid":{"rendered":"https:\/\/iqosprime.com\/?post_type=product&#038;p=3856"},"modified":"2026-03-18T01:43:03","modified_gmt":"2026-03-17T22:43:03","slug":"terea-twilight","status":"publish","type":"product","link":"https:\/\/iqosprime.com\/en\/product\/terea-twilight\/","title":{"rendered":"TEREA TW\u0130L\u0130GHT"},"content":{"rendered":"<div class=\"Y3BBE\" data-sfc-cp=\"\" data-sfc-cb=\"\" data-hveid=\"CAEIABAM\"><span style=\"font-size: 1rem;\"><span dir=\"auto\">terea <b>Twilight Pearl,<\/b><\/span><\/span><\/div>\n<div data-sfc-cp=\"\" data-sfc-cb=\"\" data-hveid=\"CAEIABAM\">\n<p><span dir=\"auto\">malt aromal\u0131, dolgun ve kavrulmu\u015f t\u00fct\u00fcn kar\u0131\u015f\u0131m\u0131d\u0131r. Ancak t\u0131kland\u0131\u011f\u0131nda, serinletici yaban mersini ve mentol hisleri ortaya \u00e7\u0131kar.\u00a0<\/span><\/p>\n<div>\n<p><span dir=\"auto\">TEREA t\u00fct\u00fcn \u00e7ubuklar\u0131, IQOS Iluma cihaz serisiyle kullan\u0131m i\u00e7in tasarlanm\u0131\u015ft\u0131r. Kapa\u011f\u0131 (IQOS Iluma cihaz\u0131n\u0131zda) kayd\u0131rarak a\u00e7\u0131n ve TEREA t\u00fct\u00fcn \u00e7ubu\u011funu, filtre cihazdan uza\u011fa bakacak \u015fekilde filtrenin \u00fczerindeki \u00e7izgiye kadar yerle\u015ftirin. Is\u0131tmaya ba\u015flamak i\u00e7in, IQOS ILUMA cihaz\u0131n\u0131z titre\u015fene ve \u0131\u015f\u0131k yan\u0131p s\u00f6nene kadar d\u00fc\u011fmeye en az 1 saniye bas\u0131l\u0131 tutun.<\/span><\/p>\n<p class=\"p1\"><span class=\"s1\"><span dir=\"auto\">Yenilik\u00e7i SMARTCORE INDUCTION SYSTEM\u2122 sistemi, \u00f6nceki IQOS modellerine k\u0131yasla size \u00e7ok daha iyi bir deneyim sunmal\u0131d\u0131r.\u00a0\u00a0<\/span><\/span><span class=\"s1\"><span dir=\"auto\">TEREA t\u00fct\u00fcn \u00e7ubuklar\u0131 tamamen kapal\u0131 bir t\u00fct\u00fcn b\u00f6l\u00fcm\u00fcne sahip oldu\u011fundan, IQOS ORIGINALS DUO veya daha \u00f6nceki b\u0131\u00e7akl\u0131 cihazlarla uyumlu de\u011fildir. B\u0131\u00e7ak \u0131s\u0131tma teknolojisine sahip bir cihazda TEREA \u00e7ubu\u011fu kullanmak b\u0131\u00e7a\u011fa zarar verebilir.<\/span><\/span><\/p>\n<p class=\"p1\"><span class=\"s1\"><span dir=\"auto\">Bir TEREA \u00e7ubu\u011fu, bir sigaran\u0131nkine benzer bir s\u00fcre sunar: 14 nefes veya 6 dakikaya kadar, hangisi \u00f6nce gelirse.\u00a0<\/span><\/span><span dir=\"auto\">\u00a0Her IQOS TEREA \u00e7ubuk paketi, yaln\u0131zca bir kez kullan\u0131lmas\u0131 gereken 20 t\u00fct\u00fcn \u00e7ubu\u011fu i\u00e7erir. Bu paketin, 20 sigaral\u0131k bir paketle ayn\u0131 s\u00fcre boyunca dayanmas\u0131n\u0131 bekleyebilirsiniz.<\/span><\/p>\n<\/div>\n<p><span class=\"s1\"><strong><span dir=\"auto\">L\u00fctfen dikkat:<\/span><\/strong><span dir=\"auto\">\u00a0IQOS ILUMA ve TEREA \u00e7ubuklar\u0131n\u0131 \u00f6nceki IQOS nesilleriyle kullanmay\u0131n, bu cihaz\u0131n\u0131za zarar verebilir. TEREA\u00a0<\/span><\/span><span class=\"s2\"><sup><span dir=\"auto\">\u2122<\/span><\/sup><\/span><span class=\"s1\"><span dir=\"auto\">\u00a0\u00a0\u00e7ubuklar\u0131n\u0131 yutmay\u0131n veya par\u00e7alar\u0131na ay\u0131rmay\u0131n. Bu \u00fcr\u00fcn, yutulmas\u0131 halinde ciddi yaralanmalara neden olabilecek keskin bir metal par\u00e7a i\u00e7ermektedir. \u00c7ocuklar\u0131n eri\u015femeyece\u011fi yerde saklay\u0131n.<\/span><\/span><\/p>\n<\/div>","protected":false},"excerpt":{"rendered":"<div class=\"Y3BBE\" data-sfc-cp=\"\" data-sfc-cb=\"\" data-hveid=\"CAEIABAC\">TEREA Twilight Pearl, IQOS Iluma cihazlar\u0131 i\u00e7in \u00f6zel olarak geli\u015ftirilmi\u015f,\u00a0<mark class=\"HxTRcb\" data-sfc-cb=\"\">dolgun ve zengin t\u00fct\u00fcn aromas\u0131 ile malt notalar\u0131n\u0131 birle\u015ftiren bir \u00e7e\u015fittir<\/mark>. Yo\u011fun t\u00fct\u00fcn tad\u0131n\u0131 hafif tatl\u0131ms\u0131 ve kavrulmu\u015f malt esintileriyle dengeleyen, serinlik derecesi y\u00fcksek bir se\u00e7enek olarak tan\u0131mlan\u0131r<\/div>\n<div data-sfc-cp=\"\" data-sfc-cb=\"\" data-hveid=\"CAEIABAG\"><\/div>\n<div class=\"Y3BBE\" data-sfc-cp=\"\" data-sfc-cb=\"\" data-hveid=\"CAEIABAG\"><strong class=\"Yjhzub\" data-sfc-cb=\"\">\u00d6ne \u00c7\u0131kan \u00d6zellikleri:<\/strong><\/div>\n<ul class=\"KsbFXc U6u95\" data-sfc-cb=\"\">\n<li class=\"dF3vjf\" data-sfc-cb=\"\" data-hveid=\"CAEIABAI\"><span class=\"T286Pc\" data-sfc-cp=\"\" data-sfc-cb=\"\"><strong class=\"Yjhzub\" data-sfc-cb=\"\">Aroma Profili:<\/strong>\u00a0Dolgun t\u00fct\u00fcn, belirgin malt notalar\u0131 Infogram.<\/span><\/li>\n<li class=\"dF3vjf\" data-sfc-cb=\"\" data-hveid=\"CAEIABAJ\"><span class=\"T286Pc\" data-sfc-cp=\"\" data-sfc-cb=\"\"><strong class=\"Yjhzub\" data-sfc-cb=\"\">\u0130\u00e7im:<\/strong>\u00a0Yo\u011fun ve zengin t\u00fct\u00fcn deneyimi arayanlar i\u00e7in uygundur.<\/span><\/li>\n<li class=\"dF3vjf\" data-sfc-cb=\"\" data-hveid=\"CAEIABAK\"><span class=\"T286Pc\" data-sfc-cp=\"\" data-sfc-cb=\"\"><strong class=\"Yjhzub\" data-sfc-cb=\"\">Kaps\u00fcl:<\/strong>\u00a0Genellikle t\u00fct\u00fcn\u00fcn karakterini de\u011fi\u015ftirmeden lezzet derinli\u011fi katan bir yap\u0131ya sahiptir.<\/span><span class=\"uJ19be notranslate\" data-wiz-uids=\"Ws6FFd_t,Ws6FFd_u\" data-sfc-cb=\"\"><span class=\"vKEkVd\" data-animation-atomic=\"\" data-wiz-attrbind=\"class=Ws6FFd_s\/TKHnVd\"><span aria-hidden=\"true\">\u00a0<\/span><\/span><\/span><\/li>\n<\/ul>\n<div class=\"Y3BBE\" data-sfc-cp=\"\" data-sfc-cb=\"\" data-hveid=\"CAEIABAM\">Twilight Pearl, \u00f6zellikle klasik t\u00fct\u00fcn tad\u0131ndan uzakla\u015fmadan daha g\u00f6vdeli ve farkl\u0131 bir i\u00e7im deneyimi arayan kullan\u0131c\u0131lar i\u00e7in ideal bir alternatiftir<\/div>","protected":false},"featured_media":5474,"comment_status":"open","ping_status":"closed","template":"","meta":[],"product_brand":[],"product_cat":[114],"product_tag":[],"class_list":{"0":"post-3856","1":"product","2":"type-product","3":"status-publish","4":"has-post-thumbnail","6":"product_cat-iqos-terea-sigara","8":"first","9":"instock","10":"sale","11":"taxable","12":"shipping-taxable","13":"purchasable","14":"product-type-simple"},"_links":{"self":[{"href":"https:\/\/iqosprime.com\/en\/wp-json\/wp\/v2\/product\/3856","targetHints":{"allow":["GET"]}}],"collection":[{"href":"https:\/\/iqosprime.com\/en\/wp-json\/wp\/v2\/product"}],"about":[{"href":"https:\/\/iqosprime.com\/en\/wp-json\/wp\/v2\/types\/product"}],"replies":[{"embeddable":true,"href":"https:\/\/iqosprime.com\/en\/wp-json\/wp\/v2\/comments?post=3856"}],"wp:featuredmedia":[{"embeddable":true,"href":"https:\/\/iqosprime.com\/en\/wp-json\/wp\/v2\/media\/5474"}],"wp:attachment":[{"href":"https:\/\/iqosprime.com\/en\/wp-json\/wp\/v2\/media?parent=3856"}],"wp:term":[{"taxonomy":"product_brand","embeddable":true,"href":"https:\/\/iqosprime.com\/en\/wp-json\/wp\/v2\/product_brand?post=3856"},{"taxonomy":"product_cat","embeddable":true,"href":"https:\/\/iqosprime.com\/en\/wp-json\/wp\/v2\/product_cat?post=3856"},{"taxonomy":"product_tag","embeddable":true,"href":"https:\/\/iqosprime.com\/en\/wp-json\/wp\/v2\/product_tag?post=3856"}],"curies":[{"name":"wp","href":"https:\/\/api.w.org\/{rel}","templated":true}]}}