{"id":4040,"date":"2025-12-28T00:57:45","date_gmt":"2025-12-27T21:57:45","guid":{"rendered":"https:\/\/iqosprime.com\/?post_type=product&#038;p=4040"},"modified":"2026-03-19T20:32:56","modified_gmt":"2026-03-19T17:32:56","slug":"i-rpime-yesil","status":"publish","type":"product","link":"https:\/\/iqosprime.com\/en\/product\/i-rpime-yesil\/","title":{"rendered":"\u0130 PR\u0130ME YE\u015e\u0130L"},"content":{"rendered":"","protected":false},"excerpt":{"rendered":"<h5>IQOS ILUMA i PR\u0130ME<\/h5>\n<h5>IQOS Ailesini En Yeni Modeli i Prime\u00a0 \u00dcst D\u00fczey Son \u00dcretilen Is\u0131tmal\u0131 Cihaz ile Ate\u015f K\u00fcl Kal\u0131nt\u0131s\u0131 K\u00f6t\u00fc Koku Olmadan Temiz ve Ferahlat\u0131c\u0131 Kusursuz Yeni Dokunmatik Ekran\u0131 \u0130le A\u00e7ma-Kapama Yap\u0131labilinen ve kullan\u0131m\u0131 Duraklatmak Devam Ettirmek i\u00e7in Duraklatma Modu Kullan\u0131labilinir.\u00a0<strong>\u0130nce \u00d6\u011f\u00fct\u00fclm\u00fc\u015f ve\u00a0 \u00d6zel Olarak Haz\u0131rlanm\u0131\u015f T\u00fct\u00fcn Kar\u0131\u015f\u0131m\u0131 Terea Is\u0131 \u00c7ubuklar\u0131n\u0131n \u0130\u00e7erisinde Bulunan Metal Sayesinde T\u00fct\u00fcn Yapraklar\u0131n\u0131 Is\u0131t\u0131r ve Bu Sayede Tad\u0131 \u00c7ok Daha P\u00fcr\u00fczs\u00fcz Sunar<\/strong><strong>.<\/strong>B\u0131\u00e7aks\u0131z ve \u00c7ekirdekten Is\u0131tan Mini Cep Cihaz\u0131d\u0131r.<\/h5>","protected":false},"featured_media":4036,"comment_status":"open","ping_status":"closed","template":"","meta":[],"product_brand":[],"product_cat":[115],"product_tag":[],"class_list":{"0":"post-4040","1":"product","2":"type-product","3":"status-publish","4":"has-post-thumbnail","6":"product_cat-iqos-iluma","8":"first","9":"instock","10":"sale","11":"taxable","12":"shipping-taxable","13":"purchasable","14":"product-type-simple"},"_links":{"self":[{"href":"https:\/\/iqosprime.com\/en\/wp-json\/wp\/v2\/product\/4040","targetHints":{"allow":["GET"]}}],"collection":[{"href":"https:\/\/iqosprime.com\/en\/wp-json\/wp\/v2\/product"}],"about":[{"href":"https:\/\/iqosprime.com\/en\/wp-json\/wp\/v2\/types\/product"}],"replies":[{"embeddable":true,"href":"https:\/\/iqosprime.com\/en\/wp-json\/wp\/v2\/comments?post=4040"}],"wp:featuredmedia":[{"embeddable":true,"href":"https:\/\/iqosprime.com\/en\/wp-json\/wp\/v2\/media\/4036"}],"wp:attachment":[{"href":"https:\/\/iqosprime.com\/en\/wp-json\/wp\/v2\/media?parent=4040"}],"wp:term":[{"taxonomy":"product_brand","embeddable":true,"href":"https:\/\/iqosprime.com\/en\/wp-json\/wp\/v2\/product_brand?post=4040"},{"taxonomy":"product_cat","embeddable":true,"href":"https:\/\/iqosprime.com\/en\/wp-json\/wp\/v2\/product_cat?post=4040"},{"taxonomy":"product_tag","embeddable":true,"href":"https:\/\/iqosprime.com\/en\/wp-json\/wp\/v2\/product_tag?post=4040"}],"curies":[{"name":"wp","href":"https:\/\/api.w.org\/{rel}","templated":true}]}}