{"id":4986,"date":"2026-01-15T23:48:30","date_gmt":"2026-01-15T20:48:30","guid":{"rendered":"https:\/\/iqosprime.com\/?post_type=product&#038;p=4986"},"modified":"2026-03-19T20:50:25","modified_gmt":"2026-03-19T17:50:25","slug":"iluma-i-fistik-yesili","status":"publish","type":"product","link":"https:\/\/iqosprime.com\/en\/product\/iluma-i-fistik-yesili\/","title":{"rendered":"\u0130LUMA \u0130  YE\u015e\u0130L"},"content":{"rendered":"","protected":false},"excerpt":{"rendered":"<p>IQOS Iluma \u0130\u2019nin \u00d6zellikleri:<br \/>\nBladeless Teknolojisi: IQOS Iluma \u0130, t\u0131pk\u0131 di\u011fer Iluma modelleri gibi b\u0131\u00e7aks\u0131z SMARTCORE INDUCTION SYSTEM\u2122 teknolojisi ile \u00e7al\u0131\u015f\u0131r. Bu sayede t\u00fct\u00fcn \u00e7ubu\u011fu, cihaz i\u00e7inde \u0131s\u0131t\u0131l\u0131r ve yanma olmaz.<br \/>\n\u015e\u0131k Tasar\u0131m: Iluma \u0130, minimalist ve modern tasar\u0131m\u0131yla dikkat \u00e7eker. \u00c7e\u015fitli renk se\u00e7enekleriyle ki\u015fisel zevkinize uygun bir model bulabilirsiniz.<br \/>\nTEREA ve DELIA T\u00fct\u00fcn \u00c7ubuklar\u0131: Iluma \u0130, \u00f6zel olarak tasarlanm\u0131\u015f TEREA ve DELIA t\u00fct\u00fcn \u00e7ubuklar\u0131yla kullan\u0131l\u0131r. Bu \u00e7ubuklar, zengin ve tatmin edici bir deneyim sunmak i\u00e7in y\u00fcksek kaliteli t\u00fct\u00fcn i\u00e7erir.<br \/>\nAk\u0131ll\u0131 \u00d6zellikler: Otomatik ba\u015flatma, ak\u0131ll\u0131 hareketler gibi geli\u015fmi\u015f \u00f6zellikleri sayesinde kullan\u0131m\u0131 olduk\u00e7a kolayd\u0131r.<br \/>\nCep \u015earj Aleti: \u015e\u0131k ve ta\u015f\u0131nabilir cep \u015farj aleti, cihaz\u0131n\u0131z\u0131 her zaman \u015farj edebilmenizi sa\u011flar.<br \/>\nH\u0131zl\u0131 Is\u0131nma: K\u0131sa s\u00fcrede \u0131s\u0131narak kullan\u0131ma haz\u0131r hale gelir.<\/p>","protected":false},"featured_media":4991,"comment_status":"open","ping_status":"closed","template":"","meta":[],"product_brand":[],"product_cat":[115],"product_tag":[],"class_list":{"0":"post-4986","1":"product","2":"type-product","3":"status-publish","4":"has-post-thumbnail","6":"product_cat-iqos-iluma","8":"first","9":"instock","10":"sale","11":"taxable","12":"shipping-taxable","13":"purchasable","14":"product-type-simple"},"_links":{"self":[{"href":"https:\/\/iqosprime.com\/en\/wp-json\/wp\/v2\/product\/4986","targetHints":{"allow":["GET"]}}],"collection":[{"href":"https:\/\/iqosprime.com\/en\/wp-json\/wp\/v2\/product"}],"about":[{"href":"https:\/\/iqosprime.com\/en\/wp-json\/wp\/v2\/types\/product"}],"replies":[{"embeddable":true,"href":"https:\/\/iqosprime.com\/en\/wp-json\/wp\/v2\/comments?post=4986"}],"wp:featuredmedia":[{"embeddable":true,"href":"https:\/\/iqosprime.com\/en\/wp-json\/wp\/v2\/media\/4991"}],"wp:attachment":[{"href":"https:\/\/iqosprime.com\/en\/wp-json\/wp\/v2\/media?parent=4986"}],"wp:term":[{"taxonomy":"product_brand","embeddable":true,"href":"https:\/\/iqosprime.com\/en\/wp-json\/wp\/v2\/product_brand?post=4986"},{"taxonomy":"product_cat","embeddable":true,"href":"https:\/\/iqosprime.com\/en\/wp-json\/wp\/v2\/product_cat?post=4986"},{"taxonomy":"product_tag","embeddable":true,"href":"https:\/\/iqosprime.com\/en\/wp-json\/wp\/v2\/product_tag?post=4986"}],"curies":[{"name":"wp","href":"https:\/\/api.w.org\/{rel}","templated":true}]}}