{"id":5105,"date":"2026-01-19T17:19:46","date_gmt":"2026-01-19T14:19:46","guid":{"rendered":"https:\/\/iqosprime.com\/?post_type=product&#038;p=5105"},"modified":"2026-02-26T23:40:46","modified_gmt":"2026-02-26T20:40:46","slug":"iqos-terea-blue","status":"publish","type":"product","link":"https:\/\/iqosprime.com\/en\/product\/iqos-terea-blue\/","title":{"rendered":"\u0130QOS TEREA BLUE"},"content":{"rendered":"","protected":false},"excerpt":{"rendered":"<p>IQOS&#8217;un BLUE renkli \u0131s\u0131tmal\u0131 \u00e7ubuklar\u0131, vanilya ve nane tad\u0131 ho\u015f bir aromas\u0131n\u0131 sunan hafif bir t\u00fct\u00fcn kar\u0131\u015f\u0131m\u0131 i\u00e7erir.<\/p>","protected":false},"featured_media":5465,"comment_status":"open","ping_status":"closed","template":"","meta":[],"product_brand":[],"product_cat":[114],"product_tag":[],"class_list":{"0":"post-5105","1":"product","2":"type-product","3":"status-publish","4":"has-post-thumbnail","6":"product_cat-iqos-terea-sigara","8":"first","9":"instock","10":"sale","11":"taxable","12":"shipping-taxable","13":"purchasable","14":"product-type-simple"},"_links":{"self":[{"href":"https:\/\/iqosprime.com\/en\/wp-json\/wp\/v2\/product\/5105","targetHints":{"allow":["GET"]}}],"collection":[{"href":"https:\/\/iqosprime.com\/en\/wp-json\/wp\/v2\/product"}],"about":[{"href":"https:\/\/iqosprime.com\/en\/wp-json\/wp\/v2\/types\/product"}],"replies":[{"embeddable":true,"href":"https:\/\/iqosprime.com\/en\/wp-json\/wp\/v2\/comments?post=5105"}],"wp:featuredmedia":[{"embeddable":true,"href":"https:\/\/iqosprime.com\/en\/wp-json\/wp\/v2\/media\/5465"}],"wp:attachment":[{"href":"https:\/\/iqosprime.com\/en\/wp-json\/wp\/v2\/media?parent=5105"}],"wp:term":[{"taxonomy":"product_brand","embeddable":true,"href":"https:\/\/iqosprime.com\/en\/wp-json\/wp\/v2\/product_brand?post=5105"},{"taxonomy":"product_cat","embeddable":true,"href":"https:\/\/iqosprime.com\/en\/wp-json\/wp\/v2\/product_cat?post=5105"},{"taxonomy":"product_tag","embeddable":true,"href":"https:\/\/iqosprime.com\/en\/wp-json\/wp\/v2\/product_tag?post=5105"}],"curies":[{"name":"wp","href":"https:\/\/api.w.org\/{rel}","templated":true}]}}