{"id":5164,"date":"2026-01-21T13:13:43","date_gmt":"2026-01-21T10:13:43","guid":{"rendered":"https:\/\/iqosprime.com\/?post_type=product&#038;p=5164"},"modified":"2026-03-19T20:30:42","modified_gmt":"2026-03-19T17:30:42","slug":"iqos-one-i-turuncu","status":"publish","type":"product","link":"https:\/\/iqosprime.com\/en\/product\/iqos-one-i-turuncu\/","title":{"rendered":"\u0130QOS ONE \u0130 TURUNCU"},"content":{"rendered":"","protected":false},"excerpt":{"rendered":"<p data-path-to-node=\"8\">IQOS ILUMA ONE, \u00f6zellikle hareket halindeki kullan\u0131c\u0131lar i\u00e7in tasarlanm\u0131\u015ft\u0131r:<\/p>\n<ul data-path-to-node=\"9\">\n<li>\n<p data-path-to-node=\"9,0,0\"><b>Hepsi Bir Arada Yap\u0131:<\/b>\u00a0\u015earj \u00fcnitesi ve \u0131s\u0131t\u0131c\u0131 ayn\u0131 g\u00f6vdedir. Bu, cihaz\u0131 tek par\u00e7a halinde cebinizde ta\u015f\u0131man\u0131z\u0131 sa\u011flar.<\/p>\n<\/li>\n<li>\n<p data-path-to-node=\"9,1,0\"><b>Ard\u0131\u015f\u0131k Kullan\u0131m:<\/b>\u00a0Tam \u015farj edildi\u011finde, ara vermeden\u00a0<b>20 kullan\u0131m<\/b>\u00a0sunar. Di\u011fer modellerde (Prime veya Standart) tutucuyu her 2 kullan\u0131mdan sonra \u015farj kutusuna koyman\u0131z gerekirken, ILUMA ONE\u2019da b\u00f6yle bir zorunluluk yoktur.<\/p>\n<\/li>\n<li>\n<p data-path-to-node=\"9,2,0\"><b>Ergonomi:<\/b>\u00a0Yakla\u015f\u0131k 68 gram a\u011f\u0131rl\u0131\u011f\u0131ndad\u0131r ve avu\u00e7 i\u00e7ine tam oturan, kaymaz mat bir kaplamaya sahiptir.<\/p>\n<\/li>\n<li>\n<p data-path-to-node=\"9,3,0\"><b>Pil G\u00f6stergesi:<\/b>\u00a0\u00dczerindeki LED \u0131\u015f\u0131klar sayesinde kalan pil \u00f6mr\u00fcn\u00fc ve kullan\u0131m durumunu kolayca takip edebilirsiniz.<\/p>\n<\/li>\n<\/ul>","protected":false},"featured_media":5169,"comment_status":"open","ping_status":"closed","template":"","meta":[],"product_brand":[],"product_cat":[115],"product_tag":[],"class_list":{"0":"post-5164","1":"product","2":"type-product","3":"status-publish","4":"has-post-thumbnail","6":"product_cat-iqos-iluma","8":"first","9":"instock","10":"sale","11":"taxable","12":"shipping-taxable","13":"purchasable","14":"product-type-simple"},"_links":{"self":[{"href":"https:\/\/iqosprime.com\/en\/wp-json\/wp\/v2\/product\/5164","targetHints":{"allow":["GET"]}}],"collection":[{"href":"https:\/\/iqosprime.com\/en\/wp-json\/wp\/v2\/product"}],"about":[{"href":"https:\/\/iqosprime.com\/en\/wp-json\/wp\/v2\/types\/product"}],"replies":[{"embeddable":true,"href":"https:\/\/iqosprime.com\/en\/wp-json\/wp\/v2\/comments?post=5164"}],"wp:featuredmedia":[{"embeddable":true,"href":"https:\/\/iqosprime.com\/en\/wp-json\/wp\/v2\/media\/5169"}],"wp:attachment":[{"href":"https:\/\/iqosprime.com\/en\/wp-json\/wp\/v2\/media?parent=5164"}],"wp:term":[{"taxonomy":"product_brand","embeddable":true,"href":"https:\/\/iqosprime.com\/en\/wp-json\/wp\/v2\/product_brand?post=5164"},{"taxonomy":"product_cat","embeddable":true,"href":"https:\/\/iqosprime.com\/en\/wp-json\/wp\/v2\/product_cat?post=5164"},{"taxonomy":"product_tag","embeddable":true,"href":"https:\/\/iqosprime.com\/en\/wp-json\/wp\/v2\/product_tag?post=5164"}],"curies":[{"name":"wp","href":"https:\/\/api.w.org\/{rel}","templated":true}]}}