{"id":5170,"date":"2026-01-21T13:18:14","date_gmt":"2026-01-21T10:18:14","guid":{"rendered":"https:\/\/iqosprime.com\/?post_type=product&#038;p=5170"},"modified":"2026-03-19T20:30:31","modified_gmt":"2026-03-19T17:30:31","slug":"iqos-one-i-su-yesili","status":"publish","type":"product","link":"https:\/\/iqosprime.com\/en\/product\/iqos-one-i-su-yesili\/","title":{"rendered":"\u0130QOS ONE \u0130 SU YE\u015e\u0130L\u0130"},"content":{"rendered":"<h2 data-path-to-node=\"0\">IQOS ILUMA ONE Nedir?<\/h2>\n<p data-path-to-node=\"0\"><b>IQOS ILUMA ONE<\/b>, Philip Morris International taraf\u0131ndan geli\u015ftirilen \u201cILUMA\u201d serisinin en kompakt, ta\u015f\u0131nabilir ve \u201chepsi bir arada\u201d (all-in-one) modelidir. Di\u011fer modellerden farkl\u0131 olarak ayr\u0131 bir \u015farj kutusu (Pocket Charger) ve tutucu (Holder) yerine, her \u015feyin tek bir g\u00f6vdede topland\u0131\u011f\u0131 pratik bir tasar\u0131ma sahiptir.<\/p>\n<p>IQOS Iluma One, t\u00fct\u00fcn\u00fc yakmadan \u00f6nce \u0131s\u0131tarak aerosol haline getiriyor. Bu da dumans\u0131z bir deneyim sunarak, kullan\u0131c\u0131lara sigaray\u0131 i\u00e7erken duman\u0131n neden oldu\u011fu zararl\u0131 maddeleri en aza indirme imkan\u0131 sa\u011fl\u0131yor. Cihaz\u0131n tasar\u0131m\u0131 olduk\u00e7a \u015f\u0131k ve moderndir, kullan\u0131c\u0131lara kolay kullan\u0131m ve ta\u015f\u0131ma avantaj\u0131 sunar.<\/p>\n<p>ILUMA One, \u00fc\u00e7 farkl\u0131 \u0131s\u0131tma se\u00e7ene\u011fi sunar: One 3 Multi, IQOS Iluma One 3 Duo ve Iluma One 2.4 Plus. Bu se\u00e7enekler, kullan\u0131c\u0131lara farkl\u0131 tercihlerine g\u00f6re uygun bir se\u00e7enek sunar. Cihaz\u0131n h\u0131zl\u0131 \u015farj \u00f6zelli\u011fi, kullan\u0131c\u0131lar\u0131n pratik bir \u015fekilde cihazlar\u0131n\u0131 \u015farj etmelerini sa\u011flar.<\/p>\n<p>\u0130\u015fte ILUMA ONE hakk\u0131nda bilmeniz gereken t\u00fcm teknik ve kullan\u0131m detaylar\u0131:<\/p>","protected":false},"excerpt":{"rendered":"<p data-path-to-node=\"8\">IQOS ILUMA ONE, \u00f6zellikle hareket halindeki kullan\u0131c\u0131lar i\u00e7in tasarlanm\u0131\u015ft\u0131r:<\/p>\n<ul data-path-to-node=\"9\">\n<li>\n<p data-path-to-node=\"9,0,0\"><b>Hepsi Bir Arada Yap\u0131:<\/b>\u00a0\u015earj \u00fcnitesi ve \u0131s\u0131t\u0131c\u0131 ayn\u0131 g\u00f6vdedir. Bu, cihaz\u0131 tek par\u00e7a halinde cebinizde ta\u015f\u0131man\u0131z\u0131 sa\u011flar.<\/p>\n<\/li>\n<li>\n<p data-path-to-node=\"9,1,0\"><b>Ard\u0131\u015f\u0131k Kullan\u0131m:<\/b>\u00a0Tam \u015farj edildi\u011finde, ara vermeden\u00a0<b>20 kullan\u0131m<\/b>\u00a0sunar. Di\u011fer modellerde (Prime veya Standart) tutucuyu her 2 kullan\u0131mdan sonra \u015farj kutusuna koyman\u0131z gerekirken, ILUMA ONE\u2019da b\u00f6yle bir zorunluluk yoktur.<\/p>\n<\/li>\n<li>\n<p data-path-to-node=\"9,2,0\"><b>Ergonomi:<\/b>\u00a0Yakla\u015f\u0131k 68 gram a\u011f\u0131rl\u0131\u011f\u0131ndad\u0131r ve avu\u00e7 i\u00e7ine tam oturan, kaymaz mat bir kaplamaya sahiptir.<\/p>\n<\/li>\n<li>\n<p data-path-to-node=\"9,3,0\"><b>Pil G\u00f6stergesi:<\/b>\u00a0\u00dczerindeki LED \u0131\u015f\u0131klar sayesinde kalan pil \u00f6mr\u00fcn\u00fc ve kullan\u0131m durumunu kolayca takip edebilirsiniz.<\/p>\n<\/li>\n<\/ul>","protected":false},"featured_media":5168,"comment_status":"open","ping_status":"closed","template":"","meta":[],"product_brand":[],"product_cat":[115],"product_tag":[],"class_list":{"0":"post-5170","1":"product","2":"type-product","3":"status-publish","4":"has-post-thumbnail","6":"product_cat-iqos-iluma","8":"first","9":"instock","10":"sale","11":"taxable","12":"shipping-taxable","13":"purchasable","14":"product-type-simple"},"_links":{"self":[{"href":"https:\/\/iqosprime.com\/en\/wp-json\/wp\/v2\/product\/5170","targetHints":{"allow":["GET"]}}],"collection":[{"href":"https:\/\/iqosprime.com\/en\/wp-json\/wp\/v2\/product"}],"about":[{"href":"https:\/\/iqosprime.com\/en\/wp-json\/wp\/v2\/types\/product"}],"replies":[{"embeddable":true,"href":"https:\/\/iqosprime.com\/en\/wp-json\/wp\/v2\/comments?post=5170"}],"wp:featuredmedia":[{"embeddable":true,"href":"https:\/\/iqosprime.com\/en\/wp-json\/wp\/v2\/media\/5168"}],"wp:attachment":[{"href":"https:\/\/iqosprime.com\/en\/wp-json\/wp\/v2\/media?parent=5170"}],"wp:term":[{"taxonomy":"product_brand","embeddable":true,"href":"https:\/\/iqosprime.com\/en\/wp-json\/wp\/v2\/product_brand?post=5170"},{"taxonomy":"product_cat","embeddable":true,"href":"https:\/\/iqosprime.com\/en\/wp-json\/wp\/v2\/product_cat?post=5170"},{"taxonomy":"product_tag","embeddable":true,"href":"https:\/\/iqosprime.com\/en\/wp-json\/wp\/v2\/product_tag?post=5170"}],"curies":[{"name":"wp","href":"https:\/\/api.w.org\/{rel}","templated":true}]}}