{"id":5266,"date":"2026-01-24T14:42:45","date_gmt":"2026-01-24T11:42:45","guid":{"rendered":"https:\/\/iqosprime.com\/?post_type=product&#038;p=5266"},"modified":"2026-02-26T23:40:00","modified_gmt":"2026-02-26T20:40:00","slug":"iqos-terea-teak","status":"publish","type":"product","link":"https:\/\/iqosprime.com\/en\/product\/iqos-terea-teak\/","title":{"rendered":"\u0130QOS TEREA TEAK"},"content":{"rendered":"","protected":false},"excerpt":{"rendered":"<h2>TEREA TEAK : Do\u011fal ve Dengeli Bir T\u00fct\u00fcn Deneyimi<\/h2>\n<p><strong>Terea Teak<\/strong>, \u0131s\u0131t\u0131lm\u0131\u015f t\u00fct\u00fcn \u00fcr\u00fcnleri aras\u0131nda \u00f6ne \u00e7\u0131kan, do\u011fal ve dengeli tad\u0131 ile kullan\u0131c\u0131lar\u0131na benzersiz bir i\u00e7im deneyimi sunan bir se\u00e7enektir. \u00d6zellikle klasik t\u00fct\u00fcn tad\u0131n\u0131 modern bir dokunu\u015fla deneyimlemek isteyenler i\u00e7in ideal olan\u00a0<strong>Terea Teak<\/strong>, IQOS cihazlar\u0131 ile uyumlu olarak kullan\u0131lmak \u00fczere tasarlanm\u0131\u015ft\u0131r.<\/p>","protected":false},"featured_media":5463,"comment_status":"open","ping_status":"closed","template":"","meta":[],"product_brand":[],"product_cat":[114],"product_tag":[],"class_list":{"0":"post-5266","1":"product","2":"type-product","3":"status-publish","4":"has-post-thumbnail","6":"product_cat-iqos-terea-sigara","8":"first","9":"instock","10":"taxable","11":"shipping-taxable","12":"purchasable","13":"product-type-simple"},"_links":{"self":[{"href":"https:\/\/iqosprime.com\/en\/wp-json\/wp\/v2\/product\/5266","targetHints":{"allow":["GET"]}}],"collection":[{"href":"https:\/\/iqosprime.com\/en\/wp-json\/wp\/v2\/product"}],"about":[{"href":"https:\/\/iqosprime.com\/en\/wp-json\/wp\/v2\/types\/product"}],"replies":[{"embeddable":true,"href":"https:\/\/iqosprime.com\/en\/wp-json\/wp\/v2\/comments?post=5266"}],"wp:featuredmedia":[{"embeddable":true,"href":"https:\/\/iqosprime.com\/en\/wp-json\/wp\/v2\/media\/5463"}],"wp:attachment":[{"href":"https:\/\/iqosprime.com\/en\/wp-json\/wp\/v2\/media?parent=5266"}],"wp:term":[{"taxonomy":"product_brand","embeddable":true,"href":"https:\/\/iqosprime.com\/en\/wp-json\/wp\/v2\/product_brand?post=5266"},{"taxonomy":"product_cat","embeddable":true,"href":"https:\/\/iqosprime.com\/en\/wp-json\/wp\/v2\/product_cat?post=5266"},{"taxonomy":"product_tag","embeddable":true,"href":"https:\/\/iqosprime.com\/en\/wp-json\/wp\/v2\/product_tag?post=5266"}],"curies":[{"name":"wp","href":"https:\/\/api.w.org\/{rel}","templated":true}]}}