{"id":5525,"date":"2026-02-03T00:38:05","date_gmt":"2026-02-02T21:38:05","guid":{"rendered":"https:\/\/iqosprime.com\/?post_type=product&#038;p=5525"},"modified":"2026-02-27T00:02:23","modified_gmt":"2026-02-26T21:02:23","slug":"iqos-i-prime-seletti-limited-edition","status":"publish","type":"product","link":"https:\/\/iqosprime.com\/en\/product\/iqos-i-prime-seletti-limited-edition\/","title":{"rendered":"\u0130QOS \u0130 PR\u0130ME SELETT\u0130 L\u0130M\u0130TED ED\u0130T\u0130ON"},"content":{"rendered":"","protected":false},"excerpt":{"rendered":"<ul>\n<li class=\"_1j-51 _1FoOD _3M0Fe Z63qyL roLFQS\">Yenilik\u00e7i t\u00fct\u00fcn aromas\u0131 transfer sistemi, yeni \u00e7ubuklar<\/li>\n<li class=\"_1j-51 _1FoOD _3M0Fe Z63qyL roLFQS\">S\u00fcrekli temizlemeye gerek yok<\/li>\n<li class=\"_1j-51 _1FoOD _3M0Fe Z63qyL roLFQS\">Minimum k\u0131r\u0131lma: mekanik kapaks\u0131z ve \u0131s\u0131tma b\u0131\u00e7a\u011f\u0131 olmayan tutucu<\/li>\n<li class=\"_1j-51 _1FoOD _3M0Fe Z63qyL roLFQS\">Minimum ho\u015f olmayan kokular<\/li>\n<li class=\"_1j-51 _1FoOD _3M0Fe Z63qyL roLFQS\">T\u00fcm Cihaz modellerinde oldu\u011fu gibi ki\u015fiselle\u015ftirme ve muhte\u015fem tasar\u0131m<\/li>\n<li class=\"_1j-51 _1FoOD _3M0Fe Z63qyL roLFQS\">Bluetooth arac\u0131l\u0131\u011f\u0131yla bir cep telefonuyla ileti\u015fim ve hareketlerle \u201cak\u0131ll\u0131 kontrol\u201d<\/li>\n<li>Kullan\u0131c\u0131n\u0131n kullan\u0131m h\u0131z\u0131na g\u00f6re kullanma olana\u011f\u0131 tan\u0131yan Flex Puff Fonksiyonu<\/li>\n<li><strong>Yaln\u0131zca belirli t\u00fct\u00fcn \u00e7ubuklar\u0131 ile kullan\u0131m i\u00e7in tasarlanm\u0131\u015ft\u0131r.<\/strong><\/li>\n<li>Tam \u015earj \u0130le 20 \u00c7ubuk \u0130\u00e7imi<\/li>\n<li>Marka serisindeki ilk dokunmatik ekran<\/li>\n<li>Kullan\u0131c\u0131lar\u0131n kullan\u0131m s\u0131ras\u0131nda \u201cara\u201d vermelerine olanak tan\u0131yan Duraklatma Modu, OTOKOMAE<\/li>\n<li>Daha fazla puf say\u0131s\u0131 (kullan\u0131m \u015fekline g\u00f6re sistem ekstra 4 nefes daha ekleyebilir.)<\/li>\n<li><strong>SINIRLI SAYIDA<\/strong><\/li>\n<li><strong>Seletti Limited Edition (\u00d6zel Desenli Renk Kombinasyonu)<\/strong><\/li>\n<\/ul>","protected":false},"featured_media":5528,"comment_status":"open","ping_status":"closed","template":"","meta":[],"product_brand":[],"product_cat":[115],"product_tag":[],"class_list":{"0":"post-5525","1":"product","2":"type-product","3":"status-publish","4":"has-post-thumbnail","6":"product_cat-iqos-iluma","8":"first","9":"instock","10":"taxable","11":"shipping-taxable","12":"purchasable","13":"product-type-simple"},"_links":{"self":[{"href":"https:\/\/iqosprime.com\/en\/wp-json\/wp\/v2\/product\/5525","targetHints":{"allow":["GET"]}}],"collection":[{"href":"https:\/\/iqosprime.com\/en\/wp-json\/wp\/v2\/product"}],"about":[{"href":"https:\/\/iqosprime.com\/en\/wp-json\/wp\/v2\/types\/product"}],"replies":[{"embeddable":true,"href":"https:\/\/iqosprime.com\/en\/wp-json\/wp\/v2\/comments?post=5525"}],"wp:featuredmedia":[{"embeddable":true,"href":"https:\/\/iqosprime.com\/en\/wp-json\/wp\/v2\/media\/5528"}],"wp:attachment":[{"href":"https:\/\/iqosprime.com\/en\/wp-json\/wp\/v2\/media?parent=5525"}],"wp:term":[{"taxonomy":"product_brand","embeddable":true,"href":"https:\/\/iqosprime.com\/en\/wp-json\/wp\/v2\/product_brand?post=5525"},{"taxonomy":"product_cat","embeddable":true,"href":"https:\/\/iqosprime.com\/en\/wp-json\/wp\/v2\/product_cat?post=5525"},{"taxonomy":"product_tag","embeddable":true,"href":"https:\/\/iqosprime.com\/en\/wp-json\/wp\/v2\/product_tag?post=5525"}],"curies":[{"name":"wp","href":"https:\/\/api.w.org\/{rel}","templated":true}]}}