{"id":6126,"date":"2026-02-17T20:47:19","date_gmt":"2026-02-17T17:47:19","guid":{"rendered":"https:\/\/iqosprime.com\/?post_type=product&#038;p=6126"},"modified":"2026-03-15T05:46:15","modified_gmt":"2026-03-15T02:46:15","slug":"iqos-i-prime-we-edition","status":"publish","type":"product","link":"https:\/\/iqosprime.com\/en\/product\/iqos-i-prime-we-edition\/","title":{"rendered":"\u0130QOS \u0130 PR\u0130ME We Edition"},"content":{"rendered":"","protected":false},"excerpt":{"rendered":"<h5><strong>IQOS ILUMA Prime<\/strong><\/h5>\n<h5><strong>IQOS Iluma Prime Philip Morris Uluslararas\u0131 Taraf\u0131ndan Geli\u015ftirilen Is\u0131tmal\u0131 T\u00fct\u00fcn Olarak Sunulan Bir Cihazd\u0131r.\u00a0Geleneksel Sigara Yakmak Yerine T\u00fct\u00fcn\u00fc Is\u0131 ile \u00c7al\u0131\u015ft\u0131r\u0131r.<\/strong><\/h5>\n<h5><strong>Yeni Tasarlanm\u0131\u015f \u00dcr\u00fcn 2022 Modeli IQOS ILUMA PR\u0130ME Terea \u0131s\u0131 \u00c7ubuklar\u0131n\u0131n \u0130nce \u00d6\u011f\u00fct\u00fclm\u00fc\u015f T\u00fct\u00fcn\u00fc Is\u0131tma Deneyimi Sunuyor. IQOS ILUMA Prime \u015earj Ba\u015f\u0131na 20 Arka Arkaya Kullanmaya Sahip Mini Cep Cihaz\u0131d\u0131r.IQOS Iluma Prime B\u0131\u00e7aks\u0131z Yeni \u00dcr\u00fcn ile \u00a0B\u0131\u00e7a\u011f\u0131n Zarar G\u00f6rmesini D\u00fc\u015f\u00fcnce Etmeye Gerek Kalmaz ve Kullan\u0131m Sonras\u0131 Temizleme F\u0131r\u00e7as\u0131 Kullanarak\u00a0 Ayda 1 Cihaz Temizli\u011fi Yeterli Olacakt\u0131r.\u00d6zenle Se\u00e7ilmi\u015f\u00a0 \u0130nce \u00d6\u011f\u00fct\u00fclm\u00fc\u015f ve\u00a0 \u00d6zel Olarak Haz\u0131rlanm\u0131\u015f T\u00fct\u00fcn Kar\u0131\u015f\u0131m\u0131 Terea Is\u0131 \u00c7ubuklar\u0131n\u0131n \u0130\u00e7erisinde Bulunan Metal Sayesinde T\u00fct\u00fcn Yapraklar\u0131n\u0131 Is\u0131t\u0131r ve Bu Sayede Tad\u0131 \u00c7ok Daha P\u00fcr\u00fczs\u00fcz Sunar.Cihaz S\u00fcrekli Olarak 2 Kez Kullan\u0131labilir.Ate\u015f,Duman,Kal\u0131nt\u0131,K\u00fcl,K\u00f6t\u00fc Koku B\u0131rakmaz ve \u00c7ekirdekten Is\u0131t\u0131r.Cihaz S\u00fcrekli Olarak Tek \u015earj ile Arka Arkaya 2 Terea \u00c7ubuk \u0130\u00e7ilebilir.<\/strong>\u015earz \u0130\u015flemi Bitince Cihaz\u0131n Resetlenmesi Gerekmektedir . Resetleme i\u00e7in Cihazlarda A\u00e7ma Kapama Tu\u015funa 10 saniye Bas\u0131l\u0131 Tutunuz.<\/h5>\n<h5><strong>IQOS Iluma Prime Set \u0130\u00e7eri\u011fi:<\/strong><\/h5>\n<h5><strong>-IQOS ILUMA PR\u0130ME We Edition Cihaz Set<\/strong><\/h5>\n<h5><strong>\u2013 \u015earj Kablosu<\/strong><\/h5>\n<h5><strong>\u2013 Kullanma K\u0131lavuzu<\/strong><\/h5>","protected":false},"featured_media":6127,"comment_status":"open","ping_status":"closed","template":"","meta":[],"product_brand":[],"product_cat":[115],"product_tag":[],"class_list":{"0":"post-6126","1":"product","2":"type-product","3":"status-publish","4":"has-post-thumbnail","6":"product_cat-iqos-iluma","8":"first","9":"instock","10":"sale","11":"taxable","12":"shipping-taxable","13":"purchasable","14":"product-type-simple"},"_links":{"self":[{"href":"https:\/\/iqosprime.com\/en\/wp-json\/wp\/v2\/product\/6126","targetHints":{"allow":["GET"]}}],"collection":[{"href":"https:\/\/iqosprime.com\/en\/wp-json\/wp\/v2\/product"}],"about":[{"href":"https:\/\/iqosprime.com\/en\/wp-json\/wp\/v2\/types\/product"}],"replies":[{"embeddable":true,"href":"https:\/\/iqosprime.com\/en\/wp-json\/wp\/v2\/comments?post=6126"}],"wp:featuredmedia":[{"embeddable":true,"href":"https:\/\/iqosprime.com\/en\/wp-json\/wp\/v2\/media\/6127"}],"wp:attachment":[{"href":"https:\/\/iqosprime.com\/en\/wp-json\/wp\/v2\/media?parent=6126"}],"wp:term":[{"taxonomy":"product_brand","embeddable":true,"href":"https:\/\/iqosprime.com\/en\/wp-json\/wp\/v2\/product_brand?post=6126"},{"taxonomy":"product_cat","embeddable":true,"href":"https:\/\/iqosprime.com\/en\/wp-json\/wp\/v2\/product_cat?post=6126"},{"taxonomy":"product_tag","embeddable":true,"href":"https:\/\/iqosprime.com\/en\/wp-json\/wp\/v2\/product_tag?post=6126"}],"curies":[{"name":"wp","href":"https:\/\/api.w.org\/{rel}","templated":true}]}}