{"id":6231,"date":"2026-02-21T01:09:03","date_gmt":"2026-02-20T22:09:03","guid":{"rendered":"https:\/\/iqosprime.com\/?post_type=product&#038;p=6231"},"modified":"2026-03-18T01:50:10","modified_gmt":"2026-03-17T22:50:10","slug":"terea-abror","status":"publish","type":"product","link":"https:\/\/iqosprime.com\/en\/product\/terea-abror\/","title":{"rendered":"TEREA : ABROR"},"content":{"rendered":"","protected":false},"excerpt":{"rendered":"<ul class=\"KsbFXc U6u95\" data-sfc-cb=\"\" data-complete=\"true\" data-processed=\"true\">\n<li class=\"dF3vjf\" data-sfc-cb=\"\" data-hveid=\"CAEIBBAA\" data-complete=\"true\" data-sae=\"\"><span class=\"T286Pc\" data-sfc-cp=\"\" data-sfc-cb=\"\" data-complete=\"true\"><strong class=\"Yjhzub\" data-sfc-cb=\"\" data-complete=\"true\">Temel Tat:<\/strong>\u00a0Kaps\u00fcl patlat\u0131lmadan \u00f6nce,\u00a0<strong class=\"Yjhzub\" data-sfc-cb=\"\" data-complete=\"true\">baharatl\u0131 malt<\/strong>\u00a0notalar\u0131 i\u00e7eren dolgun ve kavrulmu\u015f bir t\u00fct\u00fcn tad\u0131 sunar.<\/span><\/li>\n<li class=\"dF3vjf\" data-sfc-cb=\"\" data-hveid=\"CAEIBBAB\" data-complete=\"true\" data-sae=\"\"><span class=\"T286Pc\" data-sfc-cp=\"\" data-sfc-cb=\"\" data-complete=\"true\"><strong class=\"Yjhzub\" data-sfc-cb=\"\" data-complete=\"true\">Kaps\u00fcl Aromas\u0131:<\/strong>\u00a0Filtredeki kaps\u00fcl patlat\u0131ld\u0131\u011f\u0131nda, t\u00fct\u00fcn tad\u0131na ferahlat\u0131c\u0131\u00a0<strong class=\"Yjhzub\" data-sfc-cb=\"\" data-complete=\"true\">ye\u015fil elma (green apple)<\/strong>\u00a0ve serinletici\u00a0<strong class=\"Yjhzub\" data-sfc-cb=\"\" data-complete=\"true\">mentol<\/strong>\u00a0aromalar\u0131 eklenir.<\/span><\/li>\n<li data-sfc-cb=\"\" data-hveid=\"CAEIBBAC\" data-complete=\"true\" data-sae=\"\"><span class=\"T286Pc\" data-sfc-cp=\"\" data-sfc-cb=\"\" data-complete=\"true\" aria-owns=\"action-menu-parent-container\"><strong class=\"Yjhzub\" data-sfc-cb=\"\" data-complete=\"true\">\u0130\u00e7im Deneyimi:<\/strong>\u00a0Genellikle &#8220;meyvemsi ve taze&#8221; (malty to green fruit) olarak tan\u0131mlan\u0131r; elman\u0131n tatl\u0131 ve hafif ek\u015fi aromas\u0131 mentol\u00fcn buz gibi ferahl\u0131\u011f\u0131yla birle\u015fir.<\/span><\/li>\n<\/ul>","protected":false},"featured_media":6232,"comment_status":"open","ping_status":"closed","template":"","meta":[],"product_brand":[],"product_cat":[114],"product_tag":[],"class_list":{"0":"post-6231","1":"product","2":"type-product","3":"status-publish","4":"has-post-thumbnail","6":"product_cat-iqos-terea-sigara","8":"first","9":"instock","10":"taxable","11":"shipping-taxable","12":"purchasable","13":"product-type-simple"},"_links":{"self":[{"href":"https:\/\/iqosprime.com\/en\/wp-json\/wp\/v2\/product\/6231","targetHints":{"allow":["GET"]}}],"collection":[{"href":"https:\/\/iqosprime.com\/en\/wp-json\/wp\/v2\/product"}],"about":[{"href":"https:\/\/iqosprime.com\/en\/wp-json\/wp\/v2\/types\/product"}],"replies":[{"embeddable":true,"href":"https:\/\/iqosprime.com\/en\/wp-json\/wp\/v2\/comments?post=6231"}],"wp:featuredmedia":[{"embeddable":true,"href":"https:\/\/iqosprime.com\/en\/wp-json\/wp\/v2\/media\/6232"}],"wp:attachment":[{"href":"https:\/\/iqosprime.com\/en\/wp-json\/wp\/v2\/media?parent=6231"}],"wp:term":[{"taxonomy":"product_brand","embeddable":true,"href":"https:\/\/iqosprime.com\/en\/wp-json\/wp\/v2\/product_brand?post=6231"},{"taxonomy":"product_cat","embeddable":true,"href":"https:\/\/iqosprime.com\/en\/wp-json\/wp\/v2\/product_cat?post=6231"},{"taxonomy":"product_tag","embeddable":true,"href":"https:\/\/iqosprime.com\/en\/wp-json\/wp\/v2\/product_tag?post=6231"}],"curies":[{"name":"wp","href":"https:\/\/api.w.org\/{rel}","templated":true}]}}