{"id":6288,"date":"2026-02-22T16:57:45","date_gmt":"2026-02-22T13:57:45","guid":{"rendered":"https:\/\/iqosprime.com\/?post_type=product&#038;p=6288"},"modified":"2026-02-26T23:37:56","modified_gmt":"2026-02-26T20:37:56","slug":"veev-cherry-pod","status":"publish","type":"product","link":"https:\/\/iqosprime.com\/en\/product\/veev-cherry-pod\/","title":{"rendered":"VEEV : CHERRY"},"content":{"rendered":"<ul class=\"pdp_keyFeatures-list\">\n<li class=\"pdp_keyFeatures-list-item\">Kapasite: 2ml<\/li>\n<li class=\"pdp_keyFeatures-list-item\">Nikotin G\u00fcc\u00fc: 20mg<\/li>\n<li class=\"pdp_keyFeatures-list-item\">Paket Boyutu: 2 x Pod<\/li>\n<li class=\"pdp_keyFeatures-list-item\">T\u00fcr: \u00d6nceden doldurulmu\u015f<\/li>\n<li class=\"pdp_keyFeatures-list-item\">Nikotin T\u00fcr\u00fc: Tuz Bazl\u0131<\/li>\n<li class=\"pdp_keyFeatures-list-item\">Pufflar: Pod ba\u015f\u0131na 1000<\/li>\n<\/ul>","protected":false},"excerpt":{"rendered":"<p>VEEV Cherry aromas\u0131,\u00a0<strong class=\"Yjhzub\" data-complete=\"true\" data-processed=\"true\">yo\u011fun kiraz<\/strong>\u00a0lezzetini\u00a0<strong class=\"Yjhzub\" data-complete=\"true\" data-processed=\"true\">ferahlat\u0131c\u0131<\/strong>\u00a0bir deneyimle birle\u015ftiren bir elektronik sigara likitidir.<\/p>","protected":false},"featured_media":6290,"comment_status":"open","ping_status":"closed","template":"","meta":[],"product_brand":[],"product_cat":[116],"product_tag":[],"class_list":{"0":"post-6288","1":"product","2":"type-product","3":"status-publish","4":"has-post-thumbnail","6":"product_cat-iqos-veev","8":"first","9":"instock","10":"sale","11":"taxable","12":"shipping-taxable","13":"purchasable","14":"product-type-simple"},"_links":{"self":[{"href":"https:\/\/iqosprime.com\/en\/wp-json\/wp\/v2\/product\/6288","targetHints":{"allow":["GET"]}}],"collection":[{"href":"https:\/\/iqosprime.com\/en\/wp-json\/wp\/v2\/product"}],"about":[{"href":"https:\/\/iqosprime.com\/en\/wp-json\/wp\/v2\/types\/product"}],"replies":[{"embeddable":true,"href":"https:\/\/iqosprime.com\/en\/wp-json\/wp\/v2\/comments?post=6288"}],"wp:featuredmedia":[{"embeddable":true,"href":"https:\/\/iqosprime.com\/en\/wp-json\/wp\/v2\/media\/6290"}],"wp:attachment":[{"href":"https:\/\/iqosprime.com\/en\/wp-json\/wp\/v2\/media?parent=6288"}],"wp:term":[{"taxonomy":"product_brand","embeddable":true,"href":"https:\/\/iqosprime.com\/en\/wp-json\/wp\/v2\/product_brand?post=6288"},{"taxonomy":"product_cat","embeddable":true,"href":"https:\/\/iqosprime.com\/en\/wp-json\/wp\/v2\/product_cat?post=6288"},{"taxonomy":"product_tag","embeddable":true,"href":"https:\/\/iqosprime.com\/en\/wp-json\/wp\/v2\/product_tag?post=6288"}],"curies":[{"name":"wp","href":"https:\/\/api.w.org\/{rel}","templated":true}]}}