{"id":6292,"date":"2026-02-22T17:04:18","date_gmt":"2026-02-22T14:04:18","guid":{"rendered":"https:\/\/iqosprime.com\/?post_type=product&#038;p=6292"},"modified":"2026-02-26T23:37:24","modified_gmt":"2026-02-26T20:37:24","slug":"veev-sea-mint-pod","status":"publish","type":"product","link":"https:\/\/iqosprime.com\/en\/product\/veev-sea-mint-pod\/","title":{"rendered":"VEEV : SEA M\u0130NT POD"},"content":{"rendered":"<ul class=\"pdp_keyFeatures-list\">\n<li class=\"pdp_keyFeatures-list-item\">Kapasite: 2ml<\/li>\n<li class=\"pdp_keyFeatures-list-item\">Nikotin G\u00fcc\u00fc: 20mg<\/li>\n<li class=\"pdp_keyFeatures-list-item\">Paket Boyutu: 2 x Pod<\/li>\n<li class=\"pdp_keyFeatures-list-item\">T\u00fcr: \u00d6nceden doldurulmu\u015f<\/li>\n<li class=\"pdp_keyFeatures-list-item\">Nikotin T\u00fcr\u00fc: Tuz Bazl\u0131<\/li>\n<li class=\"pdp_keyFeatures-list-item\">Pufflar: Pod ba\u015f\u0131na 1000<\/li>\n<\/ul>","protected":false},"excerpt":{"rendered":"<div class=\"otQkpb\" role=\"heading\" aria-level=\"3\" data-animation-nesting=\"\" data-sfc-cp=\"\" data-complete=\"true\" data-processed=\"true\" data-sae=\"\">\u00d6zellikler ve \u0130\u00e7erik<button class=\"rBl3me\" tabindex=\"0\" data-amic=\"true\" data-icl-uuid=\"5866b86d-d11f-4ac1-a7f4-3dcf1ea0ffbd\" aria-label=\"\u0130lgili ba\u011flant\u0131lar\u0131 g\u00f6ster\" data-wiz-attrbind=\"disabled=qNPOfc_p\/C5gNJc;aria-label=qNPOfc_p\/bOjMyf;class=qNPOfc_p\/UpSNec\" data-ved=\"2ahUKEwi5ubPPoe2SAxX2BdsEHRJJMRQQye0OegQIAxAA\"><\/button><\/div>\n<div class=\"Y3BBE\" data-sfc-cp=\"\" data-hveid=\"CAQQAA\" data-complete=\"true\" data-processed=\"true\">VEEV ONE Sea Mint podlar\u0131, kullan\u0131m kolayl\u0131\u011f\u0131 ve tutarl\u0131 lezzet deneyimi sa\u011flamak i\u00e7in tasarlanm\u0131\u015ft\u0131r.<button class=\"rBl3me\" tabindex=\"0\" data-amic=\"true\" data-icl-uuid=\"8f868cd5-a7e2-4b6c-a62d-7bca5304796d\" aria-label=\"\u0130lgili ba\u011flant\u0131lar\u0131 g\u00f6ster\" data-wiz-attrbind=\"disabled=qNPOfc_t\/C5gNJc;aria-label=qNPOfc_t\/bOjMyf;class=qNPOfc_t\/UpSNec\" data-ved=\"2ahUKEwi5ubPPoe2SAxX2BdsEHRJJMRQQye0OegQIBBAB\"><\/button><\/div>\n<ul class=\"KsbFXc U6u95\" data-complete=\"true\" data-processed=\"true\">\n<li data-hveid=\"CAYQAA\" data-complete=\"true\" data-sae=\"\"><span class=\"T286Pc\" data-sfc-cp=\"\" data-complete=\"true\"><strong class=\"Yjhzub\" data-complete=\"true\">Lezzet Profili<\/strong>: IQOS.gr&#8217;ye g\u00f6re \u00fcr\u00fcn, &#8220;serinletici nane aromal\u0131 ve kremsi bir his&#8221; sunar. Baz\u0131 kullan\u0131c\u0131lar lezzeti &#8220;ho\u015f, taze&#8221; ve &#8220;hafif tatl\u0131l\u0131kta buzlu bir lezzet&#8221; olarak tan\u0131mlamaktad\u0131r. VEEV ONE serisindeki di\u011fer nane se\u00e7enekleri aras\u0131nda daha keskin bir tat sunan\u00a0<strong class=\"Yjhzub\" data-complete=\"true\">Blue Mint<\/strong>\u00a0ve taze salatal\u0131k notalar\u0131 i\u00e7eren\u00a0<strong class=\"Yjhzub\" data-complete=\"true\">Green Mint<\/strong>\u00a0yer al\u0131r.<\/span><\/li>\n<li data-hveid=\"CAYQAQ\" data-complete=\"true\" data-sae=\"\"><span class=\"T286Pc\" data-sfc-cp=\"\" data-complete=\"true\"><strong class=\"Yjhzub\" data-complete=\"true\">Nikotin \u0130\u00e7eri\u011fi<\/strong>: Podlar, tipik olarak %1.6 (18 mg\/ml) veya %1.8 (20 mg\/ml) nikotin seviyesinde bulunur. Nikotin olduk\u00e7a ba\u011f\u0131ml\u0131l\u0131k yap\u0131c\u0131 bir maddedir.<\/span><\/li>\n<li data-hveid=\"CAYQAg\" data-complete=\"true\" data-sae=\"\"><span class=\"T286Pc\" data-sfc-cp=\"\" data-complete=\"true\"><strong class=\"Yjhzub\" data-complete=\"true\">Kapasite<\/strong>: Her paket genellikle 2 adet, her biri 2 ml e-s\u0131v\u0131 i\u00e7eren pod bar\u0131nd\u0131r\u0131r.<\/span><\/li>\n<li data-hveid=\"CAYQAw\" data-complete=\"true\" data-sae=\"\"><span class=\"T286Pc\" data-sfc-cp=\"\" data-complete=\"true\"><strong class=\"Yjhzub\" data-complete=\"true\">Yakla\u015f\u0131k Puf Say\u0131s\u0131<\/strong>: 1 saniyelik nefes s\u00fcresine ba\u011fl\u0131 olarak, bir paket (2 pod) ile 2000&#8217;e kadar puf \u00e7ekim imkan\u0131 sunulabilir.<\/span><\/li>\n<li data-hveid=\"CAYQBA\" data-complete=\"true\" data-sae=\"\"><span class=\"T286Pc\" data-sfc-cp=\"\" data-complete=\"true\"><strong class=\"Yjhzub\" data-complete=\"true\">\u0130\u00e7erik Maddeleri<\/strong>: E-s\u0131v\u0131, Propilen Glikol, Bitkisel Gliserin, Tatland\u0131r\u0131c\u0131lar, Benzoik Asit ve nikotin i\u00e7erir.<\/span><\/li>\n<li data-hveid=\"CAYQBQ\" data-complete=\"true\" data-sae=\"\"><span class=\"T286Pc\" data-sfc-cp=\"\" data-complete=\"true\" aria-owns=\"action-menu-parent-container\"><strong class=\"Yjhzub\" data-complete=\"true\">Cihaz Uyumlulu\u011fu<\/strong>: Bu podlar sadece\u00a0<strong class=\"Yjhzub\" data-complete=\"true\">VEEV ONE<\/strong>\u00a0cihaz\u0131yla kullan\u0131lmak \u00fczere tasarlanm\u0131\u015ft\u0131r; tekrar doldurulamaz veya de\u011fi\u015ftirileme<\/span><\/li>\n<\/ul>","protected":false},"featured_media":6293,"comment_status":"open","ping_status":"closed","template":"","meta":[],"product_brand":[],"product_cat":[116],"product_tag":[],"class_list":{"0":"post-6292","1":"product","2":"type-product","3":"status-publish","4":"has-post-thumbnail","6":"product_cat-iqos-veev","8":"first","9":"instock","10":"taxable","11":"shipping-taxable","12":"purchasable","13":"product-type-simple"},"_links":{"self":[{"href":"https:\/\/iqosprime.com\/en\/wp-json\/wp\/v2\/product\/6292","targetHints":{"allow":["GET"]}}],"collection":[{"href":"https:\/\/iqosprime.com\/en\/wp-json\/wp\/v2\/product"}],"about":[{"href":"https:\/\/iqosprime.com\/en\/wp-json\/wp\/v2\/types\/product"}],"replies":[{"embeddable":true,"href":"https:\/\/iqosprime.com\/en\/wp-json\/wp\/v2\/comments?post=6292"}],"wp:featuredmedia":[{"embeddable":true,"href":"https:\/\/iqosprime.com\/en\/wp-json\/wp\/v2\/media\/6293"}],"wp:attachment":[{"href":"https:\/\/iqosprime.com\/en\/wp-json\/wp\/v2\/media?parent=6292"}],"wp:term":[{"taxonomy":"product_brand","embeddable":true,"href":"https:\/\/iqosprime.com\/en\/wp-json\/wp\/v2\/product_brand?post=6292"},{"taxonomy":"product_cat","embeddable":true,"href":"https:\/\/iqosprime.com\/en\/wp-json\/wp\/v2\/product_cat?post=6292"},{"taxonomy":"product_tag","embeddable":true,"href":"https:\/\/iqosprime.com\/en\/wp-json\/wp\/v2\/product_tag?post=6292"}],"curies":[{"name":"wp","href":"https:\/\/api.w.org\/{rel}","templated":true}]}}