{"id":6294,"date":"2026-02-22T17:06:13","date_gmt":"2026-02-22T14:06:13","guid":{"rendered":"https:\/\/iqosprime.com\/?post_type=product&#038;p=6294"},"modified":"2026-02-26T23:36:54","modified_gmt":"2026-02-26T20:36:54","slug":"veev-mango-pod","status":"publish","type":"product","link":"https:\/\/iqosprime.com\/en\/product\/veev-mango-pod\/","title":{"rendered":"VEEV : MANGO POD"},"content":{"rendered":"","protected":false},"excerpt":{"rendered":"<div class=\"otQkpb\" role=\"heading\" aria-level=\"3\" data-animation-nesting=\"\" data-sfc-cp=\"\" data-processed=\"true\" data-sae=\"\" data-complete=\"true\">VEEV ONE Mango Podlar\u0131<button class=\"rBl3me\" tabindex=\"0\" data-amic=\"true\" data-icl-uuid=\"781c67f4-55a9-4280-801d-bb73ee389d97\" aria-label=\"\u0130lgili ba\u011flant\u0131lar\u0131 g\u00f6ster\" data-wiz-attrbind=\"disabled=C1Hmrc_m\/C5gNJc;aria-label=C1Hmrc_m\/bOjMyf;class=C1Hmrc_m\/UpSNec\" data-ved=\"2ahUKEwjj4Kenou2SAxWd_7sIHYpII9cQye0OegYIAQgDEAA\"><\/button><\/div>\n<div class=\"Y3BBE\" data-sfc-cp=\"\" data-hveid=\"CAEIBBAA\" data-complete=\"true\" data-processed=\"true\">VEEV ONE Mango podlar\u0131, VEEV ONE cihaz\u0131yla kullan\u0131lmak \u00fczere tasarlanm\u0131\u015ft\u0131r ve \u015fu \u00f6zellikleri sunar:<button class=\"rBl3me\" tabindex=\"0\" data-amic=\"true\" data-icl-uuid=\"9f9c0e2e-3730-432c-8d71-87425c6266bd\" aria-label=\"\u0130lgili ba\u011flant\u0131lar\u0131 g\u00f6ster\" data-wiz-attrbind=\"disabled=C1Hmrc_q\/C5gNJc;aria-label=C1Hmrc_q\/bOjMyf;class=C1Hmrc_q\/UpSNec\" data-ved=\"2ahUKEwjj4Kenou2SAxWd_7sIHYpII9cQye0OegYIAQgEEAE\"><\/button><\/div>\n<ul class=\"KsbFXc U6u95\" data-complete=\"true\" data-processed=\"true\">\n<li data-hveid=\"CAEIBRAA\" data-complete=\"true\" data-sae=\"\"><span class=\"T286Pc\" data-sfc-cp=\"\" data-complete=\"true\"><strong class=\"Yjhzub\" data-complete=\"true\">Lezzet Profili<\/strong>: Elektrikli Tobacconist bloguna g\u00f6re, bu podlar zengin, tatl\u0131, tropikal mango notalar\u0131na sahip ferahlat\u0131c\u0131 bir deneyim sunar ve a\u015f\u0131r\u0131 tatl\u0131 hale gelmesini \u00f6nleyen hafif buzlu (coolada) bir aftertaste i\u00e7erir. Baz\u0131 yorumcular tad\u0131 &#8220;ye\u015filimsi, biraz olgunla\u015fmam\u0131\u015f&#8221; bulsa da, alttaki tatl\u0131, tropikal katman\u0131 be\u011fenmi\u015flerdir.<\/span><\/li>\n<li data-hveid=\"CAEIBRAB\" data-complete=\"true\" data-sae=\"\"><span class=\"T286Pc\" data-sfc-cp=\"\" data-complete=\"true\"><strong class=\"Yjhzub\" data-complete=\"true\">Nikotin G\u00fcc\u00fc<\/strong>: Her pod %1.8 (20mg\/ml) nikotin seviyesi i\u00e7erir, bu da eski sigara i\u00e7icileri i\u00e7in tatmin edici bir nikotin vuru\u015fu sa\u011flar.<\/span><\/li>\n<li data-hveid=\"CAEIBRAC\" data-complete=\"true\" data-sae=\"\"><span class=\"T286Pc\" data-sfc-cp=\"\" data-complete=\"true\"><strong class=\"Yjhzub\" data-complete=\"true\">Kapasite ve Kullan\u0131m<\/strong>: Her pakette 2 adet, 2ml&#8217;lik pod bulunur ve paket ba\u015f\u0131na 2000&#8217;e kadar nefes (puff) sunabilir. \u015eeffaf tasar\u0131m\u0131 sayesinde e-likit seviyesini kontrol etmek kolayd\u0131r.<\/span><\/li>\n<li data-hveid=\"CAEIBRAD\" data-complete=\"true\" data-sae=\"\"><span class=\"T286Pc\" data-sfc-cp=\"\" data-complete=\"true\" aria-owns=\"action-menu-parent-container\"><strong class=\"Yjhzub\" data-complete=\"true\">Uyumluluk<\/strong>: Sadece VEEV ONE pod kiti ile uyumludur<\/span><\/li>\n<\/ul>","protected":false},"featured_media":6295,"comment_status":"open","ping_status":"closed","template":"","meta":[],"product_brand":[],"product_cat":[116],"product_tag":[],"class_list":{"0":"post-6294","1":"product","2":"type-product","3":"status-publish","4":"has-post-thumbnail","6":"product_cat-iqos-veev","8":"first","9":"instock","10":"taxable","11":"shipping-taxable","12":"purchasable","13":"product-type-simple"},"_links":{"self":[{"href":"https:\/\/iqosprime.com\/en\/wp-json\/wp\/v2\/product\/6294","targetHints":{"allow":["GET"]}}],"collection":[{"href":"https:\/\/iqosprime.com\/en\/wp-json\/wp\/v2\/product"}],"about":[{"href":"https:\/\/iqosprime.com\/en\/wp-json\/wp\/v2\/types\/product"}],"replies":[{"embeddable":true,"href":"https:\/\/iqosprime.com\/en\/wp-json\/wp\/v2\/comments?post=6294"}],"wp:featuredmedia":[{"embeddable":true,"href":"https:\/\/iqosprime.com\/en\/wp-json\/wp\/v2\/media\/6295"}],"wp:attachment":[{"href":"https:\/\/iqosprime.com\/en\/wp-json\/wp\/v2\/media?parent=6294"}],"wp:term":[{"taxonomy":"product_brand","embeddable":true,"href":"https:\/\/iqosprime.com\/en\/wp-json\/wp\/v2\/product_brand?post=6294"},{"taxonomy":"product_cat","embeddable":true,"href":"https:\/\/iqosprime.com\/en\/wp-json\/wp\/v2\/product_cat?post=6294"},{"taxonomy":"product_tag","embeddable":true,"href":"https:\/\/iqosprime.com\/en\/wp-json\/wp\/v2\/product_tag?post=6294"}],"curies":[{"name":"wp","href":"https:\/\/api.w.org\/{rel}","templated":true}]}}