{"id":6296,"date":"2026-02-22T17:08:27","date_gmt":"2026-02-22T14:08:27","guid":{"rendered":"https:\/\/iqosprime.com\/?post_type=product&#038;p=6296"},"modified":"2026-02-22T17:08:27","modified_gmt":"2026-02-22T14:08:27","slug":"veev-blue-mint-pod","status":"publish","type":"product","link":"https:\/\/iqosprime.com\/en\/product\/veev-blue-mint-pod\/","title":{"rendered":"VEEV : BLUE M\u0130NT POD"},"content":{"rendered":"","protected":false},"excerpt":{"rendered":"<ul class=\"KsbFXc U6u95\" data-complete=\"true\" data-processed=\"true\">\n<li data-hveid=\"CAEIBBAA\" data-complete=\"true\" data-sae=\"\"><span class=\"T286Pc\" data-sfc-cp=\"\" data-complete=\"true\"><strong class=\"Yjhzub\" data-complete=\"true\">Aroma:<\/strong>\u00a0VEEV ONE Blue Mint,\u00a0<strong class=\"Yjhzub\" data-complete=\"true\">ferahlat\u0131c\u0131 nane<\/strong>\u00a0lezzetini\u00a0<strong class=\"Yjhzub\" data-complete=\"true\">kremsi vanilya<\/strong>\u00a0alt tonlar\u0131yla birle\u015ftirir. Baz\u0131 kaynaklar, bu nane aromas\u0131n\u0131n hafif bir\u00a0<strong class=\"Yjhzub\" data-complete=\"true\">dut tatl\u0131l\u0131\u011f\u0131<\/strong>\u00a0(berry sweetness) ile dengelendi\u011fini de belirtmektedir. Genel olarak, kullan\u0131c\u0131lara hafif ve serinletici bir deneyim sunmay\u0131 ama\u00e7lar.<\/span><\/li>\n<li data-hveid=\"CAEIBBAB\" data-complete=\"true\" data-sae=\"\"><span class=\"T286Pc\" data-sfc-cp=\"\" data-complete=\"true\"><strong class=\"Yjhzub\" data-complete=\"true\">Nikotin \u0130\u00e7eri\u011fi:<\/strong>\u00a0Her bir kaps\u00fcl (pod), 2 ml e-likit i\u00e7inde 20 mg\/ml (veya %1.8) nikotin tuzu (nic salt) i\u00e7erir. Nikotin tuzlar\u0131, bo\u011fazda daha p\u00fcr\u00fczs\u00fcz bir his (smooth throat hit) sa\u011flayarak nikotin ihtiyac\u0131n\u0131n daha h\u0131zl\u0131 kar\u015f\u0131lanmas\u0131na yard\u0131mc\u0131 olur.<\/span><\/li>\n<li data-hveid=\"CAEIBBAC\" data-complete=\"true\" data-sae=\"\"><span class=\"T286Pc\" data-sfc-cp=\"\" data-complete=\"true\"><strong class=\"Yjhzub\" data-complete=\"true\">Kullan\u0131m:<\/strong>\u00a0Bu kaps\u00fcller sadece\u00a0<strong class=\"Yjhzub\" data-complete=\"true\">VEEV ONE<\/strong>\u00a0cihaz\u0131 ile uyumludur ve yeniden doldurulamaz. Her bir pakette genellikle 2 adet pod bulunur ve her bir pod, kullan\u0131m \u015fekline g\u00f6re 1000&#8217;e kadar nefes (puff) sa\u011flayabilir.<\/span><\/li>\n<li data-hveid=\"CAEIBBAD\" data-complete=\"true\" data-sae=\"\"><span class=\"T286Pc\" data-sfc-cp=\"\" data-complete=\"true\" aria-owns=\"action-menu-parent-container\"><strong class=\"Yjhzub\" data-complete=\"true\">Teknolojisi:<\/strong>\u00a0Podlar, daha iyi bir lezzet sunmak i\u00e7in yerle\u015fik seramik coil (entegre bobin) teknolojisine sahiptir<\/span><\/li>\n<\/ul>","protected":false},"featured_media":6297,"comment_status":"open","ping_status":"closed","template":"","meta":[],"product_brand":[],"product_cat":[116],"product_tag":[],"class_list":{"0":"post-6296","1":"product","2":"type-product","3":"status-publish","4":"has-post-thumbnail","6":"product_cat-iqos-veev","8":"first","9":"instock","10":"taxable","11":"shipping-taxable","12":"purchasable","13":"product-type-simple"},"_links":{"self":[{"href":"https:\/\/iqosprime.com\/en\/wp-json\/wp\/v2\/product\/6296","targetHints":{"allow":["GET"]}}],"collection":[{"href":"https:\/\/iqosprime.com\/en\/wp-json\/wp\/v2\/product"}],"about":[{"href":"https:\/\/iqosprime.com\/en\/wp-json\/wp\/v2\/types\/product"}],"replies":[{"embeddable":true,"href":"https:\/\/iqosprime.com\/en\/wp-json\/wp\/v2\/comments?post=6296"}],"wp:featuredmedia":[{"embeddable":true,"href":"https:\/\/iqosprime.com\/en\/wp-json\/wp\/v2\/media\/6297"}],"wp:attachment":[{"href":"https:\/\/iqosprime.com\/en\/wp-json\/wp\/v2\/media?parent=6296"}],"wp:term":[{"taxonomy":"product_brand","embeddable":true,"href":"https:\/\/iqosprime.com\/en\/wp-json\/wp\/v2\/product_brand?post=6296"},{"taxonomy":"product_cat","embeddable":true,"href":"https:\/\/iqosprime.com\/en\/wp-json\/wp\/v2\/product_cat?post=6296"},{"taxonomy":"product_tag","embeddable":true,"href":"https:\/\/iqosprime.com\/en\/wp-json\/wp\/v2\/product_tag?post=6296"}],"curies":[{"name":"wp","href":"https:\/\/api.w.org\/{rel}","templated":true}]}}