{"id":6298,"date":"2026-02-22T17:11:10","date_gmt":"2026-02-22T14:11:10","guid":{"rendered":"https:\/\/iqosprime.com\/?post_type=product&#038;p=6298"},"modified":"2026-02-22T17:11:11","modified_gmt":"2026-02-22T14:11:11","slug":"veev-melon-coconut","status":"publish","type":"product","link":"https:\/\/iqosprime.com\/en\/product\/veev-melon-coconut\/","title":{"rendered":"VEEV : MELON COCONUT"},"content":{"rendered":"","protected":false},"excerpt":{"rendered":"<div class=\"Y3BBE\" data-sfc-cp=\"\" data-hveid=\"CAEIBBAA\" data-complete=\"true\" data-processed=\"true\">Melon Coconut aromas\u0131, egzotik kavun ve hindistancevizi notalar\u0131n\u0131n\u00a0<strong class=\"Yjhzub\" data-complete=\"true\" data-processed=\"true\">serinletici bir his<\/strong>\u00a0ile harmanlanm\u0131\u015f halidir. Bu aroma, hem kapal\u0131 pod sistemleri hem de tek kullan\u0131ml\u0131k cihazlar i\u00e7in mevcuttur.<span class=\"uJ19be notranslate\" data-wiz-uids=\"sL9pWe_s,sL9pWe_t\" data-complete=\"true\" data-processed=\"true\"><span class=\"vKEkVd\" data-animation-atomic=\"\" data-wiz-attrbind=\"class=sL9pWe_r\/TKHnVd\" data-sae=\"\"><span aria-hidden=\"true\">\u00a0<\/span><button class=\"rBl3me IWyTpf pjvauc\" tabindex=\"0\" data-amic=\"true\" data-icl-uuid=\"8b023678-0adb-4802-a9c5-ae61f3f684fd\" aria-label=\"Nobacco - \u0130lgili ba\u011flant\u0131lar\u0131 g\u00f6ster\" data-wiz-attrbind=\"disabled=sL9pWe_r\/C5gNJc;aria-label=sL9pWe_r\/bOjMyf;class=sL9pWe_r\/UpSNec\" data-ved=\"2ahUKEwiQxqyjo-2SAxXsh_0HHYaYGpkQye0OegYIAQgEEAE\"><\/button><\/span><\/span><\/div>\n<ul class=\"KsbFXc U6u95\" data-complete=\"true\" data-processed=\"true\">\n<li data-hveid=\"CAEIBRAA\" data-complete=\"true\" data-sae=\"\"><span class=\"T286Pc\" data-sfc-cp=\"\" data-complete=\"true\"><strong class=\"Yjhzub\" data-complete=\"true\">VEEV ONE Podlar\u0131<\/strong>: Bu, \u015farj edilebilir VEEV ONE cihaz\u0131yla uyumlu, \u00f6nceden doldurulmu\u015f bir pod sistemidir.<\/span>\n<ul class=\"KsbFXc U6u95\" data-complete=\"true\">\n<li data-hveid=\"CAEIBRAB\" data-complete=\"true\" data-sae=\"\"><span class=\"T286Pc\" data-sfc-cp=\"\" data-complete=\"true\"><strong class=\"Yjhzub\" data-complete=\"true\">Nikotin Seviyesi<\/strong>: Genellikle %1.8 (20 mg\/ml) nikotin seviyesinde bulunur.<\/span><\/li>\n<li data-hveid=\"CAEIBRAC\" data-complete=\"true\" data-sae=\"\"><span class=\"T286Pc\" data-sfc-cp=\"\" data-complete=\"true\"><strong class=\"Yjhzub\" data-complete=\"true\">Puf Say\u0131s\u0131<\/strong>: Her bir pod paketi 2 adet pod i\u00e7erir ve paket ba\u015f\u0131na 2000 pufa kadar kullan\u0131m \u00f6mr\u00fc sunabilir (kullan\u0131m al\u0131\u015fkanl\u0131klar\u0131na g\u00f6re de\u011fi\u015febilir).<\/span><\/li>\n<li data-hveid=\"CAEIBRAD\" data-complete=\"true\" data-sae=\"\"><span class=\"T286Pc\" data-sfc-cp=\"\" data-complete=\"true\" aria-owns=\"action-menu-parent-container\"><strong class=\"Yjhzub\" data-complete=\"true\">Teknolojik \u00d6zellikler<\/strong>: Podlar, e-likit i\u00e7eri\u011finin de\u011fi\u015ftirilmesini \u00f6nleyecek \u015fekilde tasarlanm\u0131\u015ft\u0131r, s\u0131zd\u0131rma yapmaz ve seramik \u0131s\u0131tma teknolojisi sayesinde tutarl\u0131 bir deneyim sunar.<\/span><\/li>\n<\/ul>\n<\/li>\n<\/ul>","protected":false},"featured_media":6299,"comment_status":"open","ping_status":"closed","template":"","meta":[],"product_brand":[],"product_cat":[116],"product_tag":[],"class_list":{"0":"post-6298","1":"product","2":"type-product","3":"status-publish","4":"has-post-thumbnail","6":"product_cat-iqos-veev","8":"first","9":"instock","10":"taxable","11":"shipping-taxable","12":"purchasable","13":"product-type-simple"},"_links":{"self":[{"href":"https:\/\/iqosprime.com\/en\/wp-json\/wp\/v2\/product\/6298","targetHints":{"allow":["GET"]}}],"collection":[{"href":"https:\/\/iqosprime.com\/en\/wp-json\/wp\/v2\/product"}],"about":[{"href":"https:\/\/iqosprime.com\/en\/wp-json\/wp\/v2\/types\/product"}],"replies":[{"embeddable":true,"href":"https:\/\/iqosprime.com\/en\/wp-json\/wp\/v2\/comments?post=6298"}],"wp:featuredmedia":[{"embeddable":true,"href":"https:\/\/iqosprime.com\/en\/wp-json\/wp\/v2\/media\/6299"}],"wp:attachment":[{"href":"https:\/\/iqosprime.com\/en\/wp-json\/wp\/v2\/media?parent=6298"}],"wp:term":[{"taxonomy":"product_brand","embeddable":true,"href":"https:\/\/iqosprime.com\/en\/wp-json\/wp\/v2\/product_brand?post=6298"},{"taxonomy":"product_cat","embeddable":true,"href":"https:\/\/iqosprime.com\/en\/wp-json\/wp\/v2\/product_cat?post=6298"},{"taxonomy":"product_tag","embeddable":true,"href":"https:\/\/iqosprime.com\/en\/wp-json\/wp\/v2\/product_tag?post=6298"}],"curies":[{"name":"wp","href":"https:\/\/api.w.org\/{rel}","templated":true}]}}