{"id":6300,"date":"2026-02-22T17:14:37","date_gmt":"2026-02-22T14:14:37","guid":{"rendered":"https:\/\/iqosprime.com\/?post_type=product&#038;p=6300"},"modified":"2026-02-22T17:14:38","modified_gmt":"2026-02-22T14:14:38","slug":"veev-watermelon","status":"publish","type":"product","link":"https:\/\/iqosprime.com\/en\/product\/veev-watermelon\/","title":{"rendered":"VEEV : WATERMELON"},"content":{"rendered":"","protected":false},"excerpt":{"rendered":"<div class=\"Y3BBE\" data-sfc-cp=\"\" data-hveid=\"CAEIBBAA\" data-complete=\"true\" data-processed=\"true\">VEEV Watermelon aromas\u0131, \u00e7o\u011funlukla VEEV ONE (\u015farj edilebilir kapal\u0131 pod sistemi) ve VEEV NOW (tek kullan\u0131ml\u0131k e-sigara) \u00fcr\u00fcn serilerinde bulunur.<span class=\"uJ19be notranslate\" data-wiz-uids=\"y1eCKf_s,y1eCKf_t\" data-complete=\"true\" data-processed=\"true\"><span class=\"vKEkVd\" data-animation-atomic=\"\" data-wiz-attrbind=\"class=y1eCKf_r\/TKHnVd\" data-sae=\"\"><span aria-hidden=\"true\">\u00a0<\/span><button class=\"rBl3me IWyTpf pjvauc\" tabindex=\"0\" data-amic=\"true\" data-icl-uuid=\"a537b0cc-2ac2-422b-854f-4e31d36114be\" aria-label=\"IQOS website (+1) - \u0130lgili ba\u011flant\u0131lar\u0131 g\u00f6ster\" data-wiz-attrbind=\"disabled=y1eCKf_r\/C5gNJc;aria-label=y1eCKf_r\/bOjMyf;class=y1eCKf_r\/UpSNec\" data-ved=\"2ahUKEwjGoM78o-2SAxVV8rsIHVHCGxgQye0OegYIAQgEEAE\"><\/button><\/span><\/span><\/p>\n<div class=\"Fwa2Od\" data-animation-skip=\"\" data-signal-inputs=\"scS1X=y1eCKf_r\/scS1X\" data-ved=\"2ahUKEwjGoM78o-2SAxVV8rsIHVHCGxgQ3s0SegYIAQgEEAI\" data-complete=\"true\"><\/div>\n<\/div>\n<ul class=\"KsbFXc U6u95\" data-complete=\"true\" data-processed=\"true\">\n<li data-hveid=\"CAEIBRAA\" data-complete=\"true\" data-sae=\"\"><span class=\"T286Pc\" data-sfc-cp=\"\" data-complete=\"true\"><strong class=\"Yjhzub\" data-complete=\"true\">Aroma Profili<\/strong>: \u00dcr\u00fcn, ferahlat\u0131c\u0131, sulu ve olgun\u00a0<strong class=\"Yjhzub\" data-complete=\"true\">karpuz<\/strong>\u00a0lezzet notalar\u0131 sunar. Pek \u00e7ok kullan\u0131c\u0131, bu meyvemsi tada e\u015flik eden belirgin bir\u00a0<strong class=\"Yjhzub\" data-complete=\"true\">mentol veya buz hissi<\/strong>\u00a0oldu\u011funu belirtir.<\/span><\/li>\n<li data-hveid=\"CAEIBRAB\" data-complete=\"true\" data-sae=\"\"><span class=\"T286Pc\" data-sfc-cp=\"\" data-complete=\"true\"><strong class=\"Yjhzub\" data-complete=\"true\">Nikotin G\u00fcc\u00fc<\/strong>: Podlar ve tek kullan\u0131ml\u0131k cihazlar genellikle 20 mg\/mL (%1.8) nikotin g\u00fcc\u00fcne sahiptir, bu da nikotin tuzu form\u00fcl\u00fc kullanarak p\u00fcr\u00fczs\u00fcz bir bo\u011faz vuru\u015fu sa\u011flar.<\/span><\/li>\n<li data-hveid=\"CAEIBRAC\" data-complete=\"true\" data-sae=\"\"><span class=\"T286Pc\" data-sfc-cp=\"\" data-complete=\"true\"><strong class=\"Yjhzub\" data-complete=\"true\">\u0130\u00e7erik<\/strong>: E-likit, y\u00fcksek kaliteli i\u00e7erikler, farmas\u00f6tik s\u0131n\u0131f nikotin, propilen glikol (PG) ve bitkisel gliserin (VG) kullan\u0131larak \u00fcretilir.<\/span><\/li>\n<li data-hveid=\"CAEIBRAD\" data-complete=\"true\" data-sae=\"\"><span class=\"T286Pc\" data-sfc-cp=\"\" data-complete=\"true\"><strong class=\"Yjhzub\" data-complete=\"true\">Uyumluluk<\/strong>: VEEV ONE Watermelon podlar\u0131 sadece VEEV ONE cihazlar\u0131yla uyumludur. Tek kullan\u0131ml\u0131k VEEV NOW cihazlar\u0131 ise kutudan \u00e7\u0131kar \u00e7\u0131kmaz kullan\u0131ma haz\u0131rd\u0131r.<\/span><span class=\"uJ19be notranslate\" data-wiz-uids=\"y1eCKf_1d,y1eCKf_1e\" data-complete=\"true\"><span class=\"vKEkVd\" data-animation-atomic=\"\" data-wiz-attrbind=\"class=y1eCKf_1c\/TKHnVd\" data-sae=\"\"><span aria-hidden=\"true\">\u00a0<\/span><button class=\"rBl3me IWyTpf pjvauc\" tabindex=\"0\" data-amic=\"true\" data-icl-uuid=\"6287943d-361a-4f8c-8ee2-8b5e41adcb68\" aria-label=\"IQOS website (+6) - \u0130lgili ba\u011flant\u0131lar\u0131 g\u00f6ster\" data-wiz-attrbind=\"disabled=y1eCKf_1c\/C5gNJc;aria-label=y1eCKf_1c\/bOjMyf;class=y1eCKf_1c\/UpSNec\" data-ved=\"2ahUKEwjGoM78o-2SAxVV8rsIHVHCGxgQye0OegYIAQgFEAQ\"><\/button><\/span><\/span>\n<div class=\"Fwa2Od\" data-animation-skip=\"\" data-signal-inputs=\"scS1X=y1eCKf_1c\/scS1X\" data-ved=\"2ahUKEwjGoM78o-2SAxVV8rsIHVHCGxgQ3s0SegYIAQgFEAU\" data-complete=\"true\"><\/div>\n<\/li>\n<\/ul>","protected":false},"featured_media":6301,"comment_status":"open","ping_status":"closed","template":"","meta":[],"product_brand":[],"product_cat":[116],"product_tag":[],"class_list":{"0":"post-6300","1":"product","2":"type-product","3":"status-publish","4":"has-post-thumbnail","6":"product_cat-iqos-veev","8":"first","9":"instock","10":"taxable","11":"shipping-taxable","12":"purchasable","13":"product-type-simple"},"_links":{"self":[{"href":"https:\/\/iqosprime.com\/en\/wp-json\/wp\/v2\/product\/6300","targetHints":{"allow":["GET"]}}],"collection":[{"href":"https:\/\/iqosprime.com\/en\/wp-json\/wp\/v2\/product"}],"about":[{"href":"https:\/\/iqosprime.com\/en\/wp-json\/wp\/v2\/types\/product"}],"replies":[{"embeddable":true,"href":"https:\/\/iqosprime.com\/en\/wp-json\/wp\/v2\/comments?post=6300"}],"wp:featuredmedia":[{"embeddable":true,"href":"https:\/\/iqosprime.com\/en\/wp-json\/wp\/v2\/media\/6301"}],"wp:attachment":[{"href":"https:\/\/iqosprime.com\/en\/wp-json\/wp\/v2\/media?parent=6300"}],"wp:term":[{"taxonomy":"product_brand","embeddable":true,"href":"https:\/\/iqosprime.com\/en\/wp-json\/wp\/v2\/product_brand?post=6300"},{"taxonomy":"product_cat","embeddable":true,"href":"https:\/\/iqosprime.com\/en\/wp-json\/wp\/v2\/product_cat?post=6300"},{"taxonomy":"product_tag","embeddable":true,"href":"https:\/\/iqosprime.com\/en\/wp-json\/wp\/v2\/product_tag?post=6300"}],"curies":[{"name":"wp","href":"https:\/\/api.w.org\/{rel}","templated":true}]}}