{"id":6302,"date":"2026-02-22T17:18:32","date_gmt":"2026-02-22T14:18:32","guid":{"rendered":"https:\/\/iqosprime.com\/?post_type=product&#038;p=6302"},"modified":"2026-02-26T23:35:17","modified_gmt":"2026-02-26T20:35:17","slug":"veev-classic-tabacco","status":"publish","type":"product","link":"https:\/\/iqosprime.com\/en\/product\/veev-classic-tabacco\/","title":{"rendered":"VEEV : CLASS\u0130C TABACCO"},"content":{"rendered":"","protected":false},"excerpt":{"rendered":"<ul class=\"KsbFXc U6u95\" data-complete=\"true\" data-processed=\"true\">\n<li data-hveid=\"CAEIBRAA\" data-complete=\"true\" data-sae=\"\"><span class=\"T286Pc\" data-sfc-cp=\"\" data-complete=\"true\"><strong class=\"Yjhzub\" data-complete=\"true\">Aroma Profili:<\/strong>\u00a0VEEV Classic Tobacco, hafif topraks\u0131 notalarla zenginle\u015ftirilmi\u015f, klasik ve otantik bir kavrulmu\u015f t\u00fct\u00fcn tad\u0131 sunar. Baz\u0131 kullan\u0131c\u0131lar, geleneksel sigaraya benzer ashy (k\u00fcl benzeri) bir tat hissetti\u011fini belirtmi\u015ftir.<\/span><\/li>\n<li data-hveid=\"CAEIBRAB\" data-complete=\"true\" data-sae=\"\"><span class=\"T286Pc\" data-sfc-cp=\"\" data-complete=\"true\"><strong class=\"Yjhzub\" data-complete=\"true\">Uyumluluk:<\/strong>\u00a0Bu podlar yaln\u0131zca VEEV One pod kiti veya VEEV NOW tek kullan\u0131ml\u0131k cihazlarla uyumludur.<\/span><\/li>\n<li data-hveid=\"CAEIBRAC\" data-complete=\"true\" data-sae=\"\"><span class=\"T286Pc\" data-sfc-cp=\"\" data-complete=\"true\"><strong class=\"Yjhzub\" data-complete=\"true\">Nikotin G\u00fcc\u00fc:<\/strong>\u00a0Podlar genellikle 20 mg\/ml (%1.8) nikotin g\u00fcc\u00fcnde sunulur.<\/span><\/li>\n<li data-hveid=\"CAEIBRAD\" data-complete=\"true\" data-sae=\"\"><span class=\"T286Pc\" data-sfc-cp=\"\" data-complete=\"true\"><strong class=\"Yjhzub\" data-complete=\"true\">Puf Say\u0131s\u0131:<\/strong>\u00a0Her bir 2 ml&#8217;lik VEEV One pod, yakla\u015f\u0131k 1000 puf sa\u011flar (paket ba\u015f\u0131na 2000 puf). VEEV NOW tek kullan\u0131ml\u0131k cihazlar ise yakla\u015f\u0131k 500 puf sunar.<\/span><\/li>\n<li data-hveid=\"CAEIBRAE\" data-complete=\"true\" data-sae=\"\"><span class=\"T286Pc\" data-sfc-cp=\"\" data-complete=\"true\" aria-owns=\"action-menu-parent-container\"><strong class=\"Yjhzub\" data-complete=\"true\">Ana \u0130\u00e7erikler:<\/strong>\u00a0Propilen glikol, bitkisel gliserin, aromalar, benzoik asit ve nikotin i\u00e7erir.<\/span><\/li>\n<\/ul>","protected":false},"featured_media":6303,"comment_status":"open","ping_status":"closed","template":"","meta":[],"product_brand":[],"product_cat":[116],"product_tag":[],"class_list":{"0":"post-6302","1":"product","2":"type-product","3":"status-publish","4":"has-post-thumbnail","6":"product_cat-iqos-veev","8":"first","9":"instock","10":"taxable","11":"shipping-taxable","12":"purchasable","13":"product-type-simple"},"_links":{"self":[{"href":"https:\/\/iqosprime.com\/en\/wp-json\/wp\/v2\/product\/6302","targetHints":{"allow":["GET"]}}],"collection":[{"href":"https:\/\/iqosprime.com\/en\/wp-json\/wp\/v2\/product"}],"about":[{"href":"https:\/\/iqosprime.com\/en\/wp-json\/wp\/v2\/types\/product"}],"replies":[{"embeddable":true,"href":"https:\/\/iqosprime.com\/en\/wp-json\/wp\/v2\/comments?post=6302"}],"wp:featuredmedia":[{"embeddable":true,"href":"https:\/\/iqosprime.com\/en\/wp-json\/wp\/v2\/media\/6303"}],"wp:attachment":[{"href":"https:\/\/iqosprime.com\/en\/wp-json\/wp\/v2\/media?parent=6302"}],"wp:term":[{"taxonomy":"product_brand","embeddable":true,"href":"https:\/\/iqosprime.com\/en\/wp-json\/wp\/v2\/product_brand?post=6302"},{"taxonomy":"product_cat","embeddable":true,"href":"https:\/\/iqosprime.com\/en\/wp-json\/wp\/v2\/product_cat?post=6302"},{"taxonomy":"product_tag","embeddable":true,"href":"https:\/\/iqosprime.com\/en\/wp-json\/wp\/v2\/product_tag?post=6302"}],"curies":[{"name":"wp","href":"https:\/\/api.w.org\/{rel}","templated":true}]}}