{"id":6304,"date":"2026-02-22T17:21:16","date_gmt":"2026-02-22T14:21:16","guid":{"rendered":"https:\/\/iqosprime.com\/?post_type=product&#038;p=6304"},"modified":"2026-02-26T23:34:36","modified_gmt":"2026-02-26T20:34:36","slug":"veev-grape","status":"publish","type":"product","link":"https:\/\/iqosprime.com\/en\/product\/veev-grape\/","title":{"rendered":"VEEV : GRAPE"},"content":{"rendered":"","protected":false},"excerpt":{"rendered":"<div class=\"Y3BBE\" data-sfc-cp=\"\" data-hveid=\"CAEIBBAA\" data-complete=\"true\" data-processed=\"true\">\n<div class=\"Fwa2Od\" data-animation-skip=\"\" data-signal-inputs=\"scS1X=flDPse_r\/scS1X\" data-ved=\"2ahUKEwios9-qpe2SAxXLhv0HHfR3OFYQ3s0SegYIAQgEEAI\" data-complete=\"true\"><\/div>\n<\/div>\n<ul class=\"KsbFXc U6u95\" data-complete=\"true\" data-processed=\"true\">\n<li data-hveid=\"CAEIBRAA\" data-complete=\"true\" data-sae=\"\"><span class=\"T286Pc\" data-sfc-cp=\"\" data-complete=\"true\"><strong class=\"Yjhzub\" data-complete=\"true\">Aroma Profili<\/strong>: Vape Club&#8217;daki yorumculara g\u00f6re, bu podlar ba\u015ftan sona\u00a0<strong class=\"Yjhzub\" data-complete=\"true\">tatl\u0131, siyah \u00fcz\u00fcm\u00fcn zengin tad\u0131n\u0131 ve sulu notalar\u0131n\u0131<\/strong>\u00a0sergiler.<\/span><\/li>\n<li data-hveid=\"CAEIBRAB\" data-complete=\"true\" data-sae=\"\"><span class=\"T286Pc\" data-sfc-cp=\"\" data-complete=\"true\"><strong class=\"Yjhzub\" data-complete=\"true\">Nikotin G\u00fcc\u00fc<\/strong>: Her pod, 20 mg\/mL (1.8%) nikotin seviyesine sahip nikotin tuzu e-likit i\u00e7erir, bu da bo\u011fazda daha yumu\u015fak bir his ve daha h\u0131zl\u0131 nikotin doyumu sa\u011flar.<\/span><\/li>\n<li data-hveid=\"CAEIBRAC\" data-complete=\"true\" data-sae=\"\"><span class=\"T286Pc\" data-sfc-cp=\"\" data-complete=\"true\"><strong class=\"Yjhzub\" data-complete=\"true\">Kullan\u0131m S\u00fcresi<\/strong>: Her bir 2 mL&#8217;lik pod, bireysel kullan\u0131m al\u0131\u015fkanl\u0131klar\u0131na g\u00f6re de\u011fi\u015febilmekle birlikte, yakla\u015f\u0131k\u00a0<strong class=\"Yjhzub\" data-complete=\"true\">1000 puf<\/strong>\u00a0sunar; bir pakette 2 pod bulunur, yani toplamda 2000 puf sa\u011flar.<\/span><\/li>\n<li data-hveid=\"CAEIBRAD\" data-complete=\"true\" data-sae=\"\"><span class=\"T286Pc\" data-sfc-cp=\"\" data-complete=\"true\" aria-owns=\"action-menu-parent-container\"><strong class=\"Yjhzub\" data-complete=\"true\">Teknoloji<\/strong>: Tutarl\u0131 bir lezzet deneyimi sa\u011flamak ve yan\u0131k tad\u0131 \u00f6nlemek i\u00e7in d\u00fc\u015f\u00fck s\u0131v\u0131 alg\u0131lama sistemine sahip yerle\u015fik seramik bobinler kullan\u0131r<\/span><\/li>\n<\/ul>","protected":false},"featured_media":6305,"comment_status":"open","ping_status":"closed","template":"","meta":[],"product_brand":[],"product_cat":[116],"product_tag":[],"class_list":{"0":"post-6304","1":"product","2":"type-product","3":"status-publish","4":"has-post-thumbnail","6":"product_cat-iqos-veev","8":"first","9":"instock","10":"taxable","11":"shipping-taxable","12":"purchasable","13":"product-type-simple"},"_links":{"self":[{"href":"https:\/\/iqosprime.com\/en\/wp-json\/wp\/v2\/product\/6304","targetHints":{"allow":["GET"]}}],"collection":[{"href":"https:\/\/iqosprime.com\/en\/wp-json\/wp\/v2\/product"}],"about":[{"href":"https:\/\/iqosprime.com\/en\/wp-json\/wp\/v2\/types\/product"}],"replies":[{"embeddable":true,"href":"https:\/\/iqosprime.com\/en\/wp-json\/wp\/v2\/comments?post=6304"}],"wp:featuredmedia":[{"embeddable":true,"href":"https:\/\/iqosprime.com\/en\/wp-json\/wp\/v2\/media\/6305"}],"wp:attachment":[{"href":"https:\/\/iqosprime.com\/en\/wp-json\/wp\/v2\/media?parent=6304"}],"wp:term":[{"taxonomy":"product_brand","embeddable":true,"href":"https:\/\/iqosprime.com\/en\/wp-json\/wp\/v2\/product_brand?post=6304"},{"taxonomy":"product_cat","embeddable":true,"href":"https:\/\/iqosprime.com\/en\/wp-json\/wp\/v2\/product_cat?post=6304"},{"taxonomy":"product_tag","embeddable":true,"href":"https:\/\/iqosprime.com\/en\/wp-json\/wp\/v2\/product_tag?post=6304"}],"curies":[{"name":"wp","href":"https:\/\/api.w.org\/{rel}","templated":true}]}}