{"id":6306,"date":"2026-02-22T17:24:50","date_gmt":"2026-02-22T14:24:50","guid":{"rendered":"https:\/\/iqosprime.com\/?post_type=product&#038;p=6306"},"modified":"2026-02-26T23:34:01","modified_gmt":"2026-02-26T20:34:01","slug":"veev-sour-apple","status":"publish","type":"product","link":"https:\/\/iqosprime.com\/en\/product\/veev-sour-apple\/","title":{"rendered":"VEEV : SOUR APPLE"},"content":{"rendered":"","protected":false},"excerpt":{"rendered":"<div class=\"Y3BBE\" data-sfc-cp=\"\" data-hveid=\"CAEIBBAA\" data-complete=\"true\" data-processed=\"true\">Bu aroma, canland\u0131r\u0131c\u0131 bir vaping deneyimi i\u00e7in geli\u015ftirilmi\u015ftir:<button class=\"rBl3me\" tabindex=\"0\" data-amic=\"true\" data-icl-uuid=\"c7dbb220-18e7-4431-887f-576f2dcdb0ea\" aria-label=\"\u0130lgili ba\u011flant\u0131lar\u0131 g\u00f6ster\" data-wiz-attrbind=\"disabled=Vu3Hhe_r\/C5gNJc;aria-label=Vu3Hhe_r\/bOjMyf;class=Vu3Hhe_r\/UpSNec\" data-ved=\"2ahUKEwjXrvuxpu2SAxVDhP0HHeWkNeAQye0OegYIAQgEEAE\"><\/button><\/div>\n<ul class=\"KsbFXc U6u95\" data-complete=\"true\" data-processed=\"true\">\n<li data-hveid=\"CAEIBRAA\" data-complete=\"true\" data-sae=\"\"><span class=\"T286Pc\" data-sfc-cp=\"\" data-complete=\"true\"><strong class=\"Yjhzub\" data-complete=\"true\">Lezzet Profili<\/strong>: Ek\u015fi ye\u015fil elma aromalar\u0131n\u0131n tatl\u0131 ve ek\u015fi (sweet and sour) notalarla dengelenmi\u015f bir kar\u0131\u015f\u0131m\u0131 olarak tan\u0131mlan\u0131r.<\/span><\/li>\n<li data-hveid=\"CAEIBRAB\" data-complete=\"true\" data-sae=\"\"><span class=\"T286Pc\" data-sfc-cp=\"\" data-complete=\"true\"><strong class=\"Yjhzub\" data-complete=\"true\">Deneyim<\/strong>: Ferahlat\u0131c\u0131 bir his ve hafif bir so\u011futma dokunu\u015fu ile karakterize edilir.<\/span><\/li>\n<li data-hveid=\"CAEIBRAC\" data-complete=\"true\" data-sae=\"\"><span class=\"T286Pc\" data-sfc-cp=\"\" data-complete=\"true\" aria-owns=\"action-menu-parent-container\"><strong class=\"Yjhzub\" data-complete=\"true\">\u0130\u00e7erik<\/strong>: Y\u00fcksek kaliteli g\u0131da ve ila\u00e7 s\u0131n\u0131f\u0131 i\u00e7eriklerle (propilen glikol, bitkisel gliserin, aroma vericiler, nikotin, benzoik asit, neotam) \u00fcretilmi\u015ftir<\/span><\/li>\n<\/ul>","protected":false},"featured_media":6307,"comment_status":"open","ping_status":"closed","template":"","meta":[],"product_brand":[],"product_cat":[116],"product_tag":[],"class_list":{"0":"post-6306","1":"product","2":"type-product","3":"status-publish","4":"has-post-thumbnail","6":"product_cat-iqos-veev","8":"first","9":"instock","10":"taxable","11":"shipping-taxable","12":"purchasable","13":"product-type-simple"},"_links":{"self":[{"href":"https:\/\/iqosprime.com\/en\/wp-json\/wp\/v2\/product\/6306","targetHints":{"allow":["GET"]}}],"collection":[{"href":"https:\/\/iqosprime.com\/en\/wp-json\/wp\/v2\/product"}],"about":[{"href":"https:\/\/iqosprime.com\/en\/wp-json\/wp\/v2\/types\/product"}],"replies":[{"embeddable":true,"href":"https:\/\/iqosprime.com\/en\/wp-json\/wp\/v2\/comments?post=6306"}],"wp:featuredmedia":[{"embeddable":true,"href":"https:\/\/iqosprime.com\/en\/wp-json\/wp\/v2\/media\/6307"}],"wp:attachment":[{"href":"https:\/\/iqosprime.com\/en\/wp-json\/wp\/v2\/media?parent=6306"}],"wp:term":[{"taxonomy":"product_brand","embeddable":true,"href":"https:\/\/iqosprime.com\/en\/wp-json\/wp\/v2\/product_brand?post=6306"},{"taxonomy":"product_cat","embeddable":true,"href":"https:\/\/iqosprime.com\/en\/wp-json\/wp\/v2\/product_cat?post=6306"},{"taxonomy":"product_tag","embeddable":true,"href":"https:\/\/iqosprime.com\/en\/wp-json\/wp\/v2\/product_tag?post=6306"}],"curies":[{"name":"wp","href":"https:\/\/api.w.org\/{rel}","templated":true}]}}