{"id":6308,"date":"2026-02-22T17:27:33","date_gmt":"2026-02-22T14:27:33","guid":{"rendered":"https:\/\/iqosprime.com\/?post_type=product&#038;p=6308"},"modified":"2026-02-26T23:33:24","modified_gmt":"2026-02-26T20:33:24","slug":"veev","status":"publish","type":"product","link":"https:\/\/iqosprime.com\/en\/product\/veev\/","title":{"rendered":"VEEV : STRAWBERRY"},"content":{"rendered":"<p>&nbsp;<\/p>\n<ul class=\"KsbFXc U6u95\" data-complete=\"true\" data-processed=\"true\">\n<li data-hveid=\"CAEIBRAA\" data-complete=\"true\" data-sae=\"\"><span class=\"T286Pc\" data-sfc-cp=\"\" data-complete=\"true\"><strong class=\"Yjhzub\" data-complete=\"true\">VEEV ONE Strawberry Pods<\/strong>: Bu, yaln\u0131zca VEEV ONE cihaz\u0131yla kullan\u0131lmak \u00fczere tasarlanm\u0131\u015f, \u00f6nceden doldurulmu\u015f kaps\u00fcl sistemidir.<\/span>\n<ul class=\"KsbFXc U6u95\" data-complete=\"true\">\n<li data-hveid=\"CAEIBRAB\" data-complete=\"true\" data-sae=\"\"><span class=\"T286Pc\" data-sfc-cp=\"\" data-complete=\"true\"><strong class=\"Yjhzub\" data-complete=\"true\">Aroma Profili<\/strong>: Ger\u00e7ek veya \u015fekerli olmayan, dengeli bir tatl\u0131l\u0131\u011fa sahip, p\u00fcr\u00fczs\u00fcz,\u00a0<strong class=\"Yjhzub\" data-complete=\"true\">olgun \u00e7ilek<\/strong>\u00a0aromas\u0131 notalar\u0131 sunar. Baz\u0131 \u00e7e\u015fitler hafif buzlu\/ferahlat\u0131c\u0131 bir biti\u015fe sahip olabilirken, di\u011ferleri mentol veya so\u011futma etkisi i\u00e7ermez.<\/span><\/li>\n<li data-hveid=\"CAEIBRAC\" data-complete=\"true\" data-sae=\"\"><span class=\"T286Pc\" data-sfc-cp=\"\" data-complete=\"true\"><strong class=\"Yjhzub\" data-complete=\"true\">Nikotin G\u00fcc\u00fc<\/strong>: Genellikle %1.8 (20 mg\/ml) nikotin seviyesinde bulunur ve nikotin tuzu form\u00fclasyonu sayesinde p\u00fcr\u00fczs\u00fcz bir bo\u011faz vuru\u015fu sa\u011flar.<\/span><\/li>\n<li data-hveid=\"CAEIBRAD\" data-complete=\"true\" data-sae=\"\"><span class=\"T286Pc\" data-sfc-cp=\"\" data-complete=\"true\"><strong class=\"Yjhzub\" data-complete=\"true\">Puf Say\u0131s\u0131<\/strong>: Her bir 2 ml&#8217;lik kaps\u00fcl, yakla\u015f\u0131k\u00a0<strong class=\"Yjhzub\" data-complete=\"true\">1000 pufa<\/strong>\u00a0kadar kullan\u0131m sunabilir, bu da 2&#8217;li paket ba\u015f\u0131na yakla\u015f\u0131k 2000 puf demektir.<\/span><\/li>\n<li data-hveid=\"CAEIBRAE\" data-complete=\"true\" data-sae=\"\"><span class=\"T286Pc\" data-sfc-cp=\"\" data-complete=\"true\"><strong class=\"Yjhzub\" data-complete=\"true\">Teknoloji<\/strong>: VEEV ONE, tutarl\u0131 aroma sunumu ve yan\u0131k tat hissini \u00f6nlemek i\u00e7in tasarlanm\u0131\u015f kompakt bir seramik \u0131s\u0131tma teknolojisi ve d\u00fc\u015f\u00fck s\u0131v\u0131 tespit sistemi kullan\u0131r.<\/span><\/li>\n<\/ul>\n<\/li>\n<li data-hveid=\"CAEIBRAF\" data-complete=\"true\" data-sae=\"\"><span class=\"T286Pc\" data-sfc-cp=\"\" data-complete=\"true\" aria-owns=\"action-menu-parent-container\"><strong class=\"Yjhzub\" data-complete=\"true\">VEEV NOW Strawberry (Tek Kullan\u0131ml\u0131k)<\/strong>: Bu, bak\u0131m gerektirmeyen, \u015farj edilmeyen veya yeniden doldurulmayan, kullan\u0131ma haz\u0131r tek kullan\u0131ml\u0131k bir cihazd\u0131r.<\/span><\/li>\n<\/ul>","protected":false},"excerpt":{"rendered":"<div class=\"Y3BBE\" data-sfc-cp=\"\" data-hveid=\"CAEIBBAA\" data-complete=\"true\" data-processed=\"true\">\n<div class=\"Fwa2Od\" data-animation-skip=\"\" data-signal-inputs=\"scS1X=f3juse_p\/scS1X\" data-ved=\"2ahUKEwj3i8Dwpu2SAxVV8rsIHVHCGxgQ3s0SegYIAQgEEAI\" data-complete=\"true\"><\/div>\n<\/div>\n<ul class=\"KsbFXc U6u95\" data-complete=\"true\" data-processed=\"true\">\n<li data-hveid=\"CAEIBRAA\" data-complete=\"true\" data-sae=\"\"><span class=\"T286Pc\" data-sfc-cp=\"\" data-complete=\"true\"><strong class=\"Yjhzub\" data-complete=\"true\">VEEV ONE Strawberry Pods<\/strong>: Bu, yaln\u0131zca VEEV ONE cihaz\u0131yla kullan\u0131lmak \u00fczere tasarlanm\u0131\u015f, \u00f6nceden doldurulmu\u015f kaps\u00fcl sistemidir.<\/span>\n<ul class=\"KsbFXc U6u95\" data-complete=\"true\">\n<li data-hveid=\"CAEIBRAB\" data-complete=\"true\" data-sae=\"\"><span class=\"T286Pc\" data-sfc-cp=\"\" data-complete=\"true\"><strong class=\"Yjhzub\" data-complete=\"true\">Aroma Profili<\/strong>: Ger\u00e7ek veya \u015fekerli olmayan, dengeli bir tatl\u0131l\u0131\u011fa sahip, p\u00fcr\u00fczs\u00fcz,\u00a0<strong class=\"Yjhzub\" data-complete=\"true\">olgun \u00e7ilek<\/strong>\u00a0aromas\u0131 notalar\u0131 sunar. Baz\u0131 \u00e7e\u015fitler hafif buzlu\/ferahlat\u0131c\u0131 bir biti\u015fe sahip olabilirken, di\u011ferleri mentol veya so\u011futma etkisi i\u00e7ermez.<\/span><\/li>\n<li data-hveid=\"CAEIBRAC\" data-complete=\"true\" data-sae=\"\"><span class=\"T286Pc\" data-sfc-cp=\"\" data-complete=\"true\"><strong class=\"Yjhzub\" data-complete=\"true\">Nikotin G\u00fcc\u00fc<\/strong>: Genellikle %1.8 (20 mg\/ml) nikotin seviyesinde bulunur ve nikotin tuzu form\u00fclasyonu sayesinde p\u00fcr\u00fczs\u00fcz bir bo\u011faz vuru\u015fu sa\u011flar.<\/span><\/li>\n<li data-hveid=\"CAEIBRAD\" data-complete=\"true\" data-sae=\"\"><span class=\"T286Pc\" data-sfc-cp=\"\" data-complete=\"true\"><strong class=\"Yjhzub\" data-complete=\"true\">Puf Say\u0131s\u0131<\/strong>: Her bir 2 ml&#8217;lik kaps\u00fcl, yakla\u015f\u0131k\u00a0<strong class=\"Yjhzub\" data-complete=\"true\">1000 pufa<\/strong>\u00a0kadar kullan\u0131m sunabilir, bu da 2&#8217;li paket ba\u015f\u0131na yakla\u015f\u0131k 2000 puf demektir.<\/span><\/li>\n<li data-hveid=\"CAEIBRAE\" data-complete=\"true\" data-sae=\"\"><span class=\"T286Pc\" data-sfc-cp=\"\" data-complete=\"true\"><strong class=\"Yjhzub\" data-complete=\"true\">Teknoloji<\/strong>: VEEV ONE, tutarl\u0131 aroma sunumu ve yan\u0131k tat hissini \u00f6nlemek i\u00e7in tasarlanm\u0131\u015f kompakt bir seramik \u0131s\u0131tma teknolojisi ve d\u00fc\u015f\u00fck s\u0131v\u0131 tespit sistemi kullan\u0131r.<\/span><\/li>\n<\/ul>\n<\/li>\n<li data-hveid=\"CAEIBRAF\" data-complete=\"true\" data-sae=\"\"><span class=\"T286Pc\" data-sfc-cp=\"\" data-complete=\"true\" aria-owns=\"action-menu-parent-container\"><strong class=\"Yjhzub\" data-complete=\"true\">VEEV NOW Strawberry (Tek Kullan\u0131ml\u0131k)<\/strong>: Bu, bak\u0131m gerektirmeyen, \u015farj edilmeyen veya yeniden doldurulmayan, kullan\u0131ma haz\u0131r tek kullan\u0131ml\u0131k bir cihazd\u0131r.<\/span><\/li>\n<\/ul>","protected":false},"featured_media":6309,"comment_status":"open","ping_status":"closed","template":"","meta":[],"product_brand":[],"product_cat":[116],"product_tag":[],"class_list":{"0":"post-6308","1":"product","2":"type-product","3":"status-publish","4":"has-post-thumbnail","6":"product_cat-iqos-veev","8":"first","9":"instock","10":"taxable","11":"shipping-taxable","12":"purchasable","13":"product-type-simple"},"_links":{"self":[{"href":"https:\/\/iqosprime.com\/en\/wp-json\/wp\/v2\/product\/6308","targetHints":{"allow":["GET"]}}],"collection":[{"href":"https:\/\/iqosprime.com\/en\/wp-json\/wp\/v2\/product"}],"about":[{"href":"https:\/\/iqosprime.com\/en\/wp-json\/wp\/v2\/types\/product"}],"replies":[{"embeddable":true,"href":"https:\/\/iqosprime.com\/en\/wp-json\/wp\/v2\/comments?post=6308"}],"wp:featuredmedia":[{"embeddable":true,"href":"https:\/\/iqosprime.com\/en\/wp-json\/wp\/v2\/media\/6309"}],"wp:attachment":[{"href":"https:\/\/iqosprime.com\/en\/wp-json\/wp\/v2\/media?parent=6308"}],"wp:term":[{"taxonomy":"product_brand","embeddable":true,"href":"https:\/\/iqosprime.com\/en\/wp-json\/wp\/v2\/product_brand?post=6308"},{"taxonomy":"product_cat","embeddable":true,"href":"https:\/\/iqosprime.com\/en\/wp-json\/wp\/v2\/product_cat?post=6308"},{"taxonomy":"product_tag","embeddable":true,"href":"https:\/\/iqosprime.com\/en\/wp-json\/wp\/v2\/product_tag?post=6308"}],"curies":[{"name":"wp","href":"https:\/\/api.w.org\/{rel}","templated":true}]}}