{"id":6311,"date":"2026-02-22T17:34:12","date_gmt":"2026-02-22T14:34:12","guid":{"rendered":"https:\/\/iqosprime.com\/?post_type=product&#038;p=6311"},"modified":"2026-02-26T23:31:52","modified_gmt":"2026-02-26T20:31:52","slug":"veev-blueberyy","status":"publish","type":"product","link":"https:\/\/iqosprime.com\/en\/product\/veev-blueberyy\/","title":{"rendered":"VEEV : BLUEBERRY"},"content":{"rendered":"<div class=\"Y3BBE\" data-sfc-cp=\"\" data-hveid=\"CAEIBBAA\" data-complete=\"true\" data-processed=\"true\">VEEV ONE, yeniden \u015farj edilebilir bir pod mod sistemidir ve Blueberry aromas\u0131 bu cihazla uyumlu \u00f6nceden doldurulmu\u015f podlar halinde sunulur.<span class=\"uJ19be notranslate\" data-wiz-uids=\"f2QJB_t,f2QJB_u\" data-complete=\"true\" data-processed=\"true\"><span class=\"vKEkVd\" data-animation-atomic=\"\" data-wiz-attrbind=\"class=f2QJB_s\/TKHnVd\" data-sae=\"\"><span aria-hidden=\"true\">\u00a0<\/span><button class=\"rBl3me IWyTpf pjvauc\" tabindex=\"0\" data-amic=\"true\" data-icl-uuid=\"1d9bc724-6bf3-43e6-bd11-5dad4415edff\" aria-label=\"www.veev-vape.com (+1) - \u0130lgili ba\u011flant\u0131lar\u0131 g\u00f6ster\" data-wiz-attrbind=\"disabled=f2QJB_s\/C5gNJc;aria-label=f2QJB_s\/bOjMyf;class=f2QJB_s\/UpSNec\" data-ved=\"2ahUKEwju_PutqO2SAxXugv0HHQNfM8IQye0OegYIAQgEEAE\"><\/button><\/span><\/span><\/div>\n<ul class=\"KsbFXc U6u95\" data-complete=\"true\" data-processed=\"true\">\n<li data-hveid=\"CAEIBRAA\" data-complete=\"true\" data-sae=\"\"><span class=\"T286Pc\" data-sfc-cp=\"\" data-complete=\"true\"><strong class=\"Yjhzub\" data-complete=\"true\">Aroma Profili:<\/strong>\u00a0Yo\u011fun, yuvarlak, yabani yaban mersini notalar\u0131 ve hafif bir so\u011futma hissi ile dengelenmi\u015f bir lezzet sunar.<\/span><\/li>\n<li data-hveid=\"CAEIBRAB\" data-complete=\"true\" data-sae=\"\"><span class=\"T286Pc\" data-sfc-cp=\"\" data-complete=\"true\"><strong class=\"Yjhzub\" data-complete=\"true\">Nikotin G\u00fcc\u00fc:<\/strong>\u00a0Genellikle 1.8% (20mg\/ml) nikotin tuzu g\u00fcc\u00fcnde bulunur, bu da bo\u011faz vuru\u015funu yumu\u015fat\u0131r ve h\u0131zl\u0131 nikotin doyumu sa\u011flar.<\/span><\/li>\n<li data-hveid=\"CAEIBRAC\" data-complete=\"true\" data-sae=\"\"><span class=\"T286Pc\" data-sfc-cp=\"\" data-complete=\"true\"><strong class=\"Yjhzub\" data-complete=\"true\">Kullan\u0131m:<\/strong>\u00a0Her bir pod 2 mL e-likit i\u00e7erir ve yakla\u015f\u0131k 1000&#8217;e kadar nefes (puff) sa\u011flar (paket ba\u015f\u0131na 2 pod, toplam 2000 puff). Podlar, cihazla manyetik bir konekt\u00f6rle kolayca tak\u0131l\u0131p \u00e7\u0131kar\u0131labilir, s\u0131z\u0131nt\u0131 veya dolum gerektirmez.<\/span><\/li>\n<li data-hveid=\"CAEIBRAD\" data-complete=\"true\" data-sae=\"\"><span class=\"T286Pc\" data-sfc-cp=\"\" data-complete=\"true\" aria-owns=\"action-menu-parent-container\"><strong class=\"Yjhzub\" data-complete=\"true\">Teknoloji:<\/strong>\u00a0Cihaz, tutarl\u0131 lezzet sa\u011flamak ve yan\u0131k tad\u0131 \u00f6nlemek i\u00e7in d\u00fc\u015f\u00fck s\u0131v\u0131 alg\u0131lama sistemine sahip kompakt seramik \u0131s\u0131tma teknolojis<\/span><\/li>\n<\/ul>","protected":false},"excerpt":{"rendered":"<ul class=\"KsbFXc U6u95\" data-complete=\"true\" data-processed=\"true\">\n<li data-hveid=\"CAEIBRAA\" data-complete=\"true\" data-sae=\"\"><span class=\"T286Pc\" data-sfc-cp=\"\" data-complete=\"true\"><strong class=\"Yjhzub\" data-complete=\"true\">Aroma Profili:<\/strong>\u00a0Yo\u011fun, yuvarlak, yabani yaban mersini notalar\u0131 ve hafif bir so\u011futma hissi ile dengelenmi\u015f bir lezzet sunar.<\/span><\/li>\n<li data-hveid=\"CAEIBRAB\" data-complete=\"true\" data-sae=\"\"><span class=\"T286Pc\" data-sfc-cp=\"\" data-complete=\"true\"><strong class=\"Yjhzub\" data-complete=\"true\">Nikotin G\u00fcc\u00fc:<\/strong>\u00a0Genellikle 1.8% (20mg\/ml) nikotin tuzu g\u00fcc\u00fcnde bulunur, bu da bo\u011faz vuru\u015funu yumu\u015fat\u0131r ve h\u0131zl\u0131 nikotin doyumu sa\u011flar.<\/span><\/li>\n<li data-hveid=\"CAEIBRAC\" data-complete=\"true\" data-sae=\"\"><span class=\"T286Pc\" data-sfc-cp=\"\" data-complete=\"true\"><strong class=\"Yjhzub\" data-complete=\"true\">Kullan\u0131m:<\/strong>\u00a0Her bir pod 2 mL e-likit i\u00e7erir ve yakla\u015f\u0131k 1000&#8217;e kadar nefes (puff) sa\u011flar (paket ba\u015f\u0131na 2 pod, toplam 2000 puff). Podlar, cihazla manyetik bir konekt\u00f6rle kolayca tak\u0131l\u0131p \u00e7\u0131kar\u0131labilir, s\u0131z\u0131nt\u0131 veya dolum gerektirmez.<\/span><\/li>\n<li data-hveid=\"CAEIBRAD\" data-complete=\"true\" data-sae=\"\"><span class=\"T286Pc\" data-sfc-cp=\"\" data-complete=\"true\" aria-owns=\"action-menu-parent-container\"><strong class=\"Yjhzub\" data-complete=\"true\">Teknoloji:<\/strong>\u00a0Cihaz, tutarl\u0131 lezzet sa\u011flamak ve yan\u0131k tad\u0131 \u00f6nlemek i\u00e7in d\u00fc\u015f\u00fck s\u0131v\u0131 alg\u0131lama sistemine sahip kompakt seramik \u0131s\u0131tma teknolojis<\/span><\/li>\n<\/ul>","protected":false},"featured_media":6312,"comment_status":"open","ping_status":"closed","template":"","meta":[],"product_brand":[],"product_cat":[116],"product_tag":[],"class_list":{"0":"post-6311","1":"product","2":"type-product","3":"status-publish","4":"has-post-thumbnail","6":"product_cat-iqos-veev","8":"first","9":"instock","10":"taxable","11":"shipping-taxable","12":"purchasable","13":"product-type-simple"},"_links":{"self":[{"href":"https:\/\/iqosprime.com\/en\/wp-json\/wp\/v2\/product\/6311","targetHints":{"allow":["GET"]}}],"collection":[{"href":"https:\/\/iqosprime.com\/en\/wp-json\/wp\/v2\/product"}],"about":[{"href":"https:\/\/iqosprime.com\/en\/wp-json\/wp\/v2\/types\/product"}],"replies":[{"embeddable":true,"href":"https:\/\/iqosprime.com\/en\/wp-json\/wp\/v2\/comments?post=6311"}],"wp:featuredmedia":[{"embeddable":true,"href":"https:\/\/iqosprime.com\/en\/wp-json\/wp\/v2\/media\/6312"}],"wp:attachment":[{"href":"https:\/\/iqosprime.com\/en\/wp-json\/wp\/v2\/media?parent=6311"}],"wp:term":[{"taxonomy":"product_brand","embeddable":true,"href":"https:\/\/iqosprime.com\/en\/wp-json\/wp\/v2\/product_brand?post=6311"},{"taxonomy":"product_cat","embeddable":true,"href":"https:\/\/iqosprime.com\/en\/wp-json\/wp\/v2\/product_cat?post=6311"},{"taxonomy":"product_tag","embeddable":true,"href":"https:\/\/iqosprime.com\/en\/wp-json\/wp\/v2\/product_tag?post=6311"}],"curies":[{"name":"wp","href":"https:\/\/api.w.org\/{rel}","templated":true}]}}