{"id":6514,"date":"2026-02-26T21:45:20","date_gmt":"2026-02-26T18:45:20","guid":{"rendered":"https:\/\/iqosprime.com\/?post_type=product&#038;p=6514"},"modified":"2026-02-26T23:28:42","modified_gmt":"2026-02-26T20:28:42","slug":"veev-one-cihaz-gren","status":"publish","type":"product","link":"https:\/\/iqosprime.com\/en\/product\/veev-one-cihaz-gren\/","title":{"rendered":"VEEV ONE C\u0130HAZ : GREN"},"content":{"rendered":"","protected":false},"excerpt":{"rendered":"<div class=\"product-short-description\">\n<p>Iqos Veev One Cihaz, yenilik\u00e7i teknolojisi ve \u015f\u0131k tasar\u0131m\u0131yla dikkat \u00e7eken bir elektronik sigara cihaz\u0131d\u0131r. Bu cihaz, kullan\u0131c\u0131lar\u0131na y\u00fcksek performans ve konfor sunmak i\u00e7in tasarlanm\u0131\u015ft\u0131r.<\/p>\n<\/div>","protected":false},"featured_media":6509,"comment_status":"open","ping_status":"closed","template":"","meta":[],"product_brand":[],"product_cat":[117],"product_tag":[],"class_list":{"0":"post-6514","1":"product","2":"type-product","3":"status-publish","4":"has-post-thumbnail","6":"product_cat-veev-one-cihaz","8":"first","9":"instock","10":"taxable","11":"shipping-taxable","12":"purchasable","13":"product-type-simple"},"_links":{"self":[{"href":"https:\/\/iqosprime.com\/en\/wp-json\/wp\/v2\/product\/6514","targetHints":{"allow":["GET"]}}],"collection":[{"href":"https:\/\/iqosprime.com\/en\/wp-json\/wp\/v2\/product"}],"about":[{"href":"https:\/\/iqosprime.com\/en\/wp-json\/wp\/v2\/types\/product"}],"replies":[{"embeddable":true,"href":"https:\/\/iqosprime.com\/en\/wp-json\/wp\/v2\/comments?post=6514"}],"wp:featuredmedia":[{"embeddable":true,"href":"https:\/\/iqosprime.com\/en\/wp-json\/wp\/v2\/media\/6509"}],"wp:attachment":[{"href":"https:\/\/iqosprime.com\/en\/wp-json\/wp\/v2\/media?parent=6514"}],"wp:term":[{"taxonomy":"product_brand","embeddable":true,"href":"https:\/\/iqosprime.com\/en\/wp-json\/wp\/v2\/product_brand?post=6514"},{"taxonomy":"product_cat","embeddable":true,"href":"https:\/\/iqosprime.com\/en\/wp-json\/wp\/v2\/product_cat?post=6514"},{"taxonomy":"product_tag","embeddable":true,"href":"https:\/\/iqosprime.com\/en\/wp-json\/wp\/v2\/product_tag?post=6514"}],"curies":[{"name":"wp","href":"https:\/\/api.w.org\/{rel}","templated":true}]}}